{"id":1224,"date":"2025-09-17T09:56:47","date_gmt":"2025-09-17T07:56:47","guid":{"rendered":"https:\/\/boreait.com\/hu\/?post_type=product&#038;p=1224"},"modified":"2025-09-17T09:58:20","modified_gmt":"2025-09-17T07:58:20","slug":"hp-probook-4710s-also-tok-alapburkolat-also","status":"publish","type":"product","link":"https:\/\/boreait.com\/hu\/termek\/hp-probook-4710s-also-tok-alapburkolat-also\/","title":{"rendered":"HP Probook 4710S als\u00f3 tok, alapburkolat, als\u00f3"},"content":{"rendered":"<p>A HP Probook 4710S als\u00f3 tok alapburkolat\u00e1nak alja egy hiteles cserealkatr\u00e9sz, amelyet kifejezetten a HP Probook 4710S sorozat\u00fa laptopokhoz terveztek. A laptop h\u00e1z\u00e1nak elengedhetetlen r\u00e9szek\u00e9nt az als\u00f3 h\u00e1z alapburkolata szerkezeti integrit\u00e1st biztos\u00edt, \u00e9s v\u00e9di a bels\u0151 alkatr\u00e9szeket, biztos\u00edtva a k\u00e9sz\u00fcl\u00e9k zavartalan m\u0171k\u00f6d\u00e9s\u00e9t.<\/p>\n<p>A HP szak\u00e9rt\u0151 m\u00e9rn\u00f6kei \u00e1ltal tervezett als\u00f3 tok alapburkolat garant\u00e1lja a pontos illeszked\u00e9st, \u00e9s t\u00f6k\u00e9letesen illeszkedik a laptop t\u00f6bbi alkatr\u00e9sz\u00e9hez. Ha a HP Probook 4710S als\u00f3 tok alapburkolat\u00e1nak alj\u00e1t v\u00e1lasztja, biztos lehet benne, hogy olyan kiv\u00e1l\u00f3 min\u0151s\u00e9g\u0171 term\u00e9ket kap, amely megfelel a HP szigor\u00fa teljes\u00edtm\u00e9ny- \u00e9s tart\u00f3ss\u00e1gi k\u00f6vetelm\u00e9nyeinek.<\/p>\n<p>A tok als\u00f3 burkolat\u00e1nak felszerel\u00e9sekor elengedhetetlen, hogy k\u00f6vesse a gy\u00e1rt\u00f3 \u00e1ltal javasolt ir\u00e1nyelveket, vagy k\u00e9rjen szakembert, hogy elker\u00fclje a laptop vagy annak alkatr\u00e9szeinek s\u00e9r\u00fcl\u00e9s\u00e9t. A HP azt javasolja, hogy csak eredeti OEM-alkatr\u00e9szeket haszn\u00e1ljon a cser\u00e9hez, hogy meg\u0151rizze a laptop eredeti kialak\u00edt\u00e1s\u00e1t \u00e9s m\u0171k\u00f6d\u00e9s\u00e9t.<\/p>\n<p>A s\u00e9r\u00fclt vagy elhaszn\u00e1l\u00f3dott als\u00f3 h\u00e1z alapburkolat\u00e1nak cser\u00e9je elengedhetetlen a HP Probook 4710S sorozat\u00fa laptop bels\u0151 alkatr\u00e9szeinek v\u00e9delme \u00e9s \u00e9lettartam\u00e1nak meghosszabb\u00edt\u00e1sa szempontj\u00e1b\u00f3l. A HP Probook 4710S als\u00f3 tok alapburkolat\u00e1nak alja t\u00f6k\u00e9letes v\u00e1laszt\u00e1s a laptop h\u00e1z\u00e1nak eredeti \u00e1llapot\u00e1nak vissza\u00e1ll\u00edt\u00e1s\u00e1hoz.<\/p>\n<p>\u00d6sszefoglalva, a HP Probook 4710S als\u00f3 tok alapburkolat\u00e1nak alja egy eredeti cserealkatr\u00e9sz, amely szerkezeti t\u00e1mogat\u00e1st \u00e9s v\u00e9delmet k\u00edn\u00e1l a HP Probook 4710S sorozat\u00fa laptopok bels\u0151 alkatr\u00e9szei sz\u00e1m\u00e1ra. Ezzel az OEM als\u00f3 burkolattal biztos\u00edthatja laptopja integrit\u00e1s\u00e1t, mik\u00f6zben meg\u0151rzi annak kialak\u00edt\u00e1s\u00e1t \u00e9s funkcionalit\u00e1s\u00e1t.<\/p>\n","protected":false},"excerpt":{"rendered":"<p>A HP Probook 4710S als\u00f3 tok alapburkolat\u00e1nak alja egy eredeti cserealkatr\u00e9sz, amelyet a HP Probook 4710S sorozat\u00fa laptopokhoz terveztek. Ez az als\u00f3 tok alapburkolat v\u00e9delmet \u00e9s szerkezeti t\u00e1mogat\u00e1st ny\u00fajt a laptop bels\u0151 alkatr\u00e9szeinek.<\/p>\n","protected":false},"featured_media":1295,"template":"","meta":[],"product_brand":[],"product_cat":[16],"product_tag":[25],"class_list":{"0":"post-1224","1":"product","2":"type-product","3":"status-publish","4":"has-post-thumbnail","6":"product_cat-laptop-housing","7":"product_tag-hp","9":"first","10":"instock","11":"taxable","12":"shipping-taxable","13":"purchasable","14":"product-type-simple"},"_links":{"self":[{"href":"https:\/\/boreait.com\/hu\/wp-json\/wp\/v2\/product\/1224","targetHints":{"allow":["GET"]}}],"collection":[{"href":"https:\/\/boreait.com\/hu\/wp-json\/wp\/v2\/product"}],"about":[{"href":"https:\/\/boreait.com\/hu\/wp-json\/wp\/v2\/types\/product"}],"wp:featuredmedia":[{"embeddable":true,"href":"https:\/\/boreait.com\/hu\/wp-json\/wp\/v2\/media\/1295"}],"wp:attachment":[{"href":"https:\/\/boreait.com\/hu\/wp-json\/wp\/v2\/media?parent=1224"}],"wp:term":[{"taxonomy":"product_brand","embeddable":true,"href":"https:\/\/boreait.com\/hu\/wp-json\/wp\/v2\/product_brand?post=1224"},{"taxonomy":"product_cat","embeddable":true,"href":"https:\/\/boreait.com\/hu\/wp-json\/wp\/v2\/product_cat?post=1224"},{"taxonomy":"product_tag","embeddable":true,"href":"https:\/\/boreait.com\/hu\/wp-json\/wp\/v2\/product_tag?post=1224"}],"curies":[{"name":"wp","href":"https:\/\/api.w.org\/{rel}","templated":true}]}}