{"id":12239,"date":"2025-09-17T13:39:47","date_gmt":"2025-09-17T11:39:47","guid":{"rendered":"https:\/\/boreait.com\/hu\/?post_type=product&#038;p=12239"},"modified":"2026-02-09T11:58:54","modified_gmt":"2026-02-09T10:58:54","slug":"lcd-zsanerfedel-lenovo-ideapad-3-17are05-81w5-eredeti-laptop-alkatresz","status":"publish","type":"product","link":"https:\/\/boreait.com\/hu\/termek\/lcd-zsanerfedel-lenovo-ideapad-3-17are05-81w5-eredeti-laptop-alkatresz\/","title":{"rendered":"LCD zsan\u00e9rfed\u00e9l Lenovo IdeaPad 3 17ARE05 81W5 | Eredeti laptop alkatr\u00e9sz"},"content":{"rendered":"<p data-start=\"578\" data-end=\"832\">Kiv\u00e1l\u00f3 min\u0151s\u00e9g\u0171 cserealkatr\u00e9szt keres Lenovo IdeaPad 3 k\u00e9sz\u00fcl\u00e9k\u00e9hez? Ezt az <strong data-start=\"654\" data-end=\"673\">LCD zsan\u00e9rburkolatot<\/strong> kifejezetten a <strong data-start=\"707\" data-end=\"748\">Lenovo IdeaPad 3 17ARE05 (81W5 modell)<\/strong> sz\u00e1m\u00e1ra tervezt\u00e9k, \u00e9s t\u00f6k\u00e9letesen illeszkedik, ha a megl\u00e9v\u0151 zsan\u00e9rburkolat elt\u00f6rt, megrepedt vagy hi\u00e1nyzik.<\/p>\n<p data-start=\"834\" data-end=\"859\">\ud83d\udee0\ufe0f <strong data-start=\"838\" data-end=\"859\">Term\u00e9kjellemz\u0151k:<\/strong><\/p>\n<ul data-start=\"860\" data-end=\"1209\">\n<li data-start=\"860\" data-end=\"931\">\n<p data-start=\"862\" data-end=\"931\">\u2705 <strong data-start=\"864\" data-end=\"887\">Eredeti laptop alkatr\u00e9sz<\/strong> \u2013 nem \u00e1ltal\u00e1nos vagy harmadik f\u00e9lt\u0151l sz\u00e1rmaz\u00f3 csere.<\/p>\n<\/li>\n<li data-start=\"932\" data-end=\"993\">\n<p data-start=\"934\" data-end=\"993\">\u2705 Csak a <strong data-start=\"952\" data-end=\"987\">Lenovo IdeaPad 3 17ARE05 (81W5)<\/strong> k\u00e9sz\u00fcl\u00e9kkel kompatibilis.<\/p>\n<\/li>\n<li data-start=\"994\" data-end=\"1052\">\n<p data-start=\"996\" data-end=\"1052\">\u2705 A k\u00e9perny\u0151 csukl\u00f3p\u00e1ntj\u00e1nak v\u00e9delm\u00e9re \u00e9s elrejt\u00e9s\u00e9re tervezt\u00e9k.<\/p>\n<\/li>\n<li data-start=\"1053\" data-end=\"1107\">\n<p data-start=\"1055\" data-end=\"1107\">\u2705 Tart\u00f3s m\u0171anyag konstrukci\u00f3 a tart\u00f3s illeszked\u00e9s\u00e9rt.<\/p>\n<\/li>\n<li data-start=\"1108\" data-end=\"1163\">\n<p data-start=\"1110\" data-end=\"1163\">\u2705 <strong data-start=\"1112\" data-end=\"1127\">Val\u00f3di fot\u00f3k<\/strong> \u2013 pontosan azt kapod, amit l\u00e1tsz.<\/p>\n<\/li>\n<li data-start=\"1164\" data-end=\"1209\">\n<p data-start=\"1166\" data-end=\"1209\">\u2705 Gondosan ellen\u0151rizve \u00e9s telep\u00edt\u00e9sre k\u00e9szen.<\/p>\n<\/li>\n<\/ul>\n<p data-start=\"1211\" data-end=\"1470\">\ud83d\udca1 Ez a r\u00e9sz ide\u00e1lis azoknak a felhaszn\u00e1l\u00f3knak, akik otthon jav\u00edtj\u00e1k laptopjukat, vagy olyan technikusoknak, akiknek megb\u00edzhat\u00f3 laptop-alkatr\u00e9szekre van sz\u00fcks\u00e9g\u00fck. B\u00e1r nem adunk telep\u00edt\u00e9si utas\u00edt\u00e1sokat, nyugodtan \u00edrhat nek\u00fcnk, ha seg\u00edts\u00e9gre van sz\u00fcks\u00e9ge, vagy k\u00e9rd\u00e9se van a kompatibilit\u00e1st illet\u0151en.<\/p>\n<p data-start=\"1472\" data-end=\"1532\">\ud83d\uddfa\ufe0f <strong data-start=\"1476\" data-end=\"1532\">Eur\u00f3pai sz\u00e1ll\u00edt\u00e1sok, vil\u00e1gszerte el\u00e9rhet\u0151 sz\u00e1ll\u00edt\u00e1ssal.<\/strong><\/p>\n<p data-start=\"1534\" data-end=\"1684\">Vissza\u00e1ll\u00edtsa laptopja eredeti megjelen\u00e9s\u00e9t ezzel az eredeti zsan\u00e9rbor\u00edt\u00e1ssal \u2013 m\u00e1r el\u00e9rhet\u0151 a <strong data-start=\"1619\" data-end=\"1633\">Siggmo<\/strong> webhelyen, amely a min\u0151s\u00e9gi <strong data-start=\"1667\" data-end=\"1667\" data-end=\"1667\"<\/strong><\/strong><\/strong><\/strong> data-end=&#8221;168&#8243; alkatr\u00e9szek megb\u00edzhat\u00f3 forr\u00e1sa.<\/p>\n","protected":false},"excerpt":{"rendered":"<p>Eredeti LCD zsan\u00e9rburkolat Lenovo IdeaPad 3 17ARE05 (81W5) k\u00e9sz\u00fcl\u00e9khez. T\u00f6k\u00e9letes cserealkatr\u00e9sz s\u00e9r\u00fclt vagy hi\u00e1nyz\u00f3 zsan\u00e9rburkolatokhoz.<\/p>\n","protected":false},"featured_media":12300,"template":"","meta":[],"product_brand":[],"product_cat":[16],"product_tag":[26],"class_list":{"0":"post-12239","1":"product","2":"type-product","3":"status-publish","4":"has-post-thumbnail","6":"product_cat-laptop-housing","7":"product_tag-lenovo","9":"first","10":"instock","11":"taxable","12":"shipping-taxable","13":"purchasable","14":"product-type-simple"},"_links":{"self":[{"href":"https:\/\/boreait.com\/hu\/wp-json\/wp\/v2\/product\/12239","targetHints":{"allow":["GET"]}}],"collection":[{"href":"https:\/\/boreait.com\/hu\/wp-json\/wp\/v2\/product"}],"about":[{"href":"https:\/\/boreait.com\/hu\/wp-json\/wp\/v2\/types\/product"}],"wp:featuredmedia":[{"embeddable":true,"href":"https:\/\/boreait.com\/hu\/wp-json\/wp\/v2\/media\/12300"}],"wp:attachment":[{"href":"https:\/\/boreait.com\/hu\/wp-json\/wp\/v2\/media?parent=12239"}],"wp:term":[{"taxonomy":"product_brand","embeddable":true,"href":"https:\/\/boreait.com\/hu\/wp-json\/wp\/v2\/product_brand?post=12239"},{"taxonomy":"product_cat","embeddable":true,"href":"https:\/\/boreait.com\/hu\/wp-json\/wp\/v2\/product_cat?post=12239"},{"taxonomy":"product_tag","embeddable":true,"href":"https:\/\/boreait.com\/hu\/wp-json\/wp\/v2\/product_tag?post=12239"}],"curies":[{"name":"wp","href":"https:\/\/api.w.org\/{rel}","templated":true}]}}