{"id":12226,"date":"2025-09-17T13:39:24","date_gmt":"2025-09-17T11:39:24","guid":{"rendered":"https:\/\/boreait.com\/hu\/?post_type=product&#038;p=12226"},"modified":"2025-09-17T13:41:24","modified_gmt":"2025-09-17T11:41:24","slug":"ibm-390x-laptop-pci-modemkartya-10l1296-eredeti-laptop-alkatresz","status":"publish","type":"product","link":"https:\/\/boreait.com\/hu\/termek\/ibm-390x-laptop-pci-modemkartya-10l1296-eredeti-laptop-alkatresz\/","title":{"rendered":"IBM 390X laptop PCI modemk\u00e1rtya 10L1296 \u2013 Eredeti laptop alkatr\u00e9sz"},"content":{"rendered":"<p data-start=\"661\" data-end=\"888\">Csere <strong data-start=\"687\" data-end=\"705\">PCI modemk\u00e1rty\u00e1t<\/strong> keres r\u00e9gi IBM ThinkPad 390X laptopj\u00e1hoz? Ez az <strong data-start=\"761\" data-end=\"796\">eredeti IBM 10L1296 modemk\u00e1rtya<\/strong>, tesztelve \u00e9s telep\u00edt\u00e9sre k\u00e9szen \u2013 ide\u00e1lis a klasszikus ThinkPad rendszer helyre\u00e1ll\u00edt\u00e1s\u00e1hoz vagy jav\u00edt\u00e1s\u00e1hoz.<\/p>\n<p data-start=\"890\" data-end=\"1055\">Ez a r\u00e9sz t\u00f6k\u00e9letes laptopgy\u0171jt\u0151knek, -fel\u00faj\u00edt\u00f3knak vagy a r\u00e9gi laptopok jav\u00edt\u00e1s\u00e1n dolgoz\u00f3 technikusoknak. Ez egy <strong data-start=\"1004\" data-end=\"1027\">eredeti laptop-alkatr\u00e9sz<\/strong>, nem egy \u00e1ltal\u00e1nos alternat\u00edva.<\/p>\n<p data-start=\"1057\" data-end=\"1376\">\u2714\ufe0f <strong data-start=\"1060\" data-end=\"1080\">Kompatibilis modell<\/strong>: IBM ThinkPad 390X<br data-start=\"1099\" data-end=\"1102\" \/>\u2714\ufe0f-1 data=&#8221;0Par5&#8243;tart2\ufe0f-1 data Sz\u00e1m<\/strong>: 10L1296<br data-start=\"1129\" data-end=\"1132\" \/>\u2714\ufe0f <strong data-start=\"1135\" data-end=\"1143\">T\u00edpus<\/strong>: Bels\u0151 PCI modemk\u00e1rtya<br data-start=\"1168\" data-end=\"1171\" \/>1 data&#8221; adatok data-start=&#8221;1282&#8243; data-end=&#8221;1292&#8243;>Fot\u00f3k<\/strong>: aktu\u00e1lis t\u00e9telfot\u00f3k \u2013 nincsenek stock k\u00e9pek. Amit l\u00e1tsz, pontosan azt kapod.<\/p>\n<hr data-start=\"1378\" data-end=\"1381\" \/>\n<p data-start=\"1383\" data-end=\"1486\"><strong data-start=\"1383\" data-end=\"1392\">Megjegyz\u00e9s:<\/strong> A telep\u00edt\u00e9si utas\u00edt\u00e1sokat nem adjuk meg, de nyugodtan \u00edrjon nek\u00fcnk, ha \u00fatmutat\u00e1sra van sz\u00fcks\u00e9ge.<\/p>\n<p data-start=\"1488\" data-end=\"1630\">Ak\u00e1r klasszikus g\u00e9pet \u00e1ll\u00edt vissza, ak\u00e1r <strong data-start=\"1543\" data-end=\"1572\">nehezen beszerezhet\u0151 laptop alkatr\u00e9szeket<\/strong> szerez be, ez az eredeti PCI modemk\u00e1rtya seg\u00edt a munka elv\u00e9gz\u00e9s\u00e9ben.<\/p>\n","protected":false},"excerpt":{"rendered":"<p>Eredeti IBM 390X PCI modemk\u00e1rtya (10L1296) vintage ThinkPad laptopokhoz. Val\u00f3di r\u00e9szfot\u00f3k \u2013 amit l\u00e1tsz, azt kapod.<\/p>\n","protected":false},"featured_media":12287,"template":"","meta":[],"product_brand":[],"product_cat":[27],"product_tag":[26],"class_list":{"0":"post-12226","1":"product","2":"type-product","3":"status-publish","4":"has-post-thumbnail","6":"product_cat-motherboards-board-parts","7":"product_tag-lenovo","9":"first","10":"instock","11":"taxable","12":"shipping-taxable","13":"purchasable","14":"product-type-simple"},"_links":{"self":[{"href":"https:\/\/boreait.com\/hu\/wp-json\/wp\/v2\/product\/12226","targetHints":{"allow":["GET"]}}],"collection":[{"href":"https:\/\/boreait.com\/hu\/wp-json\/wp\/v2\/product"}],"about":[{"href":"https:\/\/boreait.com\/hu\/wp-json\/wp\/v2\/types\/product"}],"wp:featuredmedia":[{"embeddable":true,"href":"https:\/\/boreait.com\/hu\/wp-json\/wp\/v2\/media\/12287"}],"wp:attachment":[{"href":"https:\/\/boreait.com\/hu\/wp-json\/wp\/v2\/media?parent=12226"}],"wp:term":[{"taxonomy":"product_brand","embeddable":true,"href":"https:\/\/boreait.com\/hu\/wp-json\/wp\/v2\/product_brand?post=12226"},{"taxonomy":"product_cat","embeddable":true,"href":"https:\/\/boreait.com\/hu\/wp-json\/wp\/v2\/product_cat?post=12226"},{"taxonomy":"product_tag","embeddable":true,"href":"https:\/\/boreait.com\/hu\/wp-json\/wp\/v2\/product_tag?post=12226"}],"curies":[{"name":"wp","href":"https:\/\/api.w.org\/{rel}","templated":true}]}}