{"id":12219,"date":"2025-09-17T13:39:00","date_gmt":"2025-09-17T11:39:00","guid":{"rendered":"https:\/\/boreait.com\/hu\/?post_type=product&#038;p=12219"},"modified":"2025-09-17T13:41:21","modified_gmt":"2025-09-17T11:41:21","slug":"ibm-390x-ram-05p4794-128mb-pc100-100mhz-cl2-nem-ecc-laptop-memoriamodul","status":"publish","type":"product","link":"https:\/\/boreait.com\/hu\/termek\/ibm-390x-ram-05p4794-128mb-pc100-100mhz-cl2-nem-ecc-laptop-memoriamodul\/","title":{"rendered":"IBM 390X RAM 05P4794 128MB PC100 100MHz CL2 nem ECC laptop mem\u00f3riamodul"},"content":{"rendered":"<p data-start=\"633\" data-end=\"837\">Friss\u00edtse r\u00e9gi IBM ThinkPad 390X k\u00e9sz\u00fcl\u00e9k\u00e9t ezzel az eredeti IBM 05P4794 laptop mem\u00f3riamodullal. Ez a 128 MB-os PC100 SDRAM, amelyet kifejezetten a r\u00e9gi rendszerekhez terveztek, megb\u00edzhat\u00f3 teljes\u00edtm\u00e9nyt \u00e9s kompatibilit\u00e1st k\u00edn\u00e1l.<\/p>\n<p data-start=\"839\" data-end=\"865\">\ud83d\udd27 <strong data-start=\"842\" data-end=\"865\">F\u0151bb jellemz\u0151k:<\/strong><\/p>\n<ul data-start=\"866\" data-end=\"1132\">\n<li data-start=\"866\" data-end=\"887\">\n<p data-start=\"868\" data-end=\"887\">Kapacit\u00e1s: <strong data-start=\"878\" data-end=\"887\">128 MB<\/strong><\/p>\n<\/li>\n<li data-start=\"888\" data-end=\"915\">\n<p data-start=\"890\" data-end=\"915\">Sebess\u00e9g: <strong data-start=\"897\" data-end=\"915\">100MHz (PC100)<\/strong><\/p>\n<\/li>\n<li data-start=\"916\" data-end=\"954\">\n<p data-start=\"918\" data-end=\"954\">T\u00edpus: <strong data-start=\"924\" data-end=\"954\">SDRAM, nem ECC, nem pufferelt<\/strong><\/p>\n<\/li>\n<li data-start=\"955\" data-end=\"977\">\n<p data-start=\"957\" data-end=\"977\">CAS k\u00e9s\u00e9s: <strong data-start=\"970\" data-end=\"977\">CL2<\/strong><\/p>\n<\/li>\n<li data-start=\"978\" data-end=\"1004\">\n<p data-start=\"980\" data-end=\"1004\">Alkatr\u00e9szsz\u00e1m: <strong data-start=\"993\" data-end=\"1004\">05P4794<\/strong><\/p>\n<\/li>\n<li data-start=\"1005\" data-end=\"1046\">\n<p data-start=\"1007\" data-end=\"1046\">Kompatibilis modell: <strong data-start=\"1025\" data-end=\"1046\">IBM ThinkPad 390X<\/strong><\/p>\n<\/li>\n<li data-start=\"1047\" data-end=\"1092\">\n<p data-start=\"1049\" data-end=\"1092\">\u00c1llapot: <strong data-start=\"1060\" data-end=\"1092\">Tesztelve \u00e9s t\u00f6k\u00e9letesen m\u0171k\u00f6dik<\/strong><\/p>\n<\/li>\n<li data-start=\"1093\" data-end=\"1132\">\n<p data-start=\"1095\" data-end=\"1132\">\u0170rlapt\u00e9nyez\u0151: <strong data-start=\"1108\" data-end=\"1132\">Laptop m\u00e9ret\u0171 SO-DIMM<\/strong><\/p>\n<\/li>\n<\/ul>\n<p data-start=\"1134\" data-end=\"1412\">Ak\u00e1r egy r\u00e9gi laptop helyre\u00e1ll\u00edt\u00e1s\u00e1r\u00f3l, ak\u00e1r ipari berendez\u00e9sek karbantart\u00e1s\u00e1r\u00f3l van sz\u00f3, ez az eredeti IBM alkatr\u00e9sz stabilit\u00e1st \u00e9s optim\u00e1lis teljes\u00edtm\u00e9nyt biztos\u00edt. Minden alkatr\u00e9szt gondosan megvizsg\u00e1lnak \u00e9s kezelnek, \u00e9s a list\u00e1ban szerepl\u0151 fot\u00f3k <strong data-start=\"1364\" data-end=\"1393\">pontosan a meg\u00e9rkezett t\u00e9telr\u0151l k\u00e9sz\u00fcltek<\/strong> \u2013 nincsenek stock k\u00e9pek!<\/p>\n<p data-start=\"1414\" data-end=\"1493\">\ud83d\udcac <strong data-start=\"1417\" data-end=\"1450\">Seg\u00edts\u00e9gre van sz\u00fcks\u00e9ge a kompatibilit\u00e1sban?<\/strong> Sz\u00edvesen seg\u00edtek \u2013 csak k\u00fcldj\u00f6n \u00fczenetet.<\/p>\n<p data-start=\"1495\" data-end=\"1604\">\ud83e\udde0 <em data-start=\"1498\" data-end=\"1604\">Megjegyz\u00e9s: Nem tartalmaz telep\u00edt\u00e9si utas\u00edt\u00e1st. Ha seg\u00edts\u00e9gre van sz\u00fcks\u00e9ge, forduljon hozz\u00e1nk bizalommal \u00fatmutat\u00e1s\u00e9rt.<\/em><\/p>\n<p data-start=\"1606\" data-end=\"1812\">Ez a cikk a <strong data-start=\"1648\" data-end=\"1664\">laptop-alkatr\u00e9szeink<\/strong> n\u00f6vekv\u0151 k\u00edn\u00e1lat\u00e1nak r\u00e9sze, amelyeket Eur\u00f3p\u00e1b\u00f3l szerz\u00fcnk be \u00e9s sz\u00e1ll\u00edtunk ki, \u00e9s vil\u00e1gszerte sz\u00e1ll\u00edtjuk. T\u00f6k\u00e9letes gy\u0171jt\u0151knek, jav\u00edt\u00f3m\u0171helyeknek vagy b\u00e1rkinek, aki \u00e9letben tartja a klasszikus hardvert.<\/p>\n","protected":false},"excerpt":{"rendered":"<p>Megb\u00edzhat\u00f3 128 MB-os PC100 mem\u00f3riamodul IBM ThinkPad 390X-hez. Nem ECC, nem pufferelt, CL2 \u2013 teljesen tesztelt, eredeti alkatr\u00e9sz.<\/p>\n","protected":false},"featured_media":12286,"template":"","meta":[],"product_brand":[],"product_cat":[92,36],"product_tag":[],"class_list":{"0":"post-12219","1":"product","2":"type-product","3":"status-publish","4":"has-post-thumbnail","6":"product_cat-ddr1","7":"product_cat-ram-memory","9":"first","10":"instock","11":"taxable","12":"shipping-taxable","13":"purchasable","14":"product-type-simple"},"_links":{"self":[{"href":"https:\/\/boreait.com\/hu\/wp-json\/wp\/v2\/product\/12219","targetHints":{"allow":["GET"]}}],"collection":[{"href":"https:\/\/boreait.com\/hu\/wp-json\/wp\/v2\/product"}],"about":[{"href":"https:\/\/boreait.com\/hu\/wp-json\/wp\/v2\/types\/product"}],"wp:featuredmedia":[{"embeddable":true,"href":"https:\/\/boreait.com\/hu\/wp-json\/wp\/v2\/media\/12286"}],"wp:attachment":[{"href":"https:\/\/boreait.com\/hu\/wp-json\/wp\/v2\/media?parent=12219"}],"wp:term":[{"taxonomy":"product_brand","embeddable":true,"href":"https:\/\/boreait.com\/hu\/wp-json\/wp\/v2\/product_brand?post=12219"},{"taxonomy":"product_cat","embeddable":true,"href":"https:\/\/boreait.com\/hu\/wp-json\/wp\/v2\/product_cat?post=12219"},{"taxonomy":"product_tag","embeddable":true,"href":"https:\/\/boreait.com\/hu\/wp-json\/wp\/v2\/product_tag?post=12219"}],"curies":[{"name":"wp","href":"https:\/\/api.w.org\/{rel}","templated":true}]}}