{"id":12205,"date":"2025-09-17T13:38:37","date_gmt":"2025-09-17T11:38:37","guid":{"rendered":"https:\/\/boreait.com\/hu\/?post_type=product&#038;p=12205"},"modified":"2025-09-17T13:40:51","modified_gmt":"2025-09-17T11:40:51","slug":"lenovo-thinkbook-15-g2-itl-egyetlen-billentyuzet-billentyu-sn20z38643-laptop-alkatreszek","status":"publish","type":"product","link":"https:\/\/boreait.com\/hu\/termek\/lenovo-thinkbook-15-g2-itl-egyetlen-billentyuzet-billentyu-sn20z38643-laptop-alkatreszek\/","title":{"rendered":"Lenovo ThinkBook 15 G2 ITL egyetlen billenty\u0171zet billenty\u0171 SN20Z38643 | Laptop alkatr\u00e9szek"},"content":{"rendered":"<p data-start=\"661\" data-end=\"894\">Szeretne kicser\u00e9lni egy elhaszn\u00e1l\u00f3dott vagy hi\u00e1nyz\u00f3 kulcsot Lenovo ThinkBook 15 G2 ITL billenty\u0171zet\u00e9n? Ez az <strong data-start=\"756\" data-end=\"816\">eredeti Lenovo egyetlen billenty\u0171zet billenty\u0171 (cikksz\u00e1m: SN20Z38643)<\/strong> t\u00f6k\u00e9letes v\u00e1laszt\u00e1s laptopja eredeti funkci\u00f3inak vissza\u00e1ll\u00edt\u00e1s\u00e1hoz.<\/p>\n<p data-start=\"896\" data-end=\"1384\">\u2714\ufe0f <strong data-start=\"899\" data-end=\"919\">Kompatibilis modell<\/strong>: Lenovo ThinkBook 15 G2 ITL<br data-start=\"947\" data-end=\"950\" \/>\u2714=&#8221;end=&#8221;95 Original data-8&#8243;>Lenovo-8&#8243; Sz\u00e1m<\/strong>: SN20Z38643<br data-start=\"996\" data-end=\"999\" \/>\u2714\ufe0f <strong data-start=\"1002\" data-end=\"1015\">\u00c1llapot<\/strong>: Haszn\u00e1lt, de teljesen m\u0171k\u00f6d\u0151k\u00e9pes \u2013 gondosan elt\u00e1vol\u00edtva, megtiszt\u00edtva \u00e9s tesztelve<br data-start=\"10813\" 8 adatok data-start=\"1243\" data-end=\"1246\" \/>\u2714\ufe0f <strong data-start=\"1249\" data-end=\"1260\">T\u00e1mogat\u00e1s<\/strong>: Nem adunk telep\u00edt\u00e9si utas\u00edt\u00e1sokat, de ha seg\u00edts\u00e9gre van sz\u00fcks\u00e9ge vagy kompatibilit\u00e1si k\u00e9rd\u00e9sei vannak, nyugodtan \u00edrjon nek\u00fcnk.<\/p>\n<p data-start=\"1386\" data-end=\"1573\">Ak\u00e1r elveszett egy kulcsot, elt\u00f6rt egy zsan\u00e9r, vagy csak rendet kell tennie Lenovo billenty\u0171zet\u00e9n, ez az eredeti <strong data-start=\"1489\" data-end=\"1511\">Lenovo laptop alkatr\u00e9sz<\/strong> seg\u00edt p\u00e9nzt megtakar\u00edtani \u00e9s elker\u00fclni a teljes billenty\u0171zet cser\u00e9j\u00e9t<\/strong>.<\/p>\n<p data-start=\"1575\" data-end=\"1651\">\ud83e\udde9 <strong data-start=\"1578\" data-end=\"1586\">Megjegyz\u00e9s<\/strong>: Ez az adatlap <strong data-start=\"1610\" data-end=\"1629\">egyetlen gombhoz<\/strong> k\u00e9sz\u00fclt, teljes billenty\u0171zethez nem<\/p>\n<p>.<\/p>\n","protected":false},"excerpt":{"rendered":"<p>Eredeti egyetlen billenty\u0171zetbillenty\u0171 a Lenovo ThinkBook 15 G2 ITL-hez (P\/N SN20Z38643). Ide\u00e1lis a s\u00e9r\u00fclt vagy hi\u00e1nyz\u00f3 kulcsok p\u00f3tl\u00e1s\u00e1ra. A k\u00e9peken l\u00e1that\u00f3 a t\u00e9nyleges alkatr\u00e9sz, amit kapsz.<\/p>\n","protected":false},"featured_media":12273,"template":"","meta":[],"product_brand":[],"product_cat":[24],"product_tag":[26],"class_list":{"0":"post-12205","1":"product","2":"type-product","3":"status-publish","4":"has-post-thumbnail","6":"product_cat-individual-keyboard-keys","7":"product_tag-lenovo","9":"first","10":"instock","11":"taxable","12":"shipping-taxable","13":"purchasable","14":"product-type-simple"},"_links":{"self":[{"href":"https:\/\/boreait.com\/hu\/wp-json\/wp\/v2\/product\/12205","targetHints":{"allow":["GET"]}}],"collection":[{"href":"https:\/\/boreait.com\/hu\/wp-json\/wp\/v2\/product"}],"about":[{"href":"https:\/\/boreait.com\/hu\/wp-json\/wp\/v2\/types\/product"}],"wp:featuredmedia":[{"embeddable":true,"href":"https:\/\/boreait.com\/hu\/wp-json\/wp\/v2\/media\/12273"}],"wp:attachment":[{"href":"https:\/\/boreait.com\/hu\/wp-json\/wp\/v2\/media?parent=12205"}],"wp:term":[{"taxonomy":"product_brand","embeddable":true,"href":"https:\/\/boreait.com\/hu\/wp-json\/wp\/v2\/product_brand?post=12205"},{"taxonomy":"product_cat","embeddable":true,"href":"https:\/\/boreait.com\/hu\/wp-json\/wp\/v2\/product_cat?post=12205"},{"taxonomy":"product_tag","embeddable":true,"href":"https:\/\/boreait.com\/hu\/wp-json\/wp\/v2\/product_tag?post=12205"}],"curies":[{"name":"wp","href":"https:\/\/api.w.org\/{rel}","templated":true}]}}