{"id":12201,"date":"2025-09-17T13:38:36","date_gmt":"2025-09-17T11:38:36","guid":{"rendered":"https:\/\/boreait.com\/hu\/?post_type=product&#038;p=12201"},"modified":"2026-02-09T11:11:42","modified_gmt":"2026-02-09T10:11:42","slug":"ibm-lenovo-thinkpad-r50e-modem-board-39t0061-x40-hez-eredeti-laptop-alkatresz","status":"publish","type":"product","link":"https:\/\/boreait.com\/hu\/termek\/ibm-lenovo-thinkpad-r50e-modem-board-39t0061-x40-hez-eredeti-laptop-alkatresz\/","title":{"rendered":"IBM Lenovo ThinkPad R50e Modem Board 39T0061 X40-hez \u2013 Eredeti laptop alkatr\u00e9sz"},"content":{"rendered":"<p data-start=\"438\" data-end=\"737\">Megb\u00edzhat\u00f3 cser\u00e9t keres laptopja modemk\u00e1rty\u00e1j\u00e1hoz? Ez az <strong data-start=\"509\" data-end=\"580\">eredeti IBM Lenovo ThinkPad R50e Modem Board (cikksz\u00e1m: 39T0061)<\/strong> pontosan az, amire sz\u00fcks\u00e9ge van. Ez az eredeti alkatr\u00e9sz, amelyet kifejezetten a <strong data-start=\"633\" data-end=\"658\">ThinkPad X40 \u00e9s R50e<\/strong> modellekhez terveztek, teljes kompatibilit\u00e1st \u00e9s optim\u00e1lis teljes\u00edtm\u00e9nyt biztos\u00edt.<\/p>\n<p data-start=\"739\" data-end=\"759\">\ud83d\udca1 <strong data-start=\"742\" data-end=\"759\">F\u0151bb jellemz\u0151k:<\/strong><\/p>\n<ul data-start=\"760\" data-end=\"1068\">\n<li data-start=\"760\" data-end=\"787\">\n<p data-start=\"762\" data-end=\"787\"><strong data-start=\"762\" data-end=\"771\">M\u00e1rka<\/strong>: IBM \/ Lenovo<\/p>\n<\/li>\n<li data-start=\"788\" data-end=\"835\">\n<p data-start=\"790\" data-end=\"835\"><strong data-start=\"790\" data-end=\"813\">Modell kompatibilit\u00e1s<\/strong>: ThinkPad R50e, X40<\/p>\n<\/li>\n<li data-start=\"836\" data-end=\"870\">\n<p data-start=\"838\" data-end=\"870\"><strong data-start=\"838\" data-end=\"859\">Alkatr\u00e9szsz\u00e1m (P\/N)<\/strong>: 39T0061<\/p>\n<\/li>\n<li data-start=\"871\" data-end=\"905\">\n<p data-start=\"873\" data-end=\"905\"><strong data-start=\"873\" data-end=\"881\">T\u00edpus<\/strong>: Bels\u0151 modemk\u00e1rtya<\/p>\n<\/li>\n<li data-start=\"906\" data-end=\"959\">\n<p data-start=\"908\" data-end=\"959\"><strong data-start=\"908\" data-end=\"921\">\u00c1llapot<\/strong>: Haszn\u00e1lt \u2013 teljesen tesztelt \u00e9s m\u0171k\u00f6d\u0151k\u00e9pes<\/p>\n<\/li>\n<li data-start=\"960\" data-end=\"1023\">\n<p data-start=\"962\" data-end=\"1023\"><strong data-start=\"962\" data-end=\"978\">Hiteless\u00e9g<\/strong>: 100%-ban eredeti, nem kl\u00f3n vagy ut\u00e1ngy\u00e1rtott<\/p>\n<\/li>\n<li data-start=\"1024\" data-end=\"1068\">\n<p data-start=\"1026\" data-end=\"1068\"><strong data-start=\"1026\" data-end=\"1038\">Sz\u00e1ll\u00edt\u00e1s<\/strong>: Vil\u00e1gszerte el\u00e9rhet\u0151 kisz\u00e1ll\u00edt\u00e1s<\/p>\n<\/li>\n<\/ul>\n<p data-start=\"1070\" data-end=\"1213\">\ud83d\uddbc <strong data-start=\"1073\" data-end=\"1105\">Amit l\u00e1tsz, azt kapod<\/strong>:<br data-start=\"1106\" data-end=\"1109\" \/>A list\u00e1n szerepl\u0151 \u00f6sszes fot\u00f3 nem val\u00f3di t\u00e1blak\u00e9pet kap az aktu\u00e1lis m\u00f3dr\u00f3l.<\/p>\n<p data-start=\"1215\" data-end=\"1369\">\ud83d\udce9 <strong data-start=\"1218\" data-end=\"1232\">Seg\u00edts\u00e9gre van sz\u00fcks\u00e9ge?<\/strong><br data-start=\"1232\" data-end=\"1235\" \/>B\u00e1r nem adunk telep\u00edt\u00e9si utas\u00edt\u00e1sokat, nyugodtan \u00edrjon nek\u00fcnk, ha kompatibilit\u00e1si k\u00e9rd\u00e9sei vannak.<\/p>\n<p data-start=\"1371\" data-end=\"1621\">\ud83d\udd27 Ak\u00e1r jav\u00edtja, friss\u00edti vagy vissza\u00e1ll\u00edtja klasszikus ThinkPadj\u00e9t, ez a r\u00e9sz nagyszer\u0171 v\u00e1laszt\u00e1s a <strong data-start=\"1484\" data-end=\"1500\">laptop-alkatr\u00e9szek<\/strong> gy\u0171jtem\u00e9ny\u00e9hez. Rendeljen m\u00e9g ma a <strong data-start=\"1530\" data-end=\"1544\">siggmo<\/strong>t\u00f3l, amely az eredeti laptop-alkatr\u00e9szek megb\u00edzhat\u00f3 forr\u00e1sa Eur\u00f3p\u00e1ban \u00e9s vil\u00e1gszerte.<\/p>\n","protected":false},"excerpt":{"rendered":"<p>Eredeti IBM ThinkPad R50e modemk\u00e1rtya (P\/N: 39T0061), X40 kompatibilis. Teljesen tesztelt \u00e9s telep\u00edt\u00e9sre k\u00e9sz. Val\u00f3di fot\u00f3k l\u00e1that\u00f3k.<\/p>\n","protected":false},"featured_media":12260,"template":"","meta":[],"product_brand":[],"product_cat":[27],"product_tag":[26],"class_list":{"0":"post-12201","1":"product","2":"type-product","3":"status-publish","4":"has-post-thumbnail","6":"product_cat-motherboards-board-parts","7":"product_tag-lenovo","9":"first","10":"instock","11":"taxable","12":"shipping-taxable","13":"purchasable","14":"product-type-simple"},"_links":{"self":[{"href":"https:\/\/boreait.com\/hu\/wp-json\/wp\/v2\/product\/12201","targetHints":{"allow":["GET"]}}],"collection":[{"href":"https:\/\/boreait.com\/hu\/wp-json\/wp\/v2\/product"}],"about":[{"href":"https:\/\/boreait.com\/hu\/wp-json\/wp\/v2\/types\/product"}],"wp:featuredmedia":[{"embeddable":true,"href":"https:\/\/boreait.com\/hu\/wp-json\/wp\/v2\/media\/12260"}],"wp:attachment":[{"href":"https:\/\/boreait.com\/hu\/wp-json\/wp\/v2\/media?parent=12201"}],"wp:term":[{"taxonomy":"product_brand","embeddable":true,"href":"https:\/\/boreait.com\/hu\/wp-json\/wp\/v2\/product_brand?post=12201"},{"taxonomy":"product_cat","embeddable":true,"href":"https:\/\/boreait.com\/hu\/wp-json\/wp\/v2\/product_cat?post=12201"},{"taxonomy":"product_tag","embeddable":true,"href":"https:\/\/boreait.com\/hu\/wp-json\/wp\/v2\/product_tag?post=12201"}],"curies":[{"name":"wp","href":"https:\/\/api.w.org\/{rel}","templated":true}]}}