{"id":12199,"date":"2025-09-17T13:38:36","date_gmt":"2025-09-17T11:38:36","guid":{"rendered":"https:\/\/boreait.com\/hu\/?post_type=product&#038;p=12199"},"modified":"2025-09-17T13:40:25","modified_gmt":"2025-09-17T11:40:25","slug":"patriot-1-gb-ddr-333-pc2700-laptop-ram-200-tus-so-dimm-tesztelt-memoria-alkatresz","status":"publish","type":"product","link":"https:\/\/boreait.com\/hu\/termek\/patriot-1-gb-ddr-333-pc2700-laptop-ram-200-tus-so-dimm-tesztelt-memoria-alkatresz\/","title":{"rendered":"Patriot 1 GB DDR 333 PC2700 laptop RAM \u2013 200 t\u0171s SO-DIMM \u2013 Tesztelt mem\u00f3ria alkatr\u00e9sz"},"content":{"rendered":"<p data-start=\"687\" data-end=\"947\">Friss\u00edtse r\u00e9gebbi laptopj\u00e1t ezzel az eredeti <strong data-start=\"731\" data-end=\"773\">Patriot Signature 1 GB DDR 333 (PC2700)<\/strong> mem\u00f3riamodullal. A r\u00e9gi laptopok sz\u00e9les sk\u00e1l\u00e1j\u00e1val val\u00f3 kompatibilit\u00e1sra tervezett <strong data-start=\"858\" data-end=\"881\">200 t\u0171s SO-DIMM RAM<\/strong> egyszer\u0171en \u00e9s k\u00f6lts\u00e9ghat\u00e9konyan n\u00f6veli a rendszer teljes\u00edtm\u00e9ny\u00e9t.<\/p>\n<p data-start=\"949\" data-end=\"1293\">Ez a modul ide\u00e1lis a hib\u00e1s mem\u00f3ria cser\u00e9j\u00e9hez vagy a megl\u00e9v\u0151 RAM b\u0151v\u00edt\u00e9s\u00e9hez a DDR 333 mem\u00f3ri\u00e1t t\u00e1mogat\u00f3 laptopokban. K\u00fcl\u00f6n\u00f6sen akkor hasznos, ha r\u00e9gebbi g\u00e9peket jav\u00edt vagy restaur\u00e1l, \u00e9s r\u00e9sze a gondosan \u00f6ssze\u00e1ll\u00edtott <strong data-start=\"1188\" data-end=\"1204\">laptop-alkatr\u00e9szeink<\/strong> k\u00e9szlet\u00fcnknek \u2013 mindegyiket k\u00fcl\u00f6n-k\u00fcl\u00f6n tesztelt\u00fck \u00e9s f\u00e9nyk\u00e9pezt\u00fck le, hogy pontosan tudja, mit kap.<\/p>\n<hr data-start=\"1295\" data-end=\"1298\" \/>\n<h3 data-start=\"1300\" data-end=\"1329\">\u2705 <strong data-start=\"1306\" data-end=\"1329\">Kiemelt term\u00e9kek:<\/strong><\/h3>\n<ul data-start=\"1331\" data-end=\"1675\">\n<li data-start=\"1331\" data-end=\"1363\">\n<p data-start=\"1333\" data-end=\"1363\"><strong data-start=\"1333\" data-end=\"1343\">M\u00e1rka:<\/strong> Patriot al\u00e1\u00edr\u00e1s<\/p>\n<\/li>\n<li data-start=\"1364\" data-end=\"1385\">\n<p data-start=\"1366\" data-end=\"1385\"><strong data-start=\"1366\" data-end=\"1379\">Kapacit\u00e1s:<\/strong> 1 GB<\/p>\n<\/li>\n<li data-start=\"1386\" data-end=\"1410\">\n<p data-start=\"1388\" data-end=\"1410\"><strong data-start=\"1388\" data-end=\"1404\">Mem\u00f3riat\u00edpus:<\/strong> DDR<\/p>\n<\/li>\n<li data-start=\"1411\" data-end=\"1443\">\n<p data-start=\"1413\" data-end=\"1443\"><strong data-start=\"1413\" data-end=\"1423\">Sebess\u00e9g:<\/strong> DDR 333 (PC 2700)<\/p>\n<\/li>\n<li data-start=\"1444\" data-end=\"1480\">\n<p data-start=\"1446\" data-end=\"1480\"><strong data-start=\"1446\" data-end=\"1462\">\u0170rlapt\u00e9nyez\u0151:<\/strong> 200 t\u0171s SO-DIMM<\/p>\n<\/li>\n<li data-start=\"1481\" data-end=\"1530\">\n<p data-start=\"1483\" data-end=\"1530\"><strong data-start=\"1483\" data-end=\"1497\">\u00c1llapot:<\/strong> Haszn\u00e1lt, teljesen tesztelt \u00e9s m\u0171k\u00f6dik<\/p>\n<\/li>\n<li data-start=\"1531\" data-end=\"1610\">\n<p data-start=\"1533\" data-end=\"1610\"><strong data-start=\"1533\" data-end=\"1551\">Kompatibilit\u00e1s:<\/strong> Kompatibilis a DDR 333 PC2700 mem\u00f3ri\u00e1t t\u00e1mogat\u00f3 laptopokkal<\/p>\n<\/li>\n<li data-start=\"1611\" data-end=\"1675\">\n<p data-start=\"1613\" data-end=\"1675\"><strong data-start=\"1613\" data-end=\"1629\">Val\u00f3di fot\u00f3k:<\/strong> Pontosan azt kapod, amit l\u00e1tsz.<\/p>\n<\/li>\n<\/ul>\n<hr data-start=\"1677\" data-end=\"1680\" \/>\n<p data-start=\"1682\" data-end=\"1918\">\ud83d\udca1 <strong data-start=\"1685\" data-end=\"1701\">Megjegyz\u00e9s:<\/strong><br data-start=\"1701\" data-end=\"1704\" \/>Ez az elem csak hardveralkatr\u00e9szk\u00e9nt ker\u00fcl \u00e9rt\u00e9kes\u00edt\u00e9sre. Ha seg\u00edts\u00e9gre van sz\u00fcks\u00e9ge a telep\u00edt\u00e9shez vagy a kompatibilit\u00e1shoz, k\u00fcldj\u00f6n nek\u00fcnk \u00fczenetet. B\u00e1r nem adunk utas\u00edt\u00e1sokat a cser\u00e9re, sz\u00edvesen v\u00e1laszolunk k\u00e9rd\u00e9seire.<\/p>\n<p data-start=\"1920\" data-end=\"2010\">\ud83d\udd12 <strong data-start=\"1923\" data-end=\"2010\">A t\u00e9nyleges RAM-modul val\u00f3s fot\u00f3i szerepelnek a list\u00e1ban \u2013 nincs stock k\u00e9p.<\/strong><\/p>\n","protected":false},"excerpt":{"rendered":"<p>Megb\u00edzhat\u00f3 1 GB-os Patriot DDR 333 (PC2700) laptop mem\u00f3riamodul. 200 t\u0171s SO-DIMM form\u00e1tum. Teljesen tesztelt \u00e9s telep\u00edt\u00e9sre k\u00e9sz.<\/p>\n","protected":false},"featured_media":12258,"template":"","meta":[],"product_brand":[],"product_cat":[92,36],"product_tag":[],"class_list":{"0":"post-12199","1":"product","2":"type-product","3":"status-publish","4":"has-post-thumbnail","6":"product_cat-ddr1","7":"product_cat-ram-memory","9":"first","10":"instock","11":"taxable","12":"shipping-taxable","13":"purchasable","14":"product-type-simple"},"_links":{"self":[{"href":"https:\/\/boreait.com\/hu\/wp-json\/wp\/v2\/product\/12199","targetHints":{"allow":["GET"]}}],"collection":[{"href":"https:\/\/boreait.com\/hu\/wp-json\/wp\/v2\/product"}],"about":[{"href":"https:\/\/boreait.com\/hu\/wp-json\/wp\/v2\/types\/product"}],"wp:featuredmedia":[{"embeddable":true,"href":"https:\/\/boreait.com\/hu\/wp-json\/wp\/v2\/media\/12258"}],"wp:attachment":[{"href":"https:\/\/boreait.com\/hu\/wp-json\/wp\/v2\/media?parent=12199"}],"wp:term":[{"taxonomy":"product_brand","embeddable":true,"href":"https:\/\/boreait.com\/hu\/wp-json\/wp\/v2\/product_brand?post=12199"},{"taxonomy":"product_cat","embeddable":true,"href":"https:\/\/boreait.com\/hu\/wp-json\/wp\/v2\/product_cat?post=12199"},{"taxonomy":"product_tag","embeddable":true,"href":"https:\/\/boreait.com\/hu\/wp-json\/wp\/v2\/product_tag?post=12199"}],"curies":[{"name":"wp","href":"https:\/\/api.w.org\/{rel}","templated":true}]}}