{"id":12191,"date":"2025-09-17T13:38:12","date_gmt":"2025-09-17T11:38:12","guid":{"rendered":"https:\/\/boreait.com\/hu\/?post_type=product&#038;p=12191"},"modified":"2025-09-17T13:40:22","modified_gmt":"2025-09-17T11:40:22","slug":"eredeti-lenovo-thinkpad-r51-cpu-ventilator-es-hutoborda-fru-13n5182-laptop-alkatreszek","status":"publish","type":"product","link":"https:\/\/boreait.com\/hu\/termek\/eredeti-lenovo-thinkpad-r51-cpu-ventilator-es-hutoborda-fru-13n5182-laptop-alkatreszek\/","title":{"rendered":"Eredeti Lenovo ThinkPad R51 CPU ventil\u00e1tor \u00e9s h\u0171t\u0151borda FRU 13N5182 laptop alkatr\u00e9szek"},"content":{"rendered":"<p data-start=\"711\" data-end=\"819\"><strong data-start=\"711\" data-end=\"819\">Eredeti Lenovo ThinkPad R51 FRU 13N5182 CPU ventil\u00e1tor \u00e9s h\u0171t\u0151borda \u2013 Min\u0151s\u00e9gi laptop alkatr\u00e9szek a Siggm\u00f3t\u00f3l<\/strong><\/p>\n<p data-start=\"821\" data-end=\"1113\"> \u00c1ll\u00edtsa vissza Lenovo ThinkPad R51 k\u00e9sz\u00fcl\u00e9k\u00e9t a cs\u00facsteljes\u00edtm\u00e9nyre ezzel az eredeti <strong data-start=\"893\" data-end=\"946\">FRU 13N5182 CPU h\u0171t\u0151ventil\u00e1tor \u00e9s h\u0171t\u0151borda szerelv\u00e9nnyel<\/strong>. Legyen sz\u00f3 t\u00falmeleged\u00e9si probl\u00e9m\u00e1kr\u00f3l vagy meghib\u00e1sodott ventil\u00e1torr\u00f3l, ez a teljes h\u0151kezel\u00e9si megold\u00e1s pontosan az eredeti Lenovo gy\u00e1ri \u00f6ssze\u00e1ll\u00edt\u00e1sokban haszn\u00e1lt cserealkatr\u00e9sz.<\/p>\n<p data-start=\"1115\" data-end=\"1294\">Ez egy <strong data-start=\"1125\" data-end=\"1155\">eredeti Lenovo laptop alkatr\u00e9sz<\/strong>, nem pedig harmadik f\u00e9lt\u0151l sz\u00e1rmaz\u00f3 csere. \u00d3vatosan elt\u00e1vol\u00edtott\u00e1k a m\u0171k\u00f6d\u0151 egys\u00e9gb\u0151l, alaposan tesztelt\u00e9k \u00e9s megtiszt\u00edtott\u00e1k \u2013 azonnali haszn\u00e1latra k\u00e9sz.<\/p>\n<p data-start=\"1296\" data-end=\"1313\"><strong data-start=\"1296\" data-end=\"1313\">F\u0151bb jellemz\u0151k:<\/strong><\/p>\n<ul data-start=\"1314\" data-end=\"1590\">\n<li data-start=\"1314\" data-end=\"1360\">\n<p data-start=\"1316\" data-end=\"1360\">Kompatibilis a Lenovo ThinkPad R51 modellekkel<\/p>\n<\/li>\n<li data-start=\"1361\" data-end=\"1377\">\n<p data-start=\"1363\" data-end=\"1377\">FRU: 13N5182<\/p>\n<\/li>\n<li data-start=\"1378\" data-end=\"1432\">\n<p data-start=\"1380\" data-end=\"1432\">CPU ventil\u00e1tort \u00e9s h\u0171t\u0151bord\u00e1t is tartalmaz egy szerelv\u00e9nyben<\/p>\n<\/li>\n<li data-start=\"1433\" data-end=\"1464\">\n<p data-start=\"1435\" data-end=\"1464\">Teljesen m\u0171k\u00f6d\u0151k\u00e9pes \u00e9s tesztelt<\/p>\n<\/li>\n<li data-start=\"1465\" data-end=\"1527\">\n<p data-start=\"1467\" data-end=\"1527\">Seg\u00edt a CPU h\u0151m\u00e9rs\u00e9klet cs\u00f6kkent\u00e9s\u00e9ben \u00e9s a rendszer stabilit\u00e1s\u00e1nak meg\u0151rz\u00e9s\u00e9ben<\/p>\n<\/li>\n<li data-start=\"1528\" data-end=\"1590\">\n<p data-start=\"1530\" data-end=\"1590\">Ide\u00e1lis ventil\u00e1torzaj, t\u00falmeleged\u00e9s vagy rendszerle\u00e1ll\u00e1sok kijav\u00edt\u00e1s\u00e1hoz<\/p>\n<\/li>\n<\/ul>\n<p data-start=\"1592\" data-end=\"1616\"><strong data-start=\"1592\" data-end=\"1616\">Mi\u00e9rt \u00e9rdemes a Siggm\u00f3t\u00f3l v\u00e1s\u00e1rolni?<\/strong><\/p>\n<ul data-start=\"1617\" data-end=\"1879\">\n<li data-start=\"1617\" data-end=\"1707\">\n<p data-start=\"1619\" data-end=\"1707\">Eredeti <strong data-start=\"1645\" data-end=\"1661\">laptop-alkatr\u00e9szekre<\/strong> specializ\u00e1l\u00f3dtunk, amelyeket Eur\u00f3p\u00e1b\u00f3l sz\u00e1ll\u00edtanak, vil\u00e1gm\u00e9ret\u0171 sz\u00e1ll\u00edt\u00e1ssal<\/p>\n<\/li>\n<li data-start=\"1708\" data-end=\"1786\">\n<p data-start=\"1710\" data-end=\"1786\">A l\u00e1that\u00f3 fot\u00f3k a t\u00e9nyleges r\u00e9szr\u0151l sz\u00f3lnak \u2013 nincsenek stock k\u00e9pek<\/p>\n<\/li>\n<li data-start=\"1787\" data-end=\"1879\">\n<p data-start=\"1789\" data-end=\"1879\">Nem k\u00edn\u00e1lunk telep\u00edt\u00e9si utas\u00edt\u00e1sokat, de sz\u00edvesen seg\u00edt\u00fcnk \u2013 csak k\u00fcldj\u00f6n nek\u00fcnk \u00fczenetet<\/p>\n<\/li>\n<\/ul>\n<p data-start=\"1881\" data-end=\"2023\">Ez t\u00f6k\u00e9letes csere mindenki sz\u00e1m\u00e1ra, aki a min\u0151s\u00e9g vagy a kompatibilit\u00e1s vesz\u00e9lyeztet\u00e9se n\u00e9lk\u00fcl szeretn\u00e9 megoldani a ThinkPad R51 h\u0171t\u00e9si probl\u00e9m\u00e1it.<\/p>\n","protected":false},"excerpt":{"rendered":"<p>Eredeti Lenovo FRU 13N5182 CPU ventil\u00e1tor \u00e9s h\u0171t\u0151borda szerelv\u00e9ny ThinkPad R51-hez. Teljesen tesztelt, kitiszt\u00edtott \u00e9s beszerel\u00e9sre k\u00e9sz. Ide\u00e1lis cserealkatr\u00e9sz t\u00falmeleged\u0151 vagy zajos rendszerekhez.<\/p>\n","protected":false},"featured_media":12257,"template":"","meta":[],"product_brand":[],"product_cat":[33],"product_tag":[26],"class_list":{"0":"post-12191","1":"product","2":"type-product","3":"status-publish","4":"has-post-thumbnail","6":"product_cat-cpu-fans-heatsinks","7":"product_tag-lenovo","9":"first","10":"instock","11":"taxable","12":"shipping-taxable","13":"purchasable","14":"product-type-simple"},"_links":{"self":[{"href":"https:\/\/boreait.com\/hu\/wp-json\/wp\/v2\/product\/12191","targetHints":{"allow":["GET"]}}],"collection":[{"href":"https:\/\/boreait.com\/hu\/wp-json\/wp\/v2\/product"}],"about":[{"href":"https:\/\/boreait.com\/hu\/wp-json\/wp\/v2\/types\/product"}],"wp:featuredmedia":[{"embeddable":true,"href":"https:\/\/boreait.com\/hu\/wp-json\/wp\/v2\/media\/12257"}],"wp:attachment":[{"href":"https:\/\/boreait.com\/hu\/wp-json\/wp\/v2\/media?parent=12191"}],"wp:term":[{"taxonomy":"product_brand","embeddable":true,"href":"https:\/\/boreait.com\/hu\/wp-json\/wp\/v2\/product_brand?post=12191"},{"taxonomy":"product_cat","embeddable":true,"href":"https:\/\/boreait.com\/hu\/wp-json\/wp\/v2\/product_cat?post=12191"},{"taxonomy":"product_tag","embeddable":true,"href":"https:\/\/boreait.com\/hu\/wp-json\/wp\/v2\/product_tag?post=12191"}],"curies":[{"name":"wp","href":"https:\/\/api.w.org\/{rel}","templated":true}]}}