{"id":12189,"date":"2025-09-17T13:38:12","date_gmt":"2025-09-17T11:38:12","guid":{"rendered":"https:\/\/boreait.com\/hu\/?post_type=product&#038;p=12189"},"modified":"2025-09-17T13:40:12","modified_gmt":"2025-09-17T11:40:12","slug":"a1466-macbook-air-13-2014-hangszorokeszlet-bal-jobb-eredeti-laptop-alkatreszek","status":"publish","type":"product","link":"https:\/\/boreait.com\/hu\/termek\/a1466-macbook-air-13-2014-hangszorokeszlet-bal-jobb-eredeti-laptop-alkatreszek\/","title":{"rendered":"A1466 MacBook Air 13&#8243; 2014 hangsz\u00f3r\u00f3k\u00e9szlet bal + jobb | Eredeti laptop alkatr\u00e9szek"},"content":{"rendered":"<p data-start=\"632\" data-end=\"902\"> \u00c1ll\u00edtsa vissza MacBookja \u00e9les, tiszta hangj\u00e1t ezzel az <strong data-start=\"684\" data-end=\"708\">eredeti hangsz\u00f3r\u00f3k\u00e9szlettel<\/strong> a <strong data-start=\"717\" data-end=\"749\">MacBook Air 13&#8243;<\/strong>(Early Model4)-20tart4&#8243;s data-end=&#8221;765&#8243;>A1466<\/strong>. Ezek a <strong data-start=\"781\" data-end=\"817\">bal \u00e9s jobb oldali bels\u0151 hangsz\u00f3r\u00f3k<\/strong>, amelyeket gondosan elt\u00e1vol\u00edtottak a m\u0171k\u00f6d\u0151 egys\u00e9gb\u0151l, \u00e9s teljes m\u00e9rt\u00e9kben tesztelt\u00e9k a min\u0151s\u00e9get \u00e9s a teljes\u00edtm\u00e9nyt.<\/p>\n<p data-start=\"904\" data-end=\"1098\">Ak\u00e1r torzak, ak\u00e1r n\u00e9m\u00e1k, ak\u00e1r s\u00e9r\u00fcltek a jelenlegi hangsz\u00f3r\u00f3i, ez az eredeti Apple alkatr\u00e9sz t\u00f6k\u00e9letes csere, hogy visszaadja a gazdag hang\u00e9lm\u00e9nyt, amelyet eredetileg a MacBook Air sz\u00e1ll\u00edtott.<\/p>\n<h3 data-start=\"1100\" data-end=\"1125\">\u2705 Term\u00e9kjellemz\u0151k:<\/h3>\n<ul data-start=\"1126\" data-end=\"1619\">\n<li data-start=\"1126\" data-end=\"1200\">\n<p data-start=\"1128\" data-end=\"1200\"><strong data-start=\"1128\" data-end=\"1152\">Modelkompatibilit\u00e1s:<\/strong> MacBook Air 13 h\u00fcvelykes (2014 eleje), A1466 modell<\/p>\n<\/li>\n<li data-start=\"1201\" data-end=\"1243\">\n<p data-start=\"1203\" data-end=\"1243\"><strong data-start=\"1203\" data-end=\"1216\">Tartalmazza:<\/strong> Bal + jobb hangsz\u00f3r\u00f3k\u00e9szlet<\/p>\n<\/li>\n<li data-start=\"1244\" data-end=\"1326\">\n<p data-start=\"1246\" data-end=\"1326\"><strong data-start=\"1246\" data-end=\"1260\">\u00c1llapot:<\/strong> Haszn\u00e1lt, de teljesen m\u0171k\u00f6d\u0151k\u00e9pes \u2013 val\u00f3s fot\u00f3k a t\u00e9nyleges t\u00e9telr\u0151l<\/p>\n<\/li>\n<li data-start=\"1327\" data-end=\"1425\">\n<p data-start=\"1329\" data-end=\"1425\"><strong data-start=\"1329\" data-end=\"1346\">Telep\u00edt\u00e9s:<\/strong> Professzion\u00e1lis telep\u00edt\u00e9s javasolt \u2013 \u00fatmutat\u00e1s\u00e9rt \u00edrjon nek\u00fcnk \u00fczenetet<\/p>\n<\/li>\n<li data-start=\"1426\" data-end=\"1492\">\n<p data-start=\"1428\" data-end=\"1492\"><strong data-start=\"1428\" data-end=\"1441\">Sz\u00e1ll\u00edt\u00e1s:<\/strong> Eur\u00f3p\u00e1b\u00f3l sz\u00e1ll\u00edtunk, \u00e9s vil\u00e1gszerte sz\u00e1ll\u00edtunk.<\/p>\n<\/li>\n<li data-start=\"1493\" data-end=\"1619\">\n<p data-start=\"1495\" data-end=\"1619\"><strong data-start=\"1495\" data-end=\"1511\">T\u00f6k\u00e9letes:<\/strong> jav\u00edt\u00f3technikusoknak, laptopfel\u00faj\u00edt\u00f3knak \u00e9s mindenkinek, akinek j\u00f3 min\u0151s\u00e9g\u0171 <strong data-start=\"1585\" data-end=\"1601\">laptop-alkatr\u00e9szekre<\/strong>>>><\/p>\n<\/li>\n<\/ul>\n<p data-start=\"1621\" data-end=\"1846\">Ha olyan <strong data-start=\"1643\" data-end=\"1659\">laptop alkatr\u00e9szeket<\/strong> keres, amelyekben megb\u00edzhat, ez egy tiszta, eredeti Apple-alkatr\u00e9sz \u2013 itt nincs olcs\u00f3 csere. Pontosan azt kapod, amit a k\u00e9peken l\u00e1tsz. M\u00e9g mindig seg\u00edts\u00e9gre van sz\u00fcks\u00e9ge? Csak \u00edrjon nek\u00fcnk \u00fczenetet b\u00e1rmikor.<\/p>\n","protected":false},"excerpt":{"rendered":"<p data-start=\"393\" data-end=\"551\">Eredeti bal \u00e9s jobb bels\u0151 hangsz\u00f3r\u00f3k\u00e9szlet MacBook Air A1466-hoz (13 h\u00fcvelykes, 2014 eleje). Teljesen tesztelt \u00e9s m\u0171k\u00f6d\u0151k\u00e9pes, ide\u00e1lis az eredeti hangmin\u0151s\u00e9g vissza\u00e1ll\u00edt\u00e1s\u00e1hoz.<\/p>\n","protected":false},"featured_media":12250,"template":"","meta":[],"product_brand":[],"product_cat":[18],"product_tag":[63],"class_list":{"0":"post-12189","1":"product","2":"type-product","3":"status-publish","4":"has-post-thumbnail","6":"product_cat-laptop-speakers","7":"product_tag-apple","9":"first","10":"instock","11":"taxable","12":"shipping-taxable","13":"purchasable","14":"product-type-simple"},"_links":{"self":[{"href":"https:\/\/boreait.com\/hu\/wp-json\/wp\/v2\/product\/12189","targetHints":{"allow":["GET"]}}],"collection":[{"href":"https:\/\/boreait.com\/hu\/wp-json\/wp\/v2\/product"}],"about":[{"href":"https:\/\/boreait.com\/hu\/wp-json\/wp\/v2\/types\/product"}],"wp:featuredmedia":[{"embeddable":true,"href":"https:\/\/boreait.com\/hu\/wp-json\/wp\/v2\/media\/12250"}],"wp:attachment":[{"href":"https:\/\/boreait.com\/hu\/wp-json\/wp\/v2\/media?parent=12189"}],"wp:term":[{"taxonomy":"product_brand","embeddable":true,"href":"https:\/\/boreait.com\/hu\/wp-json\/wp\/v2\/product_brand?post=12189"},{"taxonomy":"product_cat","embeddable":true,"href":"https:\/\/boreait.com\/hu\/wp-json\/wp\/v2\/product_cat?post=12189"},{"taxonomy":"product_tag","embeddable":true,"href":"https:\/\/boreait.com\/hu\/wp-json\/wp\/v2\/product_tag?post=12189"}],"curies":[{"name":"wp","href":"https:\/\/api.w.org\/{rel}","templated":true}]}}