{"id":12179,"date":"2025-09-17T13:37:49","date_gmt":"2025-09-17T11:37:49","guid":{"rendered":"https:\/\/boreait.com\/hu\/?post_type=product&#038;p=12179"},"modified":"2025-09-17T13:39:53","modified_gmt":"2025-09-17T11:39:53","slug":"macbook-air-a1466-also-tok-13-2014-eredeti-alkatresz-laptop-alkatreszek-europa","status":"publish","type":"product","link":"https:\/\/boreait.com\/hu\/termek\/macbook-air-a1466-also-tok-13-2014-eredeti-alkatresz-laptop-alkatreszek-europa\/","title":{"rendered":"MacBook Air A1466 als\u00f3 tok, 13&#8243; 2014 eredeti alkatr\u00e9sz | Laptop alkatr\u00e9szek Eur\u00f3pa"},"content":{"rendered":"<p data-start=\"556\" data-end=\"882\">Helyezze vissza MacBook Air-j\u00e9t ezzel az eredeti <strong data-start=\"600\" data-end=\"659\">als\u00f3 bor\u00edt\u00f3val a 13 h\u00fcvelykes MacBook Air A1466-hoz (2014 eleje)<\/strong>. Ez egy eredeti Apple alkatr\u00e9sz, nem egy olcs\u00f3 m\u00e1solat \u2013 ide\u00e1lis a s\u00e9r\u00fclt, horpadt vagy elhaszn\u00e1l\u00f3dott als\u00f3 tokok cser\u00e9j\u00e9hez. Ez elengedhetetlen <strong data-start=\"794\" data-end=\"809\">laptop alkatr\u00e9sze<\/strong>, ha meg szeretn\u00e9 \u0151rizni eredeti Macje min\u0151s\u00e9g\u00e9t \u00e9s hangulat\u00e1t.<\/p>\n<ul data-start=\"884\" data-end=\"1290\">\n<li data-start=\"884\" data-end=\"906\">\n<p data-start=\"886\" data-end=\"906\">\u2705 <strong data-start=\"888\" data-end=\"898\">Modell:<\/strong> A1466<\/p>\n<\/li>\n<li data-start=\"907\" data-end=\"966\">\n<p data-start=\"909\" data-end=\"966\">\u2705 <strong data-start=\"911\" data-end=\"931\">Kompatibilis:<\/strong> 13 h\u00fcvelykes MacBook Air (2014 eleje)<\/p>\n<\/li>\n<li data-start=\"967\" data-end=\"1013\">\n<p data-start=\"969\" data-end=\"1013\">\u2705 <strong data-start=\"971\" data-end=\"985\">Alkatr\u00e9sz t\u00edpusa:<\/strong> Als\u00f3 bor\u00edt\u00f3 \/ kisbet\u0171<\/p>\n<\/li>\n<li data-start=\"1014\" data-end=\"1075\">\n<p data-start=\"1016\" data-end=\"1075\">\u2705 <strong data-start=\"1018\" data-end=\"1032\">\u00c1llapot:<\/strong> Haszn\u00e1lt, tesztelt, sz\u00e9p eszt\u00e9tikai \u00e1llapotban<\/p>\n<\/li>\n<li data-start=\"1076\" data-end=\"1138\">\n<p data-start=\"1078\" data-end=\"1138\">\u2705 <strong data-start=\"1080\" data-end=\"1091\">Fot\u00f3k:<\/strong> Val\u00f3di fot\u00f3k a pontos r\u00e9szr\u0151l, amelyet kapsz<\/p>\n<\/li>\n<li data-start=\"1139\" data-end=\"1241\">\n<p data-start=\"1141\" data-end=\"1241\">\u2705 <strong data-start=\"1143\" data-end=\"1155\">T\u00e1mogat\u00e1s:<\/strong> Nincsenek telep\u00edt\u00e9si utas\u00edt\u00e1sok, de nyugodtan \u00edrjon nek\u00fcnk, ha seg\u00edts\u00e9gre van sz\u00fcks\u00e9ge.<\/p>\n<\/li>\n<li data-start=\"1242\" data-end=\"1290\">\n<p data-start=\"1244\" data-end=\"1290\">\u2705 <strong data-start=\"1246\" data-end=\"1290\">Sz\u00e1ll\u00edtm\u00e1nyok Eur\u00f3p\u00e1b\u00f3l \u2013 vil\u00e1gszerte sz\u00e1ll\u00edtunk<\/strong><\/p>\n<\/li>\n<\/ul>\n<p data-start=\"1292\" data-end=\"1539\">T\u00f6k\u00e9letes illeszked\u00e9s technikusok, fel\u00faj\u00edt\u00f3k vagy b\u00e1rki sz\u00e1m\u00e1ra, aki le akarja cser\u00e9lni a MacBook Air A1466 alapot. Ezt a <strong data-start=\"1395\" data-end=\"1410\">laptop alkatr\u00e9szt<\/strong> biztons\u00e1gosan \u00e9s gyorsan sz\u00e1ll\u00edtjuk. V\u00e1s\u00e1roljon bizalommal a <strong data-start=\"1465\" data-end=\"1479\">siggm\u00f3t\u00f3l<\/strong>, amely a laptop-alkatr\u00e9szek megb\u00edzhat\u00f3 forr\u00e1sa Eur\u00f3p\u00e1ban \u00e9s azon k\u00edv\u00fcl.<\/p>\n","protected":false},"excerpt":{"rendered":"<p>Eredeti als\u00f3 tok MacBook Air 13&#8243; A1466-hoz (2014 eleje). Eredeti haszn\u00e1lt alkatr\u00e9sz, j\u00f3 \u00e1llapot\u00fa. A k\u00e9pek a t\u00e9nyleges t\u00e9telr\u0151l k\u00e9sz\u00fcltek. Ha seg\u00edts\u00e9gre van sz\u00fcks\u00e9ged, \u00edrj nek\u00fcnk.<\/p>\n","protected":false},"featured_media":12243,"template":"","meta":[],"product_brand":[],"product_cat":[16],"product_tag":[63],"class_list":{"0":"post-12179","1":"product","2":"type-product","3":"status-publish","4":"has-post-thumbnail","6":"product_cat-laptop-housing","7":"product_tag-apple","9":"first","10":"instock","11":"taxable","12":"shipping-taxable","13":"purchasable","14":"product-type-simple"},"_links":{"self":[{"href":"https:\/\/boreait.com\/hu\/wp-json\/wp\/v2\/product\/12179","targetHints":{"allow":["GET"]}}],"collection":[{"href":"https:\/\/boreait.com\/hu\/wp-json\/wp\/v2\/product"}],"about":[{"href":"https:\/\/boreait.com\/hu\/wp-json\/wp\/v2\/types\/product"}],"wp:featuredmedia":[{"embeddable":true,"href":"https:\/\/boreait.com\/hu\/wp-json\/wp\/v2\/media\/12243"}],"wp:attachment":[{"href":"https:\/\/boreait.com\/hu\/wp-json\/wp\/v2\/media?parent=12179"}],"wp:term":[{"taxonomy":"product_brand","embeddable":true,"href":"https:\/\/boreait.com\/hu\/wp-json\/wp\/v2\/product_brand?post=12179"},{"taxonomy":"product_cat","embeddable":true,"href":"https:\/\/boreait.com\/hu\/wp-json\/wp\/v2\/product_cat?post=12179"},{"taxonomy":"product_tag","embeddable":true,"href":"https:\/\/boreait.com\/hu\/wp-json\/wp\/v2\/product_tag?post=12179"}],"curies":[{"name":"wp","href":"https:\/\/api.w.org\/{rel}","templated":true}]}}