{"id":12178,"date":"2025-09-17T13:37:49","date_gmt":"2025-09-17T11:37:49","guid":{"rendered":"https:\/\/boreait.com\/hu\/?post_type=product&#038;p=12178"},"modified":"2026-02-09T11:11:25","modified_gmt":"2026-02-09T10:11:25","slug":"eredeti-lenovo-laptop-camera-5c20x2436-ideapad-153-15iml05-tesztelt","status":"publish","type":"product","link":"https:\/\/boreait.com\/hu\/termek\/eredeti-lenovo-laptop-camera-5c20x2436-ideapad-153-15iml05-tesztelt\/","title":{"rendered":"Eredeti Lenovo Laptop Camera 5C20X2436 IdeaPad 153 15IML05 &#8211; Tesztelt"},"content":{"rendered":"<p data-start=\"487\" data-end=\"814\">Megb\u00edzhat\u00f3 helyettes\u00edt\u0151t keres laptopja be\u00e9p\u00edtett kamer\u00e1j\u00e1hoz? Ez a<strong data-start=\"562\" data-end=\"619\">eredeti Lenovo kameramodul (cikksz\u00e1m: 5C20X2436)<\/strong> teljes m\u00e9rt\u00e9kben kompatibilis a <strong data-start=\"649\" data-end=\"679\">Lenovo IdeaPad 153 15IML05<\/strong> sorozattal. Ez egy <strong data-start=\"695\" data-end=\"726\">eredeti, tesztelt laptop alkatr\u00e9sz<\/strong>, amelyet gondosan elt\u00e1vol\u00edtottak egy m\u0171k\u00f6d\u0151 eszk\u00f6zr\u0151l, \u00edgy biztos\u00edtott a min\u0151s\u00e9g \u00e9s a teljes\u00edtm\u00e9ny.<\/p>\n<p data-start=\"816\" data-end=\"1080\">Ez a kamera t\u00f6k\u00e9letes, ha a jelenlegi webkamer\u00e1ja hib\u00e1san m\u0171k\u00f6dik, hom\u00e1lyos vagy egy\u00e1ltal\u00e1n nem \u00e9szlelhet\u0151. A teljes vide\u00f3 funkci\u00f3 vissza\u00e1ll\u00edt\u00e1sa olyan egyszer\u0171, mint kicser\u00e9lni ezt a modult a s\u00e9r\u00fcltre. Ide\u00e1lis videoh\u00edv\u00e1sokhoz, online tal\u00e1lkoz\u00f3khoz vagy b\u00e1rmilyen webkamer\u00e1t\u00f3l f\u00fcgg\u0151 haszn\u00e1latra.<\/p>\n<p data-start=\"1082\" data-end=\"1099\"><strong data-start=\"1082\" data-end=\"1099\">F\u0151bb jellemz\u0151k:<\/strong><\/p>\n<ul data-start=\"1100\" data-end=\"1280\">\n<li data-start=\"1100\" data-end=\"1135\">\n<p data-start=\"1102\" data-end=\"1135\">\u2705 Eredeti Lenovo cserealkatr\u00e9sz<\/p>\n<\/li>\n<li data-start=\"1136\" data-end=\"1156\">\n<p data-start=\"1138\" data-end=\"1156\">\u2705 T\u00edpus: 5C20X2436<\/p>\n<\/li>\n<li data-start=\"1157\" data-end=\"1203\">\n<p data-start=\"1159\" data-end=\"1203\">\u2705 Kompatibilis a Lenovo IdeaPad 153 15IML05-tel<\/p>\n<\/li>\n<li data-start=\"1204\" data-end=\"1226\">\n<p data-start=\"1206\" data-end=\"1226\">\u2705 Tesztelve \u00e9s m\u0171k\u00f6d\u0151k\u00e9pes<\/p>\n<\/li>\n<li data-start=\"1227\" data-end=\"1280\">\n<p data-start=\"1229\" data-end=\"1280\">\u2705 Val\u00f3di fot\u00f3k \u2013 amit l\u00e1tsz, azt kapod<\/p>\n<\/li>\n<\/ul>\n<p data-start=\"1282\" data-end=\"1542\">Ez az adatlap a <strong data-start=\"1310\" data-end=\"1337\">laptopalkatr\u00e9sz-gy\u0171jtem\u00e9ny\u00fcnk<\/strong> r\u00e9sze, amely kiv\u00e1l\u00f3 min\u0151s\u00e9g\u0171 cserealkatr\u00e9szeket k\u00edn\u00e1l a legn\u00e9pszer\u0171bb laptopm\u00e1rk\u00e1k sz\u00e1m\u00e1ra. K\u00e9rj\u00fck, vegye figyelembe, hogy a telep\u00edt\u00e9si utas\u00edt\u00e1sokat nem tartalmazza, de nyugodtan \u00edrjon nek\u00fcnk, ha seg\u00edts\u00e9gre vagy tov\u00e1bbi inform\u00e1ci\u00f3ra van sz\u00fcks\u00e9ge.<\/p>\n<p data-start=\"1544\" data-end=\"1626\">Friss\u00edtse vagy jav\u00edtsa meg magabiztosan laptop kamer\u00e1j\u00e1t egy tart\u00f3s alkatr\u00e9sz seg\u00edts\u00e9g\u00e9vel!<\/p>\n","protected":false},"excerpt":{"rendered":"<p>Eredeti Lenovo laptop kameramodul 5C20X2436, kompatibilis az IdeaPad 153 15IML05-tel. M\u0171k\u00f6d\u0151 egys\u00e9gb\u0151l lev\u00e9ve \u00e9s tesztelve. Cserek\u00e9nt t\u00f6k\u00e9letes.<\/p>\n","protected":false},"featured_media":12235,"template":"","meta":[],"product_brand":[],"product_cat":[23],"product_tag":[26],"class_list":{"0":"post-12178","1":"product","2":"type-product","3":"status-publish","4":"has-post-thumbnail","6":"product_cat-laptop-camera","7":"product_tag-lenovo","9":"first","10":"instock","11":"taxable","12":"shipping-taxable","13":"purchasable","14":"product-type-simple"},"_links":{"self":[{"href":"https:\/\/boreait.com\/hu\/wp-json\/wp\/v2\/product\/12178","targetHints":{"allow":["GET"]}}],"collection":[{"href":"https:\/\/boreait.com\/hu\/wp-json\/wp\/v2\/product"}],"about":[{"href":"https:\/\/boreait.com\/hu\/wp-json\/wp\/v2\/types\/product"}],"wp:featuredmedia":[{"embeddable":true,"href":"https:\/\/boreait.com\/hu\/wp-json\/wp\/v2\/media\/12235"}],"wp:attachment":[{"href":"https:\/\/boreait.com\/hu\/wp-json\/wp\/v2\/media?parent=12178"}],"wp:term":[{"taxonomy":"product_brand","embeddable":true,"href":"https:\/\/boreait.com\/hu\/wp-json\/wp\/v2\/product_brand?post=12178"},{"taxonomy":"product_cat","embeddable":true,"href":"https:\/\/boreait.com\/hu\/wp-json\/wp\/v2\/product_cat?post=12178"},{"taxonomy":"product_tag","embeddable":true,"href":"https:\/\/boreait.com\/hu\/wp-json\/wp\/v2\/product_tag?post=12178"}],"curies":[{"name":"wp","href":"https:\/\/api.w.org\/{rel}","templated":true}]}}