{"id":12177,"date":"2025-09-17T13:37:49","date_gmt":"2025-09-17T11:37:49","guid":{"rendered":"https:\/\/boreait.com\/hu\/?post_type=product&#038;p=12177"},"modified":"2025-09-17T13:39:42","modified_gmt":"2025-09-17T11:39:42","slug":"mini-sas-sff-8087-4x-sata-7-pin-05-m-kabel-ssd-hdd-adapter-laptop-alkatreszek","status":"publish","type":"product","link":"https:\/\/boreait.com\/hu\/termek\/mini-sas-sff-8087-4x-sata-7-pin-05-m-kabel-ssd-hdd-adapter-laptop-alkatreszek\/","title":{"rendered":"Mini SAS SFF-8087 \u2013 4x SATA 7 Pin 0,5 M k\u00e1bel \u2013 SSD HDD Adapter \u2013 Laptop alkatr\u00e9szek"},"content":{"rendered":"<p data-start=\"715\" data-end=\"1165\">B\u0151v\u00edtse t\u00e1rhely-be\u00e1ll\u00edt\u00e1sait a <strong data-start=\"751\" data-end=\"798\">CableCreation 0,5 M Mini SAS-4 SATA-k\u00e1bellel<\/strong>, amelyet megb\u00edzhat\u00f3, nagy sebess\u00e9g\u0171 adatkapcsolatokhoz terveztek rendszere SATA-meghajt\u00f3ja \u00e9s ak\u00e1r n\u00e9gy SATA-vez\u00e9rl\u0151je k\u00f6z\u00f6tt. Ez a pr\u00e9mium min\u0151s\u00e9g\u0171 fekete belt\u00e9ri k\u00e1bel egy <strong data-start=\"959\" data-end=\"1000\">SFF-8087 dug\u00f3s 4x SATA 7 t\u0171s anya<\/strong> konfigur\u00e1ci\u00f3val rendelkezik, amely t\u00e1mogatja az <strong data-start=\"1027\" data-end=\"1055\">SAS sebess\u00e9get ak\u00e1r 1,6 Gbps-ig, \u00edgy ide\u00e1lis az SSD-k, a HDD-meghajt\u00f3k \u00e9s a HD-meghajt\u00f3k csatlakoztat\u00e1s\u00e1hoz<\/strong> szerverek \u00e9s asztali munka\u00e1llom\u00e1sok.<\/p>\n<p data-start=\"1167\" data-end=\"1351\">Ak\u00e1r egy\u00e9ni rendszert \u00e9p\u00edt, ak\u00e1r megl\u00e9v\u0151 <strong data-start=\"1229\" data-end=\"1245\">laptop alkatr\u00e9szeket<\/strong> cser\u00e9l, ez a k\u00e1bel egy kompakt \u00e9s alapvet\u0151 friss\u00edt\u00e9s, amely hat\u00e9kony adat\u00e1raml\u00e1st \u00e9s stabil teljes\u00edtm\u00e9nyt biztos\u00edt.<\/p>\n<p data-start=\"1353\" data-end=\"1370\"><strong data-start=\"1353\" data-end=\"1370\">F\u0151bb jellemz\u0151k:<\/strong><\/p>\n<ul data-start=\"1371\" data-end=\"1802\">\n<li data-start=\"1371\" data-end=\"1414\">\n<p data-start=\"1373\" data-end=\"1414\"><strong data-start=\"1373\" data-end=\"1389\">A csatlakoz\u00f3:<\/strong> Mini SAS SFF-8087 dug\u00f3<\/p>\n<\/li>\n<li data-start=\"1415\" data-end=\"1456\">\n<p data-start=\"1417\" data-end=\"1456\"><strong data-start=\"1417\" data-end=\"1433\">B csatlakoz\u00f3:<\/strong> 4 x SATA 7 t\u0171s aljzat<\/p>\n<\/li>\n<li data-start=\"1457\" data-end=\"1489\">\n<p data-start=\"1459\" data-end=\"1489\"><strong data-start=\"1459\" data-end=\"1470\">Hossz:<\/strong> 0,5 m\u00e9ter (50 cm)<\/p>\n<\/li>\n<li data-start=\"1490\" data-end=\"1536\">\n<p data-start=\"1492\" data-end=\"1536\"><strong data-start=\"1492\" data-end=\"1510\">Sebess\u00e9gt\u00e1mogat\u00e1s:<\/strong> Ak\u00e1r 1,6 Gbps (SAS 1.0)<\/p>\n<\/li>\n<li data-start=\"1537\" data-end=\"1630\">\n<p data-start=\"1539\" data-end=\"1630\"><strong data-start=\"1539\" data-end=\"1552\">Haszn\u00e1lati eset:<\/strong> Csatlakoztasson ak\u00e1r 4 SATA HDD-t, SSD-t vagy optikai meghajt\u00f3t egy Mini SAS vez\u00e9rl\u0151h\u00f6z<\/p>\n<\/li>\n<li data-start=\"1631\" data-end=\"1749\">\n<p data-start=\"1633\" data-end=\"1749\"><strong data-start=\"1633\" data-end=\"1649\">Alkalmaz\u00e1s:<\/strong> T\u00f6k\u00e9letes bels\u0151 laptop- \u00e9s szerverkonfigur\u00e1ci\u00f3khoz, otthoni NAS-rendszerekhez \u00e9s adat-helyre\u00e1ll\u00edt\u00e1si be\u00e1ll\u00edt\u00e1sokhoz<\/p>\n<\/li>\n<li data-start=\"1750\" data-end=\"1770\">\n<p data-start=\"1752\" data-end=\"1770\"><strong data-start=\"1752\" data-end=\"1762\">Sz\u00edn:<\/strong> Fekete<\/p>\n<\/li>\n<li data-start=\"1771\" data-end=\"1802\">\n<p data-start=\"1773\" data-end=\"1802\"><strong data-start=\"1773\" data-end=\"1789\">K\u00f6rnyezet:<\/strong> Belt\u00e9ri haszn\u00e1lat<\/p>\n<\/li>\n<\/ul>\n<p data-start=\"1804\" data-end=\"2017\">\ud83d\udca1 <strong data-start=\"1807\" data-end=\"1816\">Megjegyz\u00e9s:<\/strong><br data-start=\"1816\" data-end=\"1819\" \/>Ez az adatlap a <strong data-start=\"1843\"7\">val\u00f3di adatokra vonatkozik fot\u00f3k<\/strong> \u2013 pontosan azt kapod, amit l\u00e1tsz.<br data-start=\"1913\" data-end=\"1916\" \/>Telep\u00edt\u00e9si utas\u00edt\u00e1sokat nem adunk, de sz\u00edvesen seg\u00edt\u00fcnk, ha k\u00e9rd\u00e9seid vannak!<\/p>\n","protected":false},"excerpt":{"rendered":"<p>Nagy sebess\u00e9g\u0171 Mini SAS-4x SATA k\u00e1bel (0,5 M), ide\u00e1lis SSD-k, HDD-k vagy optikai meghajt\u00f3k csatlakoztat\u00e1s\u00e1hoz. T\u00f6k\u00e9letes laptopok, szerverek \u00e9s munka\u00e1llom\u00e1sok friss\u00edt\u00e9s\u00e9hez.<\/p>\n","protected":false},"featured_media":12234,"template":"","meta":[],"product_brand":[],"product_cat":[20],"product_tag":[],"class_list":{"0":"post-12177","1":"product","2":"type-product","3":"status-publish","4":"has-post-thumbnail","6":"product_cat-cables","8":"first","9":"instock","10":"taxable","11":"shipping-taxable","12":"purchasable","13":"product-type-simple"},"_links":{"self":[{"href":"https:\/\/boreait.com\/hu\/wp-json\/wp\/v2\/product\/12177","targetHints":{"allow":["GET"]}}],"collection":[{"href":"https:\/\/boreait.com\/hu\/wp-json\/wp\/v2\/product"}],"about":[{"href":"https:\/\/boreait.com\/hu\/wp-json\/wp\/v2\/types\/product"}],"wp:featuredmedia":[{"embeddable":true,"href":"https:\/\/boreait.com\/hu\/wp-json\/wp\/v2\/media\/12234"}],"wp:attachment":[{"href":"https:\/\/boreait.com\/hu\/wp-json\/wp\/v2\/media?parent=12177"}],"wp:term":[{"taxonomy":"product_brand","embeddable":true,"href":"https:\/\/boreait.com\/hu\/wp-json\/wp\/v2\/product_brand?post=12177"},{"taxonomy":"product_cat","embeddable":true,"href":"https:\/\/boreait.com\/hu\/wp-json\/wp\/v2\/product_cat?post=12177"},{"taxonomy":"product_tag","embeddable":true,"href":"https:\/\/boreait.com\/hu\/wp-json\/wp\/v2\/product_tag?post=12177"}],"curies":[{"name":"wp","href":"https:\/\/api.w.org\/{rel}","templated":true}]}}