{"id":12174,"date":"2025-09-17T13:37:49","date_gmt":"2025-09-17T11:37:49","guid":{"rendered":"https:\/\/boreait.com\/hu\/?post_type=product&#038;p=12174"},"modified":"2025-09-17T13:39:33","modified_gmt":"2025-09-17T11:39:33","slug":"lenovo-ideapad-3-17iil05-hangszorokeszlet-pk23000sty0-eh14-eredeti-laptop-alkatresz","status":"publish","type":"product","link":"https:\/\/boreait.com\/hu\/termek\/lenovo-ideapad-3-17iil05-hangszorokeszlet-pk23000sty0-eh14-eredeti-laptop-alkatresz\/","title":{"rendered":"Lenovo IdeaPad 3 17IIL05 hangsz\u00f3r\u00f3k\u00e9szlet PK23000STY0 (EH14) Eredeti laptop alkatr\u00e9sz"},"content":{"rendered":"<p data-start=\"587\" data-end=\"782\">Friss\u00edtse vagy jav\u00edtsa meg Lenovo IdeaPad 3 17IIL05 (EH14) k\u00e9sz\u00fcl\u00e9k\u00e9t ezzel az eredeti <strong data-start=\"661\" data-end=\"697\">Lenovo hangsz\u00f3r\u00f3k\u00e9szlettel (PK23000STY0)<\/strong> \u2013 ez egy kifejezetten a<\/p>\n<p> tiszta, konzisztens laptop hanghoz tervezett alkatr\u00e9sz.<\/p>\n<p data-start=\"784\" data-end=\"1045\">Ak\u00e1r a megl\u00e9v\u0151 hangsz\u00f3r\u00f3i s\u00e9r\u00fcltek, ak\u00e1r torz hangot adnak ki, ak\u00e1r teljesen nem m\u0171k\u00f6dnek, ez a cserek\u00e9szlet t\u00f6k\u00e9letesen illeszkedik. Ide\u00e1lis technikusok, jav\u00edt\u00f3m\u0171helyek vagy egy\u00e9ni laptop-felhaszn\u00e1l\u00f3k sz\u00e1m\u00e1ra, akik kompromisszumok n\u00e9lk\u00fcl keresnek megb\u00edzhat\u00f3 <strong data-start=\"1009\" data-end=\"1025\">laptop alkatr\u00e9szeket<\/strong>.<\/p>\n<p data-start=\"1047\" data-end=\"1373\">\u2714\ufe0f <strong data-start=\"1050\" data-end=\"1073\">Modell kompatibilit\u00e1s<\/strong>: Lenovo IdeaPad 3 17IIL05 (EH14)<br data-start=\"1106\" data-end=\"110\"9\"\u2714\ufe0f \/strong>data adatok <strong data-start=\"1198\" data-end=\"1208\">Fot\u00f3k<\/strong>: Pontosan azt fogod kapni, amit l\u00e1tsz \u2013 val\u00f3di term\u00e9kk\u00e9peket<br data-start=\"1275\" data-end=\"1278\" \/>\u2714\ufe0f <strong data-start=\"1281\" data-end=\"1297\">Fot\u00f3k, de ha \u00fagy \u00e9rzed, nincs sz\u00fcks\u00e9ged telep\u00edt\u00e9si utas\u00edt\u00e1sra<\/strong> \u00fatmutat\u00e1st<\/p>\n<p data-start=\"1375\" data-end=\"1580\">Eur\u00f3pa-szerte \u00e9s vil\u00e1gszerte sz\u00e1ll\u00edtunk, \u00edgy seg\u00edt\u00fcnk \u00d6nnek gyorsan \u00e9s megfizethet\u0151en beszerezni a sz\u00fcks\u00e9ges laptop-alkatr\u00e9szeket. Ez egy <strong data-start=\"1486\" data-end=\"1510\">eredeti Lenovo alkatr\u00e9sz<\/strong>, nem pedig egy harmadik f\u00e9lt\u0151l sz\u00e1rmaz\u00f3 m\u00e1solat, amely biztos\u00edtja a teljes kompatibilit\u00e1st \u00e9s teljes\u00edtm\u00e9nyt.<\/p>\n","protected":false},"excerpt":{"rendered":"<p>Eredeti Lenovo hangsz\u00f3r\u00f3k\u00e9szlet PK23000STY0 IdeaPad 3 17IIL05 (EH14) k\u00e9sz\u00fcl\u00e9khez. T\u00f6k\u00e9letes cserealkatr\u00e9sz a tiszta hangkimenet helyre\u00e1ll\u00edt\u00e1s\u00e1hoz. Val\u00f3di term\u00e9kfot\u00f3k mell\u00e9kelve.<\/p>\n","protected":false},"featured_media":12231,"template":"","meta":[],"product_brand":[],"product_cat":[18],"product_tag":[26],"class_list":{"0":"post-12174","1":"product","2":"type-product","3":"status-publish","4":"has-post-thumbnail","6":"product_cat-laptop-speakers","7":"product_tag-lenovo","9":"first","10":"instock","11":"taxable","12":"shipping-taxable","13":"purchasable","14":"product-type-simple"},"_links":{"self":[{"href":"https:\/\/boreait.com\/hu\/wp-json\/wp\/v2\/product\/12174","targetHints":{"allow":["GET"]}}],"collection":[{"href":"https:\/\/boreait.com\/hu\/wp-json\/wp\/v2\/product"}],"about":[{"href":"https:\/\/boreait.com\/hu\/wp-json\/wp\/v2\/types\/product"}],"wp:featuredmedia":[{"embeddable":true,"href":"https:\/\/boreait.com\/hu\/wp-json\/wp\/v2\/media\/12231"}],"wp:attachment":[{"href":"https:\/\/boreait.com\/hu\/wp-json\/wp\/v2\/media?parent=12174"}],"wp:term":[{"taxonomy":"product_brand","embeddable":true,"href":"https:\/\/boreait.com\/hu\/wp-json\/wp\/v2\/product_brand?post=12174"},{"taxonomy":"product_cat","embeddable":true,"href":"https:\/\/boreait.com\/hu\/wp-json\/wp\/v2\/product_cat?post=12174"},{"taxonomy":"product_tag","embeddable":true,"href":"https:\/\/boreait.com\/hu\/wp-json\/wp\/v2\/product_tag?post=12174"}],"curies":[{"name":"wp","href":"https:\/\/api.w.org\/{rel}","templated":true}]}}