{"id":12161,"date":"2025-09-17T13:37:24","date_gmt":"2025-09-17T11:37:24","guid":{"rendered":"https:\/\/boreait.com\/hu\/?post_type=product&#038;p=12161"},"modified":"2025-09-17T13:39:14","modified_gmt":"2025-09-17T11:39:14","slug":"lenovo-ideapad-3-17ada05-ns-c863-usb-tapkartya-5c50s25053","status":"publish","type":"product","link":"https:\/\/boreait.com\/hu\/termek\/lenovo-ideapad-3-17ada05-ns-c863-usb-tapkartya-5c50s25053\/","title":{"rendered":"Lenovo IdeaPad 3-17ADA05 NS-C863 USB t\u00e1pk\u00e1rtya 5C50S25053"},"content":{"rendered":"<p data-start=\"596\" data-end=\"913\">Ez egy <strong data-start=\"606\" data-end=\"638\">eredeti haszn\u00e1lt USB t\u00e1pk\u00e1rtya<\/strong> a <strong data-start=\"647\" data-end=\"689\">Lenovo IdeaPad 3-17ADA05 (Modell: 81W, start number=&#8221;0-&#8222;tartam) data-end=&#8221;717&#8243;>5C50S25053<\/strong>, k\u00e1rtyaazonos\u00edt\u00f3 <strong data-start=\"728\" data-end=\"739\">NS-C863<\/strong>. Ide\u00e1lis az USB \u00e9s a t\u00e1pcsatlakoz\u00f3 m\u0171k\u00f6d\u00e9s\u00e9nek helyre\u00e1ll\u00edt\u00e1s\u00e1hoz, ezt a <strong data-start=\"800\" data-end=\"815\">laptop alkatr\u00e9szt<\/strong> gondosan elt\u00e1vol\u00edtott\u00e1k, teljes k\u00f6r\u0171en tesztelt\u00e9k, \u00e9s meger\u0151s\u00edtett\u00e9k, hogy <strong data-start=\"881\" data-end=\"912\">kiv\u00e1l\u00f3 m\u0171k\u00f6d\u00e9si \u00e1llapotban<\/strong>.<\/p>\n<p data-start=\"915\" data-end=\"1121\">Ha az USB-portok meghib\u00e1sodtak, vagy az eszk\u00f6z nem t\u00f6lt\u0151dik megfelel\u0151en, ez a k\u00e1rtya megb\u00edzhat\u00f3 \u00e9s k\u00f6lts\u00e9ghat\u00e9kony csere. Ez egy eredeti Lenovo alkatr\u00e9sz \u2013 nincs sz\u00fcks\u00e9g kompatibilit\u00e1si probl\u00e9m\u00e1kra vagy m\u00f3dos\u00edt\u00e1sokra.<\/p>\n<p data-start=\"1123\" data-end=\"1147\">\u2705 <strong data-start=\"1125\" data-end=\"1145\">Term\u00e9k r\u00e9szletei:<\/strong><\/p>\n<ul data-start=\"1148\" data-end=\"1369\">\n<li data-start=\"1148\" data-end=\"1197\">\n<p data-start=\"1150\" data-end=\"1197\"><strong data-start=\"1150\" data-end=\"1164\">\u00c1llapot:<\/strong> Haszn\u00e1lt, tesztelt, teljesen m\u0171k\u00f6d\u0151k\u00e9pes<\/p>\n<\/li>\n<li data-start=\"1198\" data-end=\"1229\">\n<p data-start=\"1200\" data-end=\"1229\"><strong data-start=\"1200\" data-end=\"1216\">Alkatr\u00e9szsz\u00e1m:<\/strong> 5C50S25053<\/p>\n<\/li>\n<li data-start=\"1230\" data-end=\"1255\">\n<p data-start=\"1232\" data-end=\"1255\"><strong data-start=\"1232\" data-end=\"1245\">T\u00e1rlapazonos\u00edt\u00f3:<\/strong> NS-C863<\/p>\n<\/li>\n<li data-start=\"1256\" data-end=\"1310\">\n<p data-start=\"1258\" data-end=\"1310\"><strong data-start=\"1258\" data-end=\"1276\">Kompatibilit\u00e1s:<\/strong> Lenovo IdeaPad 3-17ADA05 (81W2)<\/p>\n<\/li>\n<li data-start=\"1311\" data-end=\"1369\">\n<p data-start=\"1313\" data-end=\"1369\"><strong data-start=\"1313\" data-end=\"1326\">Kateg\u00f3ria:<\/strong> Laptop alkatr\u00e9szek \/ USB \u00e9s t\u00e1pell\u00e1t\u00e1s bemeneti k\u00e1rtya<\/p>\n<\/li>\n<\/ul>\n<p data-start=\"1371\" data-end=\"1534\">\ud83d\udce9 Nem adunk telep\u00edt\u00e9si utas\u00edt\u00e1sokat. Ha nem biztos abban, hogy ez az alkatr\u00e9sz illik-e laptopj\u00e1hoz, vagy seg\u00edts\u00e9gre van sz\u00fcks\u00e9ge a v\u00e1s\u00e1rl\u00e1s el\u0151tt vagy ut\u00e1n, \u00edrjon nek\u00fcnk \u00fczenetet.<\/p>\n<p data-start=\"1536\" data-end=\"1629\">\ud83d\udcf7 <strong data-start=\"1539\" data-end=\"1586\">Val\u00f3di fot\u00f3kat tartalmaznak a t\u00e9nyleges r\u00e9szr\u0151l<\/strong> \u2013 pontosan azt kapod, amit l\u00e1tsz.<\/p>\n","protected":false},"excerpt":{"rendered":"<p>Eredeti haszn\u00e1lt USB t\u00e1pegys\u00e9g a Lenovo IdeaPad 3-17ADA05-t\u0151l. Teljesen tesztelt, m\u0171k\u00f6d\u0151k\u00e9pes \u00e1llapotban. Cikksz\u00e1m 5C50S25053 (NS-C863).<\/p>\n","protected":false},"featured_media":12223,"template":"","meta":[],"product_brand":[],"product_cat":[27],"product_tag":[26],"class_list":{"0":"post-12161","1":"product","2":"type-product","3":"status-publish","4":"has-post-thumbnail","6":"product_cat-motherboards-board-parts","7":"product_tag-lenovo","9":"first","10":"instock","11":"taxable","12":"shipping-taxable","13":"purchasable","14":"product-type-simple"},"_links":{"self":[{"href":"https:\/\/boreait.com\/hu\/wp-json\/wp\/v2\/product\/12161","targetHints":{"allow":["GET"]}}],"collection":[{"href":"https:\/\/boreait.com\/hu\/wp-json\/wp\/v2\/product"}],"about":[{"href":"https:\/\/boreait.com\/hu\/wp-json\/wp\/v2\/types\/product"}],"wp:featuredmedia":[{"embeddable":true,"href":"https:\/\/boreait.com\/hu\/wp-json\/wp\/v2\/media\/12223"}],"wp:attachment":[{"href":"https:\/\/boreait.com\/hu\/wp-json\/wp\/v2\/media?parent=12161"}],"wp:term":[{"taxonomy":"product_brand","embeddable":true,"href":"https:\/\/boreait.com\/hu\/wp-json\/wp\/v2\/product_brand?post=12161"},{"taxonomy":"product_cat","embeddable":true,"href":"https:\/\/boreait.com\/hu\/wp-json\/wp\/v2\/product_cat?post=12161"},{"taxonomy":"product_tag","embeddable":true,"href":"https:\/\/boreait.com\/hu\/wp-json\/wp\/v2\/product_tag?post=12161"}],"curies":[{"name":"wp","href":"https:\/\/api.w.org\/{rel}","templated":true}]}}