{"id":12158,"date":"2025-09-17T13:37:23","date_gmt":"2025-09-17T11:37:23","guid":{"rendered":"https:\/\/boreait.com\/hu\/?post_type=product&#038;p=12158"},"modified":"2025-09-17T13:38:54","modified_gmt":"2025-09-17T11:38:54","slug":"eredeti-lenovo-lcd-elolap-ap1jx000200-ideapad-3-17iil05-laptop-alkatreszek","status":"publish","type":"product","link":"https:\/\/boreait.com\/hu\/termek\/eredeti-lenovo-lcd-elolap-ap1jx000200-ideapad-3-17iil05-laptop-alkatreszek\/","title":{"rendered":"EREDETI Lenovo LCD el\u0151lap AP1JX000200 IdeaPad 3 17IIL05 | Laptop alkatr\u00e9szek"},"content":{"rendered":"<p data-start=\"701\" data-end=\"1013\">Helyezze vissza Lenovo laptopj\u00e1t ezzel az <strong data-start=\"738\" data-end=\"776\">eredeti, eredeti LCD-kijelz\u0151 el\u0151lappal<\/strong>, a cikksz\u00e1m: <strong data-start=\"790\" data-end=\"805\">AP1JX000200<\/strong>, kifejezetten a 3-hoz tervezve. data-end=&#8221;865&#8243;>Lenovo IdeaPad 3 17IIL05<\/strong> modell. Ak\u00e1r egy repedt vagy s\u00e9r\u00fclt el\u0151lapot cser\u00e9l, ak\u00e1r teljes kijelz\u0151jav\u00edt\u00e1st v\u00e9gez, ez a kiv\u00e1l\u00f3 min\u0151s\u00e9g\u0171 alkatr\u00e9sz t\u00f6k\u00e9letes illeszked\u00e9st \u00e9s fel\u00fcletet biztos\u00edt.<\/p>\n<h3 data-start=\"1015\" data-end=\"1038\">\ud83d\udd27 Term\u00e9k r\u00e9szletek:<\/h3>\n<ul data-start=\"1039\" data-end=\"1408\">\n<li data-start=\"1039\" data-end=\"1060\">\n<p data-start=\"1041\" data-end=\"1060\"><strong data-start=\"1041\" data-end=\"1051\">M\u00e1rka:<\/strong> Lenovo<\/p>\n<\/li>\n<li data-start=\"1061\" data-end=\"1093\">\n<p data-start=\"1063\" data-end=\"1093\"><strong data-start=\"1063\" data-end=\"1079\">Alkatr\u00e9szsz\u00e1m:<\/strong> AP1JX000200<\/p>\n<\/li>\n<li data-start=\"1094\" data-end=\"1148\">\n<p data-start=\"1096\" data-end=\"1148\"><strong data-start=\"1096\" data-end=\"1120\">Modell kompatibilit\u00e1s:<\/strong> IdeaPad 3 17IIL05 (17.3&#8243;)<\/p>\n<\/li>\n<li data-start=\"1149\" data-end=\"1218\">\n<p data-start=\"1151\" data-end=\"1218\"><strong data-start=\"1151\" data-end=\"1165\">\u00c1llapot:<\/strong> Eredeti \u00e9s haszn\u00e1lt (teljesen ellen\u0151rz\u00f6tt \u00e9s m\u0171k\u00f6d\u0151k\u00e9pes)<\/p>\n<\/li>\n<li data-start=\"1219\" data-end=\"1255\">\n<p data-start=\"1221\" data-end=\"1255\"><strong data-start=\"1221\" data-end=\"1230\">T\u00edpus:<\/strong> LCD-k\u00e9perny\u0151 el\u0151lapja<\/p>\n<\/li>\n<li data-start=\"1256\" data-end=\"1302\">\n<p data-start=\"1258\" data-end=\"1302\"><strong data-start=\"1258\" data-end=\"1271\">Anyag:<\/strong> Tart\u00f3s m\u0171anyag szerkezet<\/p>\n<\/li>\n<li data-start=\"1303\" data-end=\"1329\">\n<p data-start=\"1305\" data-end=\"1329\"><strong data-start=\"1305\" data-end=\"1315\">Sz\u00edn:<\/strong> Matt fekete<\/p>\n<\/li>\n<li data-start=\"1330\" data-end=\"1408\">\n<p data-start=\"1332\" data-end=\"1408\"><strong data-start=\"1332\" data-end=\"1343\">Fot\u00f3k:<\/strong> Val\u00f3di fot\u00f3k a t\u00e9nyleges alkatr\u00e9szr\u0151l \u2013 nincsenek stock k\u00e9pek.<\/p>\n<\/li>\n<\/ul>\n<p data-start=\"1410\" data-end=\"1584\">Ez egy <strong data-start=\"1420\" data-end=\"1450\">eredeti Lenovo laptop alkatr\u00e9sz<\/strong>, nem pedig egy harmadik f\u00e9lt\u0151l sz\u00e1rmaz\u00f3 replika. Ide\u00e1lis jav\u00edt\u00f3m\u0171helyeknek, technikusoknak vagy bark\u00e1csfelhaszn\u00e1l\u00f3knak, akiknek megb\u00edzhat\u00f3 laptop-alkatr\u00e9szekre van sz\u00fcks\u00e9g\u00fck Lenovo IdeaPad-jukhoz.<\/p>\n<p data-start=\"1586\" data-end=\"1743\">Nem adunk hozz\u00e1 telep\u00edt\u00e9si utas\u00edt\u00e1sokat, de nyugodtan forduljon hozz\u00e1nk, ha seg\u00edts\u00e9gre van sz\u00fcks\u00e9ge a kompatibilit\u00e1s meghat\u00e1roz\u00e1s\u00e1ban, vagy \u00fatmutat\u00e1sra van sz\u00fcks\u00e9ge \u2013 \u00f6r\u00f6mmel seg\u00edt\u00fcnk!<\/p>\n<p data-start=\"1586\" data-end=\"1743\">\ud83d\udcbc <strong data-start=\"1753\" data-end=\"1777\">Mi\u00e9rt \u00e9rdemes a Siggm\u00f3t\u00f3l v\u00e1s\u00e1rolni?<\/strong><\/p>\n<ul data-start=\"1778\" data-end=\"2020\">\n<li data-start=\"1778\" data-end=\"1848\">\n<p data-start=\"1780\" data-end=\"1848\">Val\u00f3di fot\u00f3k a laptop t\u00e9nyleges alkatr\u00e9szeir\u0151l \u2013 amit l\u00e1tsz, azt kapod.<\/p>\n<\/li>\n<li data-start=\"1849\" data-end=\"1890\">\n<p data-start=\"1851\" data-end=\"1890\">Gyors \u00e9s megb\u00edzhat\u00f3 sz\u00e1ll\u00edt\u00e1s vil\u00e1gszerte.<\/p>\n<\/li>\n<li data-start=\"1891\" data-end=\"1960\">\n<p data-start=\"1893\" data-end=\"1960\">Eur\u00f3pai sz\u00e9khely\u0171, eredeti laptop-alkatr\u00e9szek beszerz\u00e9s\u00e9ben j\u00e1rtas szak\u00e9rtelemmel.<\/p>\n<\/li>\n<li data-start=\"1961\" data-end=\"2020\">\n<p data-start=\"1963\" data-end=\"2020\">Kiv\u00e1l\u00f3 \u00fcgyf\u00e9lszolg\u00e1lat \u2013 \u00e1llunk rendelkez\u00e9s\u00e9re, ha seg\u00edts\u00e9gre van sz\u00fcks\u00e9ge!<\/p>\n<\/li>\n<\/ul>\n<p>&nbsp;<\/p>\n<p data-start=\"2027\" data-end=\"2074\">\ud83d\udce6 Eur\u00f3p\u00e1b\u00f3l sz\u00e1ll\u00edtjuk. <strong data-start=\"2060\" data-end=\"2073\">Vil\u00e1gszerte<\/strong> sz\u00e1ll\u00edtjuk.<\/p>\n<p data-start=\"2076\" data-end=\"2239\">Ha Lenovo IdeaPad 3 17IIL05 k\u00e9sz\u00fcl\u00e9k\u00e9t jav\u00edtja vagy fel\u00faj\u00edtja, erre a <strong data-start=\"2148\" data-end=\"2171\">a hiteles LCD el\u0151lapra<\/strong> van sz\u00fcks\u00e9ge. Rendelje meg most, \u00e9s keltse \u00fajra \u00e9letre laptopj\u00e1t!<\/p>\n","protected":false},"excerpt":{"rendered":"<p>Eredeti Lenovo LCD k\u00e9perny\u0151 el\u0151lap (cikksz\u00e1m: AP1JX000200) IdeaPad 3 17IIL05 k\u00e9sz\u00fcl\u00e9khez. Eredeti cserealkatr\u00e9sz \u2013 ide\u00e1lis a k\u00e9perny\u0151 jav\u00edt\u00e1s\u00e1hoz vagy cser\u00e9j\u00e9hez. Val\u00f3di fot\u00f3k mell\u00e9kelve.<\/p>\n","protected":false},"featured_media":12211,"template":"","meta":[],"product_brand":[],"product_cat":[16],"product_tag":[26],"class_list":{"0":"post-12158","1":"product","2":"type-product","3":"status-publish","4":"has-post-thumbnail","6":"product_cat-laptop-housing","7":"product_tag-lenovo","9":"first","10":"instock","11":"taxable","12":"shipping-taxable","13":"purchasable","14":"product-type-simple"},"_links":{"self":[{"href":"https:\/\/boreait.com\/hu\/wp-json\/wp\/v2\/product\/12158","targetHints":{"allow":["GET"]}}],"collection":[{"href":"https:\/\/boreait.com\/hu\/wp-json\/wp\/v2\/product"}],"about":[{"href":"https:\/\/boreait.com\/hu\/wp-json\/wp\/v2\/types\/product"}],"wp:featuredmedia":[{"embeddable":true,"href":"https:\/\/boreait.com\/hu\/wp-json\/wp\/v2\/media\/12211"}],"wp:attachment":[{"href":"https:\/\/boreait.com\/hu\/wp-json\/wp\/v2\/media?parent=12158"}],"wp:term":[{"taxonomy":"product_brand","embeddable":true,"href":"https:\/\/boreait.com\/hu\/wp-json\/wp\/v2\/product_brand?post=12158"},{"taxonomy":"product_cat","embeddable":true,"href":"https:\/\/boreait.com\/hu\/wp-json\/wp\/v2\/product_cat?post=12158"},{"taxonomy":"product_tag","embeddable":true,"href":"https:\/\/boreait.com\/hu\/wp-json\/wp\/v2\/product_tag?post=12158"}],"curies":[{"name":"wp","href":"https:\/\/api.w.org\/{rel}","templated":true}]}}