{"id":12156,"date":"2025-09-17T13:37:23","date_gmt":"2025-09-17T11:37:23","guid":{"rendered":"https:\/\/boreait.com\/hu\/?post_type=product&#038;p=12156"},"modified":"2025-09-17T13:38:47","modified_gmt":"2025-09-17T11:38:47","slug":"lenovo-ideapad-3-17are05-also-borito-fekete-5cb0x56774-eredeti-laptop-alkatresz-eu-elado","status":"publish","type":"product","link":"https:\/\/boreait.com\/hu\/termek\/lenovo-ideapad-3-17are05-also-borito-fekete-5cb0x56774-eredeti-laptop-alkatresz-eu-elado\/","title":{"rendered":"Lenovo IdeaPad 3 17ARE05 als\u00f3 bor\u00edt\u00f3 fekete 5CB0X56774 | Eredeti laptop alkatr\u00e9sz \u2013 EU elad\u00f3"},"content":{"rendered":"<p data-start=\"669\" data-end=\"756\"><strong data-start=\"669\" data-end=\"756\">Eredeti Lenovo IdeaPad 3 17ARE05 als\u00f3 burkolat 5CB0X56774 \u2013 Laptop alkatr\u00e9szek megb\u00edzhat\u00f3 EU-s elad\u00f3t\u00f3l<\/strong><\/p>\n<p data-start=\"758\" data-end=\"1020\">Ez egy eredeti csere<strong data-start=\"790\" data-end=\"811\">als\u00f3 alapbor\u00edt\u00f3<\/strong>, amely kifejezetten a <strong data-start=\"838\" data-end=\"866\">Lenovo IdeaPad 3 17ARE05<\/strong>-hez k\u00e9sz\u00fclt, a megl\u00e9v\u0151 burkolata 17ARE05<\/strong>&#8221; sorozat (17. karcos vagy s\u00e9r\u00fclt, ez az eredeti alkatr\u00e9sz vissza\u00e1ll\u00edtja laptopja kin\u00e9zet\u00e9t \u00e9s funkcionalit\u00e1s\u00e1t.<\/p>\n<p data-start=\"1022\" data-end=\"1277\">\u2714\ufe0f <strong data-start=\"1025\" data-end=\"1045\">Kompatibilis modell<\/strong>: Lenovo IdeaPad 3 17ARE05<br data-start=\"1071\" data-end=\"1074\" \/>\u2714tart=&#8221;1074&#8243; \/>-7&#8243;\ufe0f data-end=&#8221;1090&#8243;>\u00c1llapot<\/strong>: Haszn\u00e1lt, de kiv\u00e1l\u00f3 \u00e1llapot\u00fa (l\u00e1sd a val\u00f3s fot\u00f3kat)<br data-start=\"1141\" data-end=\"1144\" \/>\u2714\ufe0f <strong data-start=\"1147\" data-end=\"1156\">Sz\u00edn<\/strong>: fekete<br data-start=\"1163\" data-6\" \/strong>6\ufe0f adatok<\/p>\n<p data-start=\"1279\" data-end=\"1530\">Ez az alkatr\u00e9sz <strong data-start=\"1292\" data-end=\"1339\">t\u00f6k\u00e9letesen illeszkedik a 17ARE05 AMD sorozathoz<\/strong>, amely szoros illeszked\u00e9st \u00e9s biztons\u00e1gos bels\u0151 hardverv\u00e9delmet biztos\u00edt. Legyen sz\u00f3 jav\u00edt\u00e1si szakemberr\u0151l vagy bark\u00e1csol\u00e1sra v\u00e1gy\u00f3r\u00f3l, \u00e9rt\u00e9kelni fogja ennek az eredeti alkatr\u00e9sznek a pontoss\u00e1g\u00e1t \u00e9s min\u0151s\u00e9g\u00e9t.<\/p>\n<p data-start=\"1532\" data-end=\"1561\">\ud83d\udd39 <strong data-start=\"1535\" data-end=\"1559\">Mi\u00e9rt \u00e9rdemes a Siggm\u00f3t\u00f3l v\u00e1s\u00e1rolni?<\/strong><\/p>\n<ul data-start=\"1562\" data-end=\"1811\">\n<li data-start=\"1562\" data-end=\"1638\">\n<p data-start=\"1564\" data-end=\"1638\">Val\u00f3di, j\u00f3 min\u0151s\u00e9g\u0171 term\u00e9kfot\u00f3k \u2013 pontosan azt kapod, amit l\u00e1tsz<\/p>\n<\/li>\n<li data-start=\"1639\" data-end=\"1668\">\n<p data-start=\"1641\" data-end=\"1668\">Gyorsan sz\u00e1ll\u00edtjuk Eur\u00f3p\u00e1b\u00f3l<\/p>\n<\/li>\n<li data-start=\"1669\" data-end=\"1740\">\n<p data-start=\"1671\" data-end=\"1740\">Szak\u00e9rt\u0151i t\u00e1mogat\u00e1s: Ha seg\u00edts\u00e9gre van sz\u00fcks\u00e9ge a kompatibilit\u00e1s ellen\u0151rz\u00e9s\u00e9hez, \u00edrjon nek\u00fcnk.<\/p>\n<\/li>\n<li data-start=\"1741\" data-end=\"1811\">\n<p data-start=\"1743\" data-end=\"1811\">A <strong data-start=\"1760\" data-end=\"1776\">laptop alkatr\u00e9szekre<\/strong> szakosodunk \u2013 k\u00e9perny\u0151k, burkolatok, zsan\u00e9rok \u00e9s amp; tov\u00e1bb<\/p>\n<\/li>\n<\/ul>\n<p data-start=\"1813\" data-end=\"1977\">\ud83d\udee0\ufe0f <em data-start=\"1817\" data-end=\"1977\">Megjegyz\u00e9s: Nem adunk cser\u00e9re vonatkoz\u00f3 utas\u00edt\u00e1sokat, de nyugodtan \u00edrjon nek\u00fcnk, ha seg\u00edts\u00e9gre vagy pontos\u00edt\u00e1sra van sz\u00fcks\u00e9ge. A telep\u00edt\u00e9st szakember \u00e1ltal javasolt.<\/em><\/p>\n","protected":false},"excerpt":{"rendered":"<p>Eredeti als\u00f3 alapburkolat Lenovo IdeaPad 3 17ARE05-h\u00f6z. Eredeti alkatr\u00e9sz, val\u00f3di fot\u00f3k. Haj\u00f3k Eur\u00f3p\u00e1b\u00f3l.<\/p>\n","protected":false},"featured_media":12208,"template":"","meta":[],"product_brand":[],"product_cat":[16],"product_tag":[26],"class_list":{"0":"post-12156","1":"product","2":"type-product","3":"status-publish","4":"has-post-thumbnail","6":"product_cat-laptop-housing","7":"product_tag-lenovo","9":"first","10":"instock","11":"taxable","12":"shipping-taxable","13":"purchasable","14":"product-type-simple"},"_links":{"self":[{"href":"https:\/\/boreait.com\/hu\/wp-json\/wp\/v2\/product\/12156","targetHints":{"allow":["GET"]}}],"collection":[{"href":"https:\/\/boreait.com\/hu\/wp-json\/wp\/v2\/product"}],"about":[{"href":"https:\/\/boreait.com\/hu\/wp-json\/wp\/v2\/types\/product"}],"wp:featuredmedia":[{"embeddable":true,"href":"https:\/\/boreait.com\/hu\/wp-json\/wp\/v2\/media\/12208"}],"wp:attachment":[{"href":"https:\/\/boreait.com\/hu\/wp-json\/wp\/v2\/media?parent=12156"}],"wp:term":[{"taxonomy":"product_brand","embeddable":true,"href":"https:\/\/boreait.com\/hu\/wp-json\/wp\/v2\/product_brand?post=12156"},{"taxonomy":"product_cat","embeddable":true,"href":"https:\/\/boreait.com\/hu\/wp-json\/wp\/v2\/product_cat?post=12156"},{"taxonomy":"product_tag","embeddable":true,"href":"https:\/\/boreait.com\/hu\/wp-json\/wp\/v2\/product_tag?post=12156"}],"curies":[{"name":"wp","href":"https:\/\/api.w.org\/{rel}","templated":true}]}}