{"id":12148,"date":"2025-09-17T13:37:00","date_gmt":"2025-09-17T11:37:00","guid":{"rendered":"https:\/\/boreait.com\/hu\/?post_type=product&#038;p=12148"},"modified":"2025-09-17T13:38:42","modified_gmt":"2025-09-17T11:38:42","slug":"8265ngw-wifi-kartya-sps-851594-001-867mbps-dual-band-802-11ac-laptop-alkatreszek","status":"publish","type":"product","link":"https:\/\/boreait.com\/hu\/termek\/8265ngw-wifi-kartya-sps-851594-001-867mbps-dual-band-802-11ac-laptop-alkatreszek\/","title":{"rendered":"8265NGW WiFi k\u00e1rtya SPS 851594-001 867Mbps Dual Band 802.11ac | Laptop alkatr\u00e9szek"},"content":{"rendered":"<p data-start=\"622\" data-end=\"964\">Friss\u00edtse laptopja vezet\u00e9k n\u00e9lk\u00fcli teljes\u00edtm\u00e9ny\u00e9t ezzel az <strong data-start=\"675\" data-end=\"725\">Intel Dual Band Wireless-AC 8265NGW Wi-Fi k\u00e1rty\u00e1val<\/strong>, cikksz\u00e1m: <strong data-start=\"739\" data-end=\"757\">5<\/strong>S. A <strong data-start=\"772\" data-end=\"812\">gyors \u00e9s stabil internetkapcsolatokhoz<\/strong> tervezt\u00e9k, t\u00e1mogatja a <strong data-start=\"826\" data-end=\"838\">802.11ac<\/strong> k\u00e9ts\u00e1vos Wi-Fi-t, ak\u00e1r <strong data-start=\"873\" data-start=\"873\" data-end=\"8,58b\"><strong>7,8b&#8221;>7,5 M data-start=&#8221;898&#8243; data-end=&#8221;915&#8243;>Bluetooth 4.2<\/strong> a vezet\u00e9k n\u00e9lk\u00fcli eszk\u00f6z\u00f6k z\u00f6kken\u0151mentes csatlakoztat\u00e1s\u00e1hoz.<\/p>\n<p data-start=\"966\" data-end=\"1221\">Ez az eredeti laptop alkatr\u00e9sz ide\u00e1lis azoknak a felhaszn\u00e1l\u00f3knak, akik megb\u00edzhat\u00f3 cser\u00e9t vagy teljes\u00edtm\u00e9nyn\u00f6vel\u00e9st keresnek a kompatibilis laptopokhoz. Ak\u00e1r hib\u00e1s Wi-Fi-k\u00e1rty\u00e1t jav\u00edt, ak\u00e1r r\u00e9gebbi modellr\u0151l friss\u00edt, ez a k\u00e1rtya kiv\u00e1l\u00f3 kompatibilit\u00e1st \u00e9s teljes\u00edtm\u00e9nyt k\u00edn\u00e1l.<\/p>\n<p data-start=\"1223\" data-end=\"1243\">\ud83d\udca1 <strong data-start=\"1226\" data-end=\"1243\">F\u0151bb jellemz\u0151k:<\/strong><\/p>\n<ul data-start=\"1244\" data-end=\"1604\">\n<li data-start=\"1244\" data-end=\"1270\">\n<p data-start=\"1246\" data-end=\"1270\">Modell: <strong data-start=\"1253\" data-end=\"1270\">Intel 8265NGW<\/strong><\/p>\n<\/li>\n<li data-start=\"1271\" data-end=\"1312\">\n<p data-start=\"1273\" data-end=\"1312\">P\u00f3talkatr\u00e9szsz\u00e1m (SPS): <strong data-start=\"1298\" data-end=\"1312\">851594-001<\/strong><\/p>\n<\/li>\n<li data-start=\"1313\" data-end=\"1369\">\n<p data-start=\"1315\" data-end=\"1369\">Wi-Fi szabv\u00e1ny: <strong data-start=\"1331\" data-end=\"1369\">802.11ac k\u00e9ts\u00e1vos (2,4 GHz \/ 5 GHz)<\/strong><\/p>\n<\/li>\n<li data-start=\"1370\" data-end=\"1397\">\n<p data-start=\"1372\" data-end=\"1397\">Sebess\u00e9g: <strong data-start=\"1379\" data-end=\"1397\">Ak\u00e1r 867 Mbps<\/strong><\/p>\n<\/li>\n<li data-start=\"1398\" data-end=\"1426\">\n<p data-start=\"1400\" data-end=\"1426\">Bluetooth: <strong data-start=\"1411\" data-end=\"1426\">4.2-es verzi\u00f3<\/strong><\/p>\n<\/li>\n<li data-start=\"1427\" data-end=\"1447\">\n<p data-start=\"1429\" data-end=\"1447\">M.2 NGFF interf\u00e9sz<\/p>\n<\/li>\n<li data-start=\"1448\" data-end=\"1499\">\n<p data-start=\"1450\" data-end=\"1499\">Sz\u00e1mos, NGFF-k\u00e1rty\u00e1kat t\u00e1mogat\u00f3 laptophoz megfelel\u0151<\/p>\n<\/li>\n<li data-start=\"1500\" data-end=\"1548\">\n<p data-start=\"1502\" data-end=\"1548\">\u00c1llapot: Tesztelve, m\u0171k\u00f6d\u0151 eszk\u00f6z\u00f6kr\u0151l h\u00fazva<\/p>\n<\/li>\n<li data-start=\"1549\" data-end=\"1604\">\n<p data-start=\"1551\" data-end=\"1604\">\ud83d\udcf7 <strong data-start=\"1554\" data-end=\"1604\">A fot\u00f3k a t\u00e9nylegesen megkapott t\u00e9telr\u0151l k\u00e9sz\u00fcltek<\/strong><\/p>\n<\/li>\n<\/ul>\n<p data-start=\"1606\" data-end=\"1775\">Ez a term\u00e9k a gondosan kiv\u00e1lasztott <strong data-start=\"1653\" data-end=\"1669\">laptop-alkatr\u00e9szeink<\/strong> r\u00e9sze a <strong data-start=\"1679\" data-end=\"1693\">siggmo<\/strong>n\u00e1l, megb\u00edzhat\u00f3 az <strong data-start=\"1679\" data-end=\"1693\">siggmo<\/strong>n\u00e1l, a <strong\">7=&#8221;7=&#8221;7=&#8221;17=&#8221;47=&#8221;end-10&#8243; \u00e9s a start-1-3&#8243; adatok k\u00f6z\u00f6tt. vil\u00e1gszerte<\/strong> az eredeti \u00e9s kiv\u00e1l\u00f3 min\u0151s\u00e9g\u0171 alkatr\u00e9szek\u00e9rt.<\/p>\n<p data-start=\"1777\" data-end=\"1870\">\ud83d\udce9 <strong data-start=\"1780\" data-end=\"1820\">Seg\u00edts\u00e9gre van sz\u00fcks\u00e9ge a kompatibilit\u00e1s azonos\u00edt\u00e1s\u00e1hoz?<\/strong><br data-start=\"1820\" data-end=\"1823\" \/>Sz\u00edvesen seg\u00edt\u00fcnk \u2013 csak k\u00fcldj\u00f6n \u00fczenetet!<\/p>\n<p data-start=\"1872\" data-end=\"1984\">\ud83d\udee0\ufe0f K\u00e9rj\u00fck, vegye figyelembe: a telep\u00edt\u00e9si utas\u00edt\u00e1sokat nem adjuk meg, de k\u00e9szs\u00e9ggel \u00e1llunk rendelkez\u00e9s\u00e9re, ha \u00fatmutat\u00e1sra van sz\u00fcks\u00e9ge.<\/p>\n","protected":false},"excerpt":{"rendered":"<p>Nagy sebess\u00e9g\u0171 8265NGW Wi-Fi k\u00e1rtya (SPS 851594-001) k\u00e9ts\u00e1vos 802.11ac t\u00e1mogat\u00e1ssal \u00e9s Bluetooth 4.2-vel. Tesztelt, val\u00f3di fot\u00f3k \u2013 sok laptoppal kompatibilis.<\/p>\n","protected":false},"featured_media":12207,"template":"","meta":[],"product_brand":[],"product_cat":[27],"product_tag":[25],"class_list":{"0":"post-12148","1":"product","2":"type-product","3":"status-publish","4":"has-post-thumbnail","6":"product_cat-motherboards-board-parts","7":"product_tag-hp","9":"first","10":"instock","11":"taxable","12":"shipping-taxable","13":"purchasable","14":"product-type-simple"},"_links":{"self":[{"href":"https:\/\/boreait.com\/hu\/wp-json\/wp\/v2\/product\/12148","targetHints":{"allow":["GET"]}}],"collection":[{"href":"https:\/\/boreait.com\/hu\/wp-json\/wp\/v2\/product"}],"about":[{"href":"https:\/\/boreait.com\/hu\/wp-json\/wp\/v2\/types\/product"}],"wp:featuredmedia":[{"embeddable":true,"href":"https:\/\/boreait.com\/hu\/wp-json\/wp\/v2\/media\/12207"}],"wp:attachment":[{"href":"https:\/\/boreait.com\/hu\/wp-json\/wp\/v2\/media?parent=12148"}],"wp:term":[{"taxonomy":"product_brand","embeddable":true,"href":"https:\/\/boreait.com\/hu\/wp-json\/wp\/v2\/product_brand?post=12148"},{"taxonomy":"product_cat","embeddable":true,"href":"https:\/\/boreait.com\/hu\/wp-json\/wp\/v2\/product_cat?post=12148"},{"taxonomy":"product_tag","embeddable":true,"href":"https:\/\/boreait.com\/hu\/wp-json\/wp\/v2\/product_tag?post=12148"}],"curies":[{"name":"wp","href":"https:\/\/api.w.org\/{rel}","templated":true}]}}