{"id":12147,"date":"2025-09-17T13:37:00","date_gmt":"2025-09-17T11:37:00","guid":{"rendered":"https:\/\/boreait.com\/hu\/?post_type=product&#038;p=12147"},"modified":"2025-09-17T13:38:39","modified_gmt":"2025-09-17T11:38:39","slug":"tomeges-2-x-4-gb-1rx8-ddr3-1600mhz-pc3-12800u-asztali-ram-memory-stick-tesztelt-mukodokepes","status":"publish","type":"product","link":"https:\/\/boreait.com\/hu\/termek\/tomeges-2-x-4-gb-1rx8-ddr3-1600mhz-pc3-12800u-asztali-ram-memory-stick-tesztelt-mukodokepes\/","title":{"rendered":"T\u00f6meges 2 x 4 GB 1Rx8 DDR3 1600MHz PC3-12800U asztali RAM Memory Stick \u2013 tesztelt, m\u0171k\u00f6d\u0151k\u00e9pes"},"content":{"rendered":"<p data-start=\"600\" data-end=\"778\">2-b\u0151l nagy r\u00e9sze Friss\u00edtse asztali sz\u00e1m\u00edt\u00f3g\u00e9p\u00e9t ezzel a <strong>2 x <\/strong><strong data-start=\"631\" data-end=\"678\">4 GB 1Rx8 DDR3 1600 MHz PC3-12800U PC3-12800U sim\u00e1bb teljes\u00edtm\u00e9ny\u0171 \u00e9s k\u00f6lts\u00e9ghat\u00e9konyabb RAM-modullal<\/strong>. multitasking.<\/p>\n<p data-start=\"780\" data-end=\"1080\">Ak\u00e1r hib\u00e1s botot cser\u00e9l, ak\u00e1r egyszer\u0171en csak b\u0151v\u00edti a rendszermem\u00f3ri\u00e1t, ez a modul t\u00f6k\u00e9letes a DDR3 nem pufferelt RAM-ot t\u00e1mogat\u00f3 asztali sz\u00e1m\u00edt\u00f3g\u00e9pek sz\u00e9les sk\u00e1l\u00e1j\u00e1hoz. A besorol\u00e1sa <strong data-start=\"965\" data-end=\"976\">1600 MHz<\/strong>, amely hat\u00e9kony adat\u00e1tvitelt \u00e9s gyors reag\u00e1l\u00e1st biztos\u00edt a mindennapi feladatokhoz, a k\u00f6nny\u0171 j\u00e1t\u00e9khoz \u00e9s az irodai munk\u00e1hoz.<\/p>\n<p data-start=\"1082\" data-end=\"1099\"><strong data-start=\"1082\" data-end=\"1099\">F\u0151bb jellemz\u0151k:<\/strong><\/p>\n<ul data-start=\"1100\" data-end=\"1361\">\n<li data-start=\"1100\" data-end=\"1119\">\n<p data-start=\"1102\" data-end=\"1119\">Kapacit\u00e1s: <strong data-start=\"1112\" data-end=\"1119\">4 GB<\/strong><\/p>\n<\/li>\n<li data-start=\"1120\" data-end=\"1142\">\n<p data-start=\"1122\" data-end=\"1142\">T\u00edpus: <strong data-start=\"1128\" data-end=\"1142\">DDR3 SDRAM<\/strong><\/p>\n<\/li>\n<li data-start=\"1143\" data-end=\"1176\">\n<p data-start=\"1145\" data-end=\"1176\">Sebess\u00e9g: <strong data-start=\"1152\" data-end=\"1176\">1600 MHz (PC3-12800U)<\/strong><\/p>\n<\/li>\n<li data-start=\"1177\" data-end=\"1193\">\n<p data-start=\"1179\" data-end=\"1193\">Rang: <strong data-start=\"1185\" data-end=\"1193\">1Rx8<\/strong><\/p>\n<\/li>\n<li data-start=\"1194\" data-end=\"1228\">\n<p data-start=\"1196\" data-end=\"1228\">\u0170rlapt\u00e9nyez\u0151: <strong data-start=\"1209\" data-end=\"1228\">UDIMM (asztali)<\/strong><\/p>\n<\/li>\n<li data-start=\"1229\" data-end=\"1248\">\n<p data-start=\"1231\" data-end=\"1248\">Fesz\u00fclts\u00e9g: <strong data-start=\"1240\" data-end=\"1248\">1,5 V<\/strong><\/p>\n<\/li>\n<li data-start=\"1249\" data-end=\"1302\">\n<p data-start=\"1251\" data-end=\"1302\">\u00c1llapot: <strong data-start=\"1262\" data-end=\"1302\">Haszn\u00e1lt \u2013 Teljesen tesztelt \u00e9s 100%-ban m\u0171k\u00f6dik<\/strong><\/p>\n<\/li>\n<li data-start=\"1303\" data-end=\"1361\">\n<p data-start=\"1305\" data-end=\"1361\">Kompatibilit\u00e1s: A legt\u00f6bb DDR3 asztali alaplappal m\u0171k\u00f6dik<\/p>\n<\/li>\n<\/ul>\n<p data-start=\"1363\" data-end=\"1387\"><strong data-start=\"1363\" data-end=\"1387\">Mi\u00e9rt \u00e9rdemes a Siggm\u00f3t\u00f3l v\u00e1s\u00e1rolni?<\/strong><\/p>\n<ul data-start=\"1388\" data-end=\"1636\">\n<li data-start=\"1388\" data-end=\"1447\">\n<p data-start=\"1390\" data-end=\"1447\">Val\u00f3di term\u00e9kfot\u00f3k \u2013 pontosan azt kapod, ami l\u00e1that\u00f3<\/p>\n<\/li>\n<li data-start=\"1448\" data-end=\"1511\">\n<p data-start=\"1450\" data-end=\"1511\">Alaposan megtiszt\u00edtva, valamint a teljes\u00edtm\u00e9ny \u00e9s a megb\u00edzhat\u00f3s\u00e1g szempontj\u00e1b\u00f3l tesztelve<\/p>\n<\/li>\n<li data-start=\"1512\" data-end=\"1555\">\n<p data-start=\"1514\" data-end=\"1555\">Gyors sz\u00e1ll\u00edt\u00e1s Eur\u00f3pa-szerte \u00e9s vil\u00e1gszerte<\/p>\n<\/li>\n<li data-start=\"1556\" data-end=\"1636\">\n<p data-start=\"1558\" data-end=\"1636\">Nincsenek telep\u00edt\u00e9si \u00fatmutat\u00f3k, de sz\u00edvesen seg\u00edt\u00fcnk \u00fczenetben, ha sz\u00fcks\u00e9ges<\/p>\n<\/li>\n<\/ul>\n<p data-start=\"1638\" data-end=\"1844\">Ez a modul ide\u00e1lis v\u00e1laszt\u00e1s a r\u00e9gebbi rendszerek \u00faj \u00e9letre kelt\u00e9s\u00e9hez vagy egy p\u00e9nzt\u00e1rcabar\u00e1t PC-\u00e9p\u00edt\u00e9s befejez\u00e9s\u00e9hez. A k\u00e9szlet korl\u00e1tozott \u2013 tegye a kos\u00e1rba most, \u00e9s n\u00f6velje meg asztali sz\u00e1m\u00edt\u00f3g\u00e9p\u00e9nek teljes\u00edtm\u00e9ny\u00e9t, amit meg\u00e9rdemel.<\/p>\n","protected":false},"excerpt":{"rendered":"<p data-start=\"417\" data-end=\"545\">Megb\u00edzhat\u00f3 4 GB DDR3 1600U asztali RAM (1Rx8). Ide\u00e1lis sz\u00e1m\u00edt\u00f3g\u00e9pe teljes\u00edtm\u00e9ny\u00e9nek n\u00f6vel\u00e9s\u00e9hez. Teljesen tesztelt, tiszta \u00e9s telep\u00edt\u00e9sre k\u00e9sz.<\/p>\n","protected":false},"featured_media":12206,"template":"","meta":[],"product_brand":[],"product_cat":[37,36],"product_tag":[],"class_list":{"0":"post-12147","1":"product","2":"type-product","3":"status-publish","4":"has-post-thumbnail","6":"product_cat-ddr3-ddr3l","7":"product_cat-ram-memory","9":"first","10":"instock","11":"taxable","12":"shipping-taxable","13":"purchasable","14":"product-type-simple"},"_links":{"self":[{"href":"https:\/\/boreait.com\/hu\/wp-json\/wp\/v2\/product\/12147","targetHints":{"allow":["GET"]}}],"collection":[{"href":"https:\/\/boreait.com\/hu\/wp-json\/wp\/v2\/product"}],"about":[{"href":"https:\/\/boreait.com\/hu\/wp-json\/wp\/v2\/types\/product"}],"wp:featuredmedia":[{"embeddable":true,"href":"https:\/\/boreait.com\/hu\/wp-json\/wp\/v2\/media\/12206"}],"wp:attachment":[{"href":"https:\/\/boreait.com\/hu\/wp-json\/wp\/v2\/media?parent=12147"}],"wp:term":[{"taxonomy":"product_brand","embeddable":true,"href":"https:\/\/boreait.com\/hu\/wp-json\/wp\/v2\/product_brand?post=12147"},{"taxonomy":"product_cat","embeddable":true,"href":"https:\/\/boreait.com\/hu\/wp-json\/wp\/v2\/product_cat?post=12147"},{"taxonomy":"product_tag","embeddable":true,"href":"https:\/\/boreait.com\/hu\/wp-json\/wp\/v2\/product_tag?post=12147"}],"curies":[{"name":"wp","href":"https:\/\/api.w.org\/{rel}","templated":true}]}}