{"id":12146,"date":"2025-09-17T13:37:00","date_gmt":"2025-09-17T11:37:00","guid":{"rendered":"https:\/\/boreait.com\/hu\/?post_type=product&#038;p=12146"},"modified":"2025-09-17T13:38:32","modified_gmt":"2025-09-17T11:38:32","slug":"dell-optiplex-390-790-990-23-mm-es-belso-hangszoro-29mkk-eredeti-laptop-alkatresz","status":"publish","type":"product","link":"https:\/\/boreait.com\/hu\/termek\/dell-optiplex-390-790-990-23-mm-es-belso-hangszoro-29mkk-eredeti-laptop-alkatresz\/","title":{"rendered":"Dell Optiplex 390 790 990 23 mm-es bels\u0151 hangsz\u00f3r\u00f3 29MKK \u2013 Eredeti laptop alkatr\u00e9sz"},"content":{"rendered":"<p data-start=\"475\" data-end=\"838\">Megb\u00edzhat\u00f3 cserehangsz\u00f3r\u00f3t keres Dell asztali sz\u00e1m\u00edt\u00f3g\u00e9p\u00e9hez? Ez a <strong data-start=\"546\" data-end=\"599\">Dell 23 mm-es bels\u0151 kerek hangsz\u00f3r\u00f3 (29MKK cikksz\u00e1m)<\/strong> egy <strong data-start=\"605\" data-end=\"628\">eredeti laptop-alkatr\u00e9sz<\/strong>, amely kompatibilis a <strong data-start=\"645\" data-end=\"675\">9Op=&#8221;675&#8243;>9Op=&#8221;675&#8243; 990<\/strong>es modellek. Ak\u00e1r a hangfunkci\u00f3kat \u00e1ll\u00edtja vissza, ak\u00e1r egy hib\u00e1s alkatr\u00e9szt cser\u00e9l, ez a hangsz\u00f3r\u00f3 tiszta hangkimenetet \u00e9s megfelel\u0151 illeszked\u00e9st biztos\u00edt a rendszerben.<\/p>\n<p data-start=\"840\" data-end=\"860\">\ud83d\udee0 <strong data-start=\"843\" data-end=\"859\">F\u0151bb jellemz\u0151k<\/strong>:<\/p>\n<ul data-start=\"861\" data-end=\"1240\">\n<li data-start=\"861\" data-end=\"912\">\n<p data-start=\"863\" data-end=\"912\">\u2714\ufe0f Eredeti Dell bels\u0151 hangsz\u00f3r\u00f3 \u2013 29MKK modell<\/p>\n<\/li>\n<li data-start=\"913\" data-end=\"966\">\n<p data-start=\"915\" data-end=\"966\">\u2714\ufe0f 23 mm-es kerek forma \u2013 tesztelt \u00e9s teljesen m\u0171k\u00f6d\u0151k\u00e9pes<\/p>\n<\/li>\n<li data-start=\"967\" data-end=\"1030\">\n<p data-start=\"969\" data-end=\"1030\">\u2714\ufe0f Kompatibilis a Dell Optiplex 390, 790 \u00e9s 990 asztali sz\u00e1m\u00edt\u00f3g\u00e9pekkel<\/p>\n<\/li>\n<li data-start=\"1031\" data-end=\"1088\">\n<p data-start=\"1033\" data-end=\"1088\">\u2714\ufe0f Ide\u00e1lis a hang vissza\u00e1ll\u00edt\u00e1s\u00e1hoz irodai vagy otthoni be\u00e1ll\u00edt\u00e1sokban<\/p>\n<\/li>\n<li data-start=\"1089\" data-end=\"1154\">\n<p data-start=\"1091\" data-end=\"1154\">\u2714\ufe0f Val\u00f3di term\u00e9kk\u00e9pek \u2013 pontosan azt kapod, amit l\u00e1tsz<\/p>\n<\/li>\n<li data-start=\"1155\" data-end=\"1203\">\n<p data-start=\"1157\" data-end=\"1203\">\u2714\ufe0f Gyors sz\u00e1ll\u00edt\u00e1s Eur\u00f3pa-szerte \u00e9s vil\u00e1gszerte<\/p>\n<\/li>\n<li data-start=\"1204\" data-end=\"1240\">\n<p data-start=\"1206\" data-end=\"1240\">\u2714\ufe0f Seg\u00edts\u00e9gre van sz\u00fcks\u00e9ge? Csak k\u00fcldj\u00f6n \u00fczenetet!<\/p>\n<\/li>\n<\/ul>\n<p data-start=\"1242\" data-end=\"1473\">Ez a r\u00e9sz <strong data-start=\"1257\" data-end=\"1298\">nem tartalmazza a telep\u00edt\u00e9si utas\u00edt\u00e1sokat<\/strong>, de ha seg\u00edts\u00e9gre van sz\u00fcks\u00e9ge, forduljon hozz\u00e1nk k\u00f6zvetlen\u00fcl. T\u00f6k\u00e9letes v\u00e1laszt\u00e1s IT-technikusoknak, sz\u00e1m\u00edt\u00f3g\u00e9p-jav\u00edt\u00f3 m\u0171helyeknek \u00e9s bark\u00e1csol\u00f3knak, akik <strong data-start=\"1439\" data-end=\"1470\">autentikus Dell laptop alkatr\u00e9szeket<\/strong> keresnek.<\/p>\n<p data-start=\"1475\" data-end=\"1577\">\u2705 Min\u0151s\u00e9gellen\u0151rz\u00e9s\u00fcnk \u00e9s biztons\u00e1gos csomagol\u00e1sunk m\u00f6g\u00f6tt a probl\u00e9mamentes jav\u00edt\u00e1s vagy csere.<\/p>\n","protected":false},"excerpt":{"rendered":"<p>Eredeti Dell 23 mm-es bels\u0151, kerek hangsz\u00f3r\u00f3 (29 MKK), kompatibilis az Optiplex 390, 790 \u00e9s 990 k\u00e9sz\u00fcl\u00e9kekkel. Val\u00f3di r\u00e9szfot\u00f3k. Gyors sz\u00e1ll\u00edt\u00e1s Eur\u00f3p\u00e1b\u00f3l az eg\u00e9sz vil\u00e1gon.<\/p>\n","protected":false},"featured_media":12198,"template":"","meta":[],"product_brand":[],"product_cat":[18],"product_tag":[17],"class_list":{"0":"post-12146","1":"product","2":"type-product","3":"status-publish","4":"has-post-thumbnail","6":"product_cat-laptop-speakers","7":"product_tag-dell","9":"first","10":"instock","11":"taxable","12":"shipping-taxable","13":"purchasable","14":"product-type-simple"},"_links":{"self":[{"href":"https:\/\/boreait.com\/hu\/wp-json\/wp\/v2\/product\/12146","targetHints":{"allow":["GET"]}}],"collection":[{"href":"https:\/\/boreait.com\/hu\/wp-json\/wp\/v2\/product"}],"about":[{"href":"https:\/\/boreait.com\/hu\/wp-json\/wp\/v2\/types\/product"}],"wp:featuredmedia":[{"embeddable":true,"href":"https:\/\/boreait.com\/hu\/wp-json\/wp\/v2\/media\/12198"}],"wp:attachment":[{"href":"https:\/\/boreait.com\/hu\/wp-json\/wp\/v2\/media?parent=12146"}],"wp:term":[{"taxonomy":"product_brand","embeddable":true,"href":"https:\/\/boreait.com\/hu\/wp-json\/wp\/v2\/product_brand?post=12146"},{"taxonomy":"product_cat","embeddable":true,"href":"https:\/\/boreait.com\/hu\/wp-json\/wp\/v2\/product_cat?post=12146"},{"taxonomy":"product_tag","embeddable":true,"href":"https:\/\/boreait.com\/hu\/wp-json\/wp\/v2\/product_tag?post=12146"}],"curies":[{"name":"wp","href":"https:\/\/api.w.org\/{rel}","templated":true}]}}