{"id":12145,"date":"2025-09-17T13:36:59","date_gmt":"2025-09-17T11:36:59","guid":{"rendered":"https:\/\/boreait.com\/hu\/?post_type=product&#038;p=12145"},"modified":"2025-09-17T13:38:29","modified_gmt":"2025-09-17T11:38:29","slug":"intel-celeron-g530-sr05h-2-40ghz-cpu-aljzat-1155-tesztelve-laptop-alkatreszek","status":"publish","type":"product","link":"https:\/\/boreait.com\/hu\/termek\/intel-celeron-g530-sr05h-2-40ghz-cpu-aljzat-1155-tesztelve-laptop-alkatreszek\/","title":{"rendered":"Intel Celeron G530 SR05H 2.40GHz CPU | Aljzat 1155 | Tesztelve | Laptop alkatr\u00e9szek"},"content":{"rendered":"<p data-start=\"799\" data-end=\"1135\">Ez egy eredeti <strong data-start=\"817\" data-end=\"855\">Intel Celeron G530 SR05H processzor<\/strong>, amely <strong data-start=\"867\" data-end=\"878\">2,40 GHz-es<\/strong> adattal kompatibilis, 6&#8243;start data-end=&#8221;927&#8243;>Socket LGA1155 alaplapok<\/strong>. Ez egy megb\u00edzhat\u00f3 <strong data-start=\"945\" data-end=\"962\">k\u00e9tmagos CPU<\/strong>, amelyet bel\u00e9p\u0151 szint\u0171 asztali \u00e9s laptop alkalmaz\u00e1sokhoz terveztek, \u00e9s hat\u00e9kony teljes\u00edtm\u00e9nyt k\u00edn\u00e1l a mindennapi sz\u00e1m\u00edt\u00e1stechnikai feladatokhoz, mint p\u00e9ld\u00e1ul a webb\u00f6ng\u00e9sz\u00e9s, az irodai munka \u00e9s a m\u00e9dialej\u00e1tsz\u00e1s.<\/p>\n<p data-start=\"1137\" data-end=\"1360\">Ak\u00e1r p\u00e9nzt\u00e1rcabar\u00e1t PC-t \u00e9p\u00edt, ak\u00e1r hib\u00e1s CPU-t cser\u00e9l, ez a processzor t\u00f6k\u00e9letes v\u00e1laszt\u00e1s. Ide\u00e1lis <strong data-start=\"1245\" data-end=\"1261\">jav\u00edt\u00f3 m\u0171helyek<\/strong>, <strong data-start=\"1263\" data-end=\"1282\">bark\u00e1csol\u00e1s szerelmeseinek<\/strong>, vagy b\u00e1rkinek, akinek hiteles <strong data-start=\"1315\" data-end=\"1331\" data-end=\"1331\"\">cserealkatr\u00e9szekre van sz\u00fcks\u00e9ge laptopokhoz<\/strong>.<\/p>\n<h3 data-start=\"1362\" data-end=\"1379\">F\u0151bb jellemz\u0151k:<\/h3>\n<ul data-start=\"1380\" data-end=\"1725\">\n<li data-start=\"1380\" data-end=\"1411\">\n<p data-start=\"1382\" data-end=\"1411\"><strong data-start=\"1382\" data-end=\"1391\">Modell<\/strong>: Intel Celeron G530<\/p>\n<\/li>\n<li data-start=\"1412\" data-end=\"1431\">\n<p data-start=\"1414\" data-end=\"1431\"><strong data-start=\"1414\" data-end=\"1424\">S-spec<\/strong>: SR05H<\/p>\n<\/li>\n<li data-start=\"1432\" data-end=\"1463\">\n<p data-start=\"1434\" data-end=\"1463\"><strong data-start=\"1434\" data-end=\"1454\">Alap \u00f3rajel<\/strong>: 2,40 GHz<\/p>\n<\/li>\n<li data-start=\"1464\" data-end=\"1504\">\n<p data-start=\"1466\" data-end=\"1504\"><strong data-start=\"1466\" data-end=\"1483\">Magok\/sz\u00e1lak<\/strong>: 2 mag \/ 2 sz\u00e1l<\/p>\n<\/li>\n<li data-start=\"1505\" data-end=\"1526\">\n<p data-start=\"1507\" data-end=\"1526\"><strong data-start=\"1507\" data-end=\"1517\">Aljzat<\/strong>: LGA1155<\/p>\n<\/li>\n<li data-start=\"1527\" data-end=\"1566\">\n<p data-start=\"1529\" data-end=\"1566\"><strong data-start=\"1529\" data-end=\"1545\">Architekt\u00fara<\/strong>: Sandy Bridge (32nm)<\/p>\n<\/li>\n<li data-start=\"1567\" data-end=\"1581\">\n<p data-start=\"1569\" data-end=\"1581\"><strong data-start=\"1569\" data-end=\"1576\">TDP<\/strong>: 65 W<\/p>\n<\/li>\n<li data-start=\"1582\" data-end=\"1638\">\n<p data-start=\"1584\" data-end=\"1638\"><strong data-start=\"1584\" data-end=\"1597\">\u00c1llapot<\/strong>: Haszn\u00e1lt, tesztelt \u00e9s teljesen m\u0171k\u00f6d\u0151k\u00e9pes<\/p>\n<\/li>\n<li data-start=\"1639\" data-end=\"1725\">\n<p data-start=\"1641\" data-end=\"1725\"><strong data-start=\"1641\" data-end=\"1651\">Fot\u00f3k<\/strong>: Amit l\u00e1tsz, pontosan azt fogod kapni \u2013 val\u00f3di k\u00e9peket az alkatr\u00e9szr\u0151l.<\/p>\n<\/li>\n<\/ul>\n<p data-start=\"1727\" data-end=\"1846\">\ud83d\udce6 Nem biztos\u00edtunk csere\u00fatmutat\u00f3t, de sz\u00edvesen k\u00fcld\u00fcnk \u00fczenetet, ha alapvet\u0151 seg\u00edts\u00e9gre vagy kompatibilit\u00e1si inform\u00e1ci\u00f3ra van sz\u00fcks\u00e9ge.<\/p>\n<p data-start=\"1848\" data-end=\"1900\">\ud83c\udf0d Sz\u00e1ll\u00edt\u00e1s eg\u00e9sz Eur\u00f3p\u00e1ban \u00e9s vil\u00e1gszerte el\u00e9rhet\u0151.<\/p>\n<p data-start=\"1902\" data-end=\"2052\">Ha <strong data-start=\"1924\" data-end=\"1950\">hiteles laptop-alkatr\u00e9szeket<\/strong> vagy megb\u00edzhat\u00f3 <strong data-start=\"1967\" data-end=\"1992\">Az Intel CPU-t kedvez\u0151 \u00e1ron<\/strong> keresi<\/strong> Gp.<\/p>\n","protected":false},"excerpt":{"rendered":"<p>Teljesen m\u0171k\u00f6d\u0151 Intel Celeron G530 SR05H 2,40 GHz-es processzor, ide\u00e1lis LGA1155-kompatibilis rendszerekhez. Tiszt\u00edtott, tesztelt, beszerel\u00e9sre k\u00e9sz.<\/p>\n","protected":false},"featured_media":12197,"template":"","meta":[],"product_brand":[],"product_cat":[39],"product_tag":[],"class_list":{"0":"post-12145","1":"product","2":"type-product","3":"status-publish","4":"has-post-thumbnail","6":"product_cat-processors-cpu","8":"first","9":"instock","10":"taxable","11":"shipping-taxable","12":"purchasable","13":"product-type-simple"},"_links":{"self":[{"href":"https:\/\/boreait.com\/hu\/wp-json\/wp\/v2\/product\/12145","targetHints":{"allow":["GET"]}}],"collection":[{"href":"https:\/\/boreait.com\/hu\/wp-json\/wp\/v2\/product"}],"about":[{"href":"https:\/\/boreait.com\/hu\/wp-json\/wp\/v2\/types\/product"}],"wp:featuredmedia":[{"embeddable":true,"href":"https:\/\/boreait.com\/hu\/wp-json\/wp\/v2\/media\/12197"}],"wp:attachment":[{"href":"https:\/\/boreait.com\/hu\/wp-json\/wp\/v2\/media?parent=12145"}],"wp:term":[{"taxonomy":"product_brand","embeddable":true,"href":"https:\/\/boreait.com\/hu\/wp-json\/wp\/v2\/product_brand?post=12145"},{"taxonomy":"product_cat","embeddable":true,"href":"https:\/\/boreait.com\/hu\/wp-json\/wp\/v2\/product_cat?post=12145"},{"taxonomy":"product_tag","embeddable":true,"href":"https:\/\/boreait.com\/hu\/wp-json\/wp\/v2\/product_tag?post=12145"}],"curies":[{"name":"wp","href":"https:\/\/api.w.org\/{rel}","templated":true}]}}