{"id":12129,"date":"2025-09-17T13:36:35","date_gmt":"2025-09-17T11:36:35","guid":{"rendered":"https:\/\/boreait.com\/hu\/?post_type=product&#038;p=12129"},"modified":"2025-09-17T13:38:06","modified_gmt":"2025-09-17T11:38:06","slug":"dell-optiplex-790-990-mt-dt-alaplap-e93839-ka0121-q65-q67-laptop-alkatreszek","status":"publish","type":"product","link":"https:\/\/boreait.com\/hu\/termek\/dell-optiplex-790-990-mt-dt-alaplap-e93839-ka0121-q65-q67-laptop-alkatreszek\/","title":{"rendered":"Dell Optiplex 790 990 MT DT alaplap E93839 KA0121 Q65 Q67 | Laptop alkatr\u00e9szek"},"content":{"rendered":"<p data-start=\"756\" data-end=\"855\"><strong data-start=\"756\" data-end=\"855\">Eredeti Dell Optiplex 790 \/ 990 MT &amp; DT alaplap \u2013 E93839 (KA0121) modell | Q65 \/ Q67 lapkak\u00e9szlet<\/strong><\/p>\n<p data-start=\"857\" data-end=\"1214\">Megb\u00edzhat\u00f3 helyettes\u00edt\u0151t keres Dell Optiplex asztali sz\u00e1m\u00edt\u00f3g\u00e9p\u00e9hez? Ez egy <strong data-start=\"934\" data-end=\"962\">eredeti Dell-alaplap<\/strong>, amely egy teljesen m\u0171k\u00f6d\u0151k\u00e9pes Dell Optiplex 790 vagy 990 rendszerb\u0151l sz\u00e1rmazik. Kompatibilis a <strong data-start=\"1051\" data-end=\"1070\">Mini Tower (MT)<\/strong> \u00e9s az <strong data-start=\"1075\" data-end=\"1091\">Desktop (DT)<\/strong> formai t\u00e9nyez\u0151kkel, \u00e9s t\u00e1mogatja a <strong data-start=\"1123\" data-end=\"1070\">data-end=&#8221;6\/4Q>&#8221; chipet, \u00edgy ide\u00e1lis a \u00fczleti oszt\u00e1ly\u00fa megb\u00edzhat\u00f3s\u00e1g \u00e9s z\u00f6kken\u0151mentes teljes\u00edtm\u00e9ny.<\/p>\n<p data-start=\"1216\" data-end=\"1422\">\ud83d\udee0\ufe0f Ez az alaplap t\u00f6k\u00e9letesen illeszkedik, ha Dell rendszer\u00e9t jav\u00edtja vagy \u00e1ll\u00edtja helyre. B\u00e1r nem adunk telep\u00edt\u00e9si utas\u00edt\u00e1sokat, b\u00e1rmikor \u00edrhat nek\u00fcnk, ha seg\u00edts\u00e9gre vagy kompatibilit\u00e1si tan\u00e1csra van sz\u00fcks\u00e9ge.<\/p>\n<h3 data-start=\"1429\" data-end=\"1455\">\ud83d\udd0d <strong data-start=\"1436\" data-end=\"1455\">M\u0171szaki adatok:<\/strong><\/h3>\n<ul data-start=\"1457\" data-end=\"1919\">\n<li data-start=\"1457\" data-end=\"1495\">\n<p data-start=\"1459\" data-end=\"1495\"><strong data-start=\"1459\" data-end=\"1476\">Modellsz\u00e1mok<\/strong>: E93839 \/ KA0121<\/p>\n<\/li>\n<li data-start=\"1496\" data-end=\"1536\">\n<p data-start=\"1498\" data-end=\"1536\"><strong data-start=\"1498\" data-end=\"1509\">Chipset<\/strong>: Intel Q65 \/ Q67 Express<\/p>\n<\/li>\n<li data-start=\"1537\" data-end=\"1588\">\n<p data-start=\"1539\" data-end=\"1588\"><strong data-start=\"1539\" data-end=\"1554\">Alakt\u00e9nyez\u0151<\/strong>: Mini torony (MT) \/ asztali sz\u00e1m\u00edt\u00f3g\u00e9p (DT)<\/p>\n<\/li>\n<li data-start=\"1589\" data-end=\"1641\">\n<p data-start=\"1591\" data-end=\"1641\"><strong data-start=\"1591\" data-end=\"1608\">Kompatibilit\u00e1s<\/strong>: Dell Optiplex 790, 990 sorozat<\/p>\n<\/li>\n<li data-start=\"1642\" data-end=\"1705\">\n<p data-start=\"1644\" data-end=\"1705\"><strong data-start=\"1644\" data-end=\"1657\">\u00c1llapot<\/strong>: Tesztelt &amp; m\u0171k\u00f6d\u0151, m\u0171k\u00f6d\u0151 egys\u00e9gb\u0151l h\u00fazva<\/p>\n<\/li>\n<li data-start=\"1706\" data-end=\"1764\">\n<p data-start=\"1708\" data-end=\"1764\"><strong data-start=\"1708\" data-end=\"1718\">Fot\u00f3k<\/strong>: Val\u00f3di fot\u00f3k \u2013 amit l\u00e1tsz, azt kapod<\/p>\n<\/li>\n<li data-start=\"1765\" data-end=\"1828\">\n<p data-start=\"1767\" data-end=\"1828\"><strong data-start=\"1767\" data-end=\"1793\">Nemzetk\u00f6zi sz\u00e1ll\u00edt\u00e1s<\/strong>: Eur\u00f3p\u00e1b\u00f3l vil\u00e1gszerte el\u00e9rhet\u0151<\/p>\n<\/li>\n<li data-start=\"1829\" data-end=\"1919\">\n<p data-start=\"1831\" data-end=\"1919\"><strong data-start=\"1831\" data-end=\"1844\">Ide\u00e1lis<\/strong>: rendszer-helyre\u00e1ll\u00edt\u00e1s, hardverfriss\u00edt\u00e9s, laptop-alkatr\u00e9szek k\u00e9szletez\u00e9se<\/p>\n<\/li>\n<\/ul>\n<p data-start=\"1926\" data-end=\"2129\">Ez az alaplap ide\u00e1lis informatikai szakemberek, jav\u00edt\u00f3m\u0171helyek \u00e9s bark\u00e1csol\u00f3k sz\u00e1m\u00e1ra, akik megb\u00edzhat\u00f3 <strong data-start=\"2022\" data-end=\"2050\">laptop- \u00e9s asztali alkatr\u00e9szeket<\/strong> keresnek. B\u00edzzon a SIGGMO-ban az eredeti alkatr\u00e9szek\u00e9rt, a gyors sz\u00e1ll\u00edt\u00e1s\u00e9rt \u00e9s a bar\u00e1ts\u00e1gos t\u00e1mogat\u00e1s\u00e9rt.<\/p>\n<p data-start=\"2131\" data-end=\"2211\">\ud83d\uddbc\ufe0f <strong data-start=\"2135\" data-end=\"2143\">Megjegyz\u00e9s<\/strong>: Minden term\u00e9kfot\u00f3 val\u00f3di \u2013 pontosan azt kapod, amit l\u00e1tsz.<\/p>\n","protected":false},"excerpt":{"rendered":"<p>Eredeti Dell Optiplex 790\/990 MT\/DT alaplap (E93839, KA0121) Q65\/Q67 lapkak\u00e9szlettel. Teljesen tesztelt, m\u0171k\u00f6d\u0151 egys\u00e9gb\u0151l h\u00fazva. Val\u00f3di fot\u00f3k, gyors sz\u00e1ll\u00edt\u00e1s.<\/p>\n","protected":false},"featured_media":12185,"template":"","meta":[],"product_brand":[],"product_cat":[27],"product_tag":[17],"class_list":{"0":"post-12129","1":"product","2":"type-product","3":"status-publish","4":"has-post-thumbnail","6":"product_cat-motherboards-board-parts","7":"product_tag-dell","9":"first","10":"instock","11":"taxable","12":"shipping-taxable","13":"purchasable","14":"product-type-simple"},"_links":{"self":[{"href":"https:\/\/boreait.com\/hu\/wp-json\/wp\/v2\/product\/12129","targetHints":{"allow":["GET"]}}],"collection":[{"href":"https:\/\/boreait.com\/hu\/wp-json\/wp\/v2\/product"}],"about":[{"href":"https:\/\/boreait.com\/hu\/wp-json\/wp\/v2\/types\/product"}],"wp:featuredmedia":[{"embeddable":true,"href":"https:\/\/boreait.com\/hu\/wp-json\/wp\/v2\/media\/12185"}],"wp:attachment":[{"href":"https:\/\/boreait.com\/hu\/wp-json\/wp\/v2\/media?parent=12129"}],"wp:term":[{"taxonomy":"product_brand","embeddable":true,"href":"https:\/\/boreait.com\/hu\/wp-json\/wp\/v2\/product_brand?post=12129"},{"taxonomy":"product_cat","embeddable":true,"href":"https:\/\/boreait.com\/hu\/wp-json\/wp\/v2\/product_cat?post=12129"},{"taxonomy":"product_tag","embeddable":true,"href":"https:\/\/boreait.com\/hu\/wp-json\/wp\/v2\/product_tag?post=12129"}],"curies":[{"name":"wp","href":"https:\/\/api.w.org\/{rel}","templated":true}]}}