{"id":12127,"date":"2025-09-17T13:36:35","date_gmt":"2025-09-17T11:36:35","guid":{"rendered":"https:\/\/boreait.com\/hu\/?post_type=product&#038;p=12127"},"modified":"2025-09-17T13:37:57","modified_gmt":"2025-09-17T11:37:57","slug":"dell-usb-c-dokkoloallomas-m4600-cn-0cy640-cn-0hjvx1-laptop-alkatreszek-tesztelve","status":"publish","type":"product","link":"https:\/\/boreait.com\/hu\/termek\/dell-usb-c-dokkoloallomas-m4600-cn-0cy640-cn-0hjvx1-laptop-alkatreszek-tesztelve\/","title":{"rendered":"Dell USB-C dokkol\u00f3\u00e1llom\u00e1s M4600 CN-0CY640 CN-0HJVX1 laptop alkatr\u00e9szek tesztelve"},"content":{"rendered":"<p data-start=\"704\" data-end=\"923\">Megb\u00edzhat\u00f3 cseredokkol\u00f3t keres Dell laptopj\u00e1hoz? Ezt az eredeti <strong data-start=\"790\" data-end=\"831\">Dell-kompatibilis USB-C dokkol\u00f3\u00e1llom\u00e1st<\/strong> tesztelt\u00e9k, \u00e9s haszn\u00e1latra k\u00e9sz, ide\u00e1lis a produktivit\u00e1s \u00e9s a csatlakoztathat\u00f3s\u00e1g n\u00f6vel\u00e9s\u00e9hez az asztal\u00e1n\u00e1l.<\/p>\n<p data-start=\"925\" data-end=\"1151\">\u2714\ufe0f <strong data-start=\"928\" data-end=\"954\">Kompatibilis Dell-modell:<\/strong> Precision M4600<br data-start=\"970\" data-end=\"973\" \/>\u2714\ufe0f <strong data-start=\"928\" data-9:s>9&#8243; data-9:s> CN-0CY640, CN-0HJVX1<br data-start=\"1014\" data-end=\"1017\" \/>\u2714\ufe0f <strong data-start=\"1020\" data-end=\"1034\">\u00c1llapot:<\/strong> Teljesen tesztelt, m\u0171k\u00f6d\u0151 \u00e9s j\u00f3 \u00e1llapotban<br=\"data-start=\"10719\"8\ufe0f<br=\"\u2714 data-start=\"1085\" data-end=\"1132\">A fot\u00f3k pontosan abban az egys\u00e9gben szerepelnek, amelyet kapni fog<\/strong> \u2013 nincs stock k\u00e9p!<\/p>\n<p data-start=\"1153\" data-end=\"1343\">Ez a dokkol\u00f3 t\u00f6k\u00e9letes azoknak a felhaszn\u00e1l\u00f3knak, akiknek t\u00f6bb portra \u00e9s egyk\u00e1beles be\u00e1ll\u00edt\u00e1sra van sz\u00fcks\u00e9g\u00fck a laptopjukhoz, \u00edgy egyetlen USB-C-k\u00e1bellel egyszer\u0171en csatlakozhat k\u00fcls\u0151 monitorokhoz, perif\u00e9ri\u00e1khoz \u00e9s t\u00e1pell\u00e1t\u00e1shoz.<\/p>\n<p data-start=\"1345\" data-end=\"1527\">Ak\u00e1r egy elromlott dokkol\u00f3 \u00e1llom\u00e1st cser\u00e9l, vagy \u00faj munka\u00e1llom\u00e1st \u00e1ll\u00edt be, ez egy okos v\u00e1laszt\u00e1s a Dell-felhaszn\u00e1l\u00f3k \u00e9s IT-technikusok sz\u00e1m\u00e1ra, akik rendszeresen <strong data-start=\"1498\" data-end=\"1514\">laptop alkatr\u00e9szekkel<\/strong> dolgoznak.<\/p>\n<p data-start=\"1529\" data-end=\"1656\">\ud83d\udce6 <strong data-start=\"1532\" data-end=\"1592\">Sz\u00e1ll\u00edtm\u00e1nyok Eur\u00f3p\u00e1b\u00f3l nemzetk\u00f6zi kisz\u00e1ll\u00edt\u00e1ssal.<\/strong><br data-start=\"1592\" data-end=\"1595\" \/>\ud83d\udcac <strong data-start=\"15=\"end18\" data-1\">Sz\u00fcks\u00e9g van tov\u00e1bbi inform\u00e1ci\u00f3ra Csak \u00edrjon nek\u00fcnk \u2013 sz\u00edvesen seg\u00edt\u00fcnk.<\/strong><\/p>\n","protected":false},"excerpt":{"rendered":"<p>A tesztelt Dell USB-C dokkol\u00f3\u00e1llom\u00e1s kompatibilis az M4600-zal \u00e9s m\u00e9g sok m\u00e1ssal. Val\u00f3di fot\u00f3k. Glob\u00e1lis sz\u00e1ll\u00edt\u00e1s.<\/p>\n","protected":false},"featured_media":12182,"template":"","meta":[],"product_brand":[],"product_cat":[27],"product_tag":[17],"class_list":{"0":"post-12127","1":"product","2":"type-product","3":"status-publish","4":"has-post-thumbnail","6":"product_cat-motherboards-board-parts","7":"product_tag-dell","9":"first","10":"instock","11":"taxable","12":"shipping-taxable","13":"purchasable","14":"product-type-simple"},"_links":{"self":[{"href":"https:\/\/boreait.com\/hu\/wp-json\/wp\/v2\/product\/12127","targetHints":{"allow":["GET"]}}],"collection":[{"href":"https:\/\/boreait.com\/hu\/wp-json\/wp\/v2\/product"}],"about":[{"href":"https:\/\/boreait.com\/hu\/wp-json\/wp\/v2\/types\/product"}],"wp:featuredmedia":[{"embeddable":true,"href":"https:\/\/boreait.com\/hu\/wp-json\/wp\/v2\/media\/12182"}],"wp:attachment":[{"href":"https:\/\/boreait.com\/hu\/wp-json\/wp\/v2\/media?parent=12127"}],"wp:term":[{"taxonomy":"product_brand","embeddable":true,"href":"https:\/\/boreait.com\/hu\/wp-json\/wp\/v2\/product_brand?post=12127"},{"taxonomy":"product_cat","embeddable":true,"href":"https:\/\/boreait.com\/hu\/wp-json\/wp\/v2\/product_cat?post=12127"},{"taxonomy":"product_tag","embeddable":true,"href":"https:\/\/boreait.com\/hu\/wp-json\/wp\/v2\/product_tag?post=12127"}],"curies":[{"name":"wp","href":"https:\/\/api.w.org\/{rel}","templated":true}]}}