{"id":12125,"date":"2025-09-17T13:36:34","date_gmt":"2025-09-17T11:36:34","guid":{"rendered":"https:\/\/boreait.com\/hu\/?post_type=product&#038;p=12125"},"modified":"2026-02-09T11:10:26","modified_gmt":"2026-02-09T10:10:26","slug":"wifi-wireless-board-module-359107%e2%80%91001-hp-compaq-nx8220-laptop-alkatreszek-valodi-fotok","status":"publish","type":"product","link":"https:\/\/boreait.com\/hu\/termek\/wifi-wireless-board-module-359107%e2%80%91001-hp-compaq-nx8220-laptop-alkatreszek-valodi-fotok\/","title":{"rendered":"WiFi Wireless Board Module 359107\u2011001 \u2013 HP Compaq NX8220 laptop alkatr\u00e9szek \u2013 Val\u00f3di fot\u00f3k"},"content":{"rendered":"<p data-start=\"545\" data-end=\"765\">Ez a lista egy <strong data-start=\"567\" data-end=\"619\">WiFi vezet\u00e9k n\u00e9lk\u00fcli k\u00e1rtyamodulra (cikksz\u00e1m: 359107-001)<\/strong> vonatkozik, amelyet kifejezetten a <strong data-start=\"650\" data-end=\"670\">HP.2 Compa20<\/strong>N sorozathoz T\u00f6k\u00e9letes mindazok sz\u00e1m\u00e1ra, akik szeretn\u00e9k friss\u00edteni vagy lecser\u00e9lni laptopjuk vezet\u00e9k n\u00e9lk\u00fcli kapcsolat\u00e1t.<\/p>\n<ul data-start=\"767\" data-end=\"1056\">\n<li data-start=\"767\" data-end=\"814\">\n<p data-start=\"769\" data-end=\"814\"><strong data-start=\"769\" data-end=\"786\">Kompatibilit\u00e1s<\/strong>: HP Compaq NX8220 laptopok<\/p>\n<\/li>\n<li data-start=\"815\" data-end=\"846\">\n<p data-start=\"817\" data-end=\"846\"><strong data-start=\"817\" data-end=\"832\">Alkatr\u00e9szsz\u00e1m<\/strong>: 359107-001<\/p>\n<\/li>\n<li data-start=\"847\" data-end=\"922\">\n<p data-start=\"849\" data-end=\"922\"><strong data-start=\"849\" data-end=\"862\">\u00c1llapot<\/strong>: Teljesen tesztelt, m\u0171k\u00f6d\u0151k\u00e9pes \u00e9s kiv\u00e1l\u00f3an m\u0171k\u00f6dik<\/p>\n<\/li>\n<li data-start=\"923\" data-end=\"985\">\n<p data-start=\"925\" data-end=\"985\"><strong data-start=\"925\" data-end=\"941\">Hiteless\u00e9g<\/strong>: Ez egy eredetileg a HP-t\u0151l sz\u00e1rmaz\u00f3 OEM-modul<\/p>\n<\/li>\n<li data-start=\"986\" data-end=\"1056\">\n<p data-start=\"988\" data-end=\"1056\"><strong data-start=\"988\" data-end=\"998\">Fot\u00f3k<\/strong>: A l\u00e1tott k\u00e9pek a t\u00e9nyleges r\u00e9szb\u0151l \u00e1llnak, amelyet kapni fog<\/p>\n<\/li>\n<\/ul>\n<h4 data-start=\"1058\" data-end=\"1084\">\ud83d\udd27 Mi\u00e9rt ez a modul?<\/h4>\n<ul data-start=\"1085\" data-end=\"1299\">\n<li data-start=\"1085\" data-end=\"1126\">\n<p data-start=\"1087\" data-end=\"1126\">Vissza\u00e1ll\u00edtja vagy jav\u00edtja a WiFi teljes\u00edtm\u00e9ny\u00e9t<\/p>\n<\/li>\n<li data-start=\"1127\" data-end=\"1178\">\n<p data-start=\"1129\" data-end=\"1178\">Az OEM-min\u0151s\u00e9g\u0171 \u00f6ssze\u00e1ll\u00edt\u00e1s megb\u00edzhat\u00f3 kapcsolatot biztos\u00edt<\/p>\n<\/li>\n<li data-start=\"1179\" data-end=\"1246\">\n<p data-start=\"1181\" data-end=\"1246\">Ide\u00e1lis laptopjav\u00edt\u00f3 technikusok vagy bark\u00e1csfriss\u00edt\u00e9st v\u00e9gz\u0151 felhaszn\u00e1l\u00f3k sz\u00e1m\u00e1ra<\/p>\n<\/li>\n<li data-start=\"1247\" data-end=\"1299\">\n<p data-start=\"1249\" data-end=\"1299\">Tesztelve, hogy val\u00f3s k\u00f6r\u00fclm\u00e9nyek k\u00f6z\u00f6tt is z\u00f6kken\u0151mentesen m\u0171k\u00f6dj\u00f6n<\/p>\n<\/li>\n<\/ul>\n<h4 data-start=\"1301\" data-end=\"1329\">\ud83c\udf0d Sz\u00e1ll\u00edt\u00e1s \u00e9s amp; T\u00e1mogat\u00e1s<\/h4>\n<ul data-start=\"1330\" data-end=\"1498\">\n<li data-start=\"1330\" data-end=\"1407\">\n<p data-start=\"1332\" data-end=\"1407\"><strong data-start=\"1332\" data-end=\"1353\">Eur\u00f3p\u00e1b\u00f3l sz\u00e1ll\u00edtunk<\/strong>, de gyors, megb\u00edzhat\u00f3 <strong data-start=\"1383\" data-end=\"1405\">vil\u00e1gos sz\u00e1ll\u00edt\u00e1st<\/strong><\/p>\n<\/li>\n<li data-start=\"1408\" data-end=\"1498\">\n<p data-start=\"1410\" data-end=\"1498\">Seg\u00edts\u00e9gre van sz\u00fcks\u00e9ge a telep\u00edt\u00e9shez vagy a kompatibilit\u00e1shoz? Csak \u00edrjon nekem \u2013 itt vagyok, hogy seg\u00edtsek!<\/p>\n<\/li>\n<\/ul>\n<h4 data-start=\"1500\" data-end=\"1546\">\u26a1 Laptop-alkatr\u00e9szek SEO-bar\u00e1t r\u00e9szletek<\/h4>\n<p data-start=\"1547\" data-end=\"1850\">B\u0151v\u00edtse laptop-alkatr\u00e9szk\u00e9szlet\u00e9t ezzel az alapvet\u0151 <strong data-start=\"1603\" data-end=\"1624\">laptop Wi-Fi k\u00e1rty\u00e1val<\/strong> \u2013 amely elengedhetetlen cserealkatr\u00e9sz a HP Compaq NX8220 tulajdonosok sz\u00e1m\u00e1ra. N\u00f6velje az online forgalmat \u00e9s a konverzi\u00f3kat, ha a v\u00e1s\u00e1rl\u00f3k a <strong data-start=\"1744\" data-end=\"1765\">\u201eHP laptop alkatr\u00e9szek\u201d<\/strong>, <strong data-start=\"1767\" data-end=\"1790\">\u201eNX8220 WiFi k\u00e1rtya\u201d<\/strong> vagy <strong data-start=\"1795\" vezet\u00e9k n\u00e9lk\u00fcli term\u00e9ke\">&#8222;18&#8221;<\/top2> vezet\u00e9k n\u00e9lk\u00fcli term\u00e9ke&#8221;>&#8221;18&#8243; adat\u00e1tviteli v\u00e9gpontj\u00e1n keresnek oldalon.<\/p>\n","protected":false},"excerpt":{"rendered":"<p>Friss\u00edtse vagy jav\u00edtsa meg HP Compaq NX8220 k\u00e9sz\u00fcl\u00e9k\u00e9t ezzel az eredeti WiFi vezet\u00e9k n\u00e9lk\u00fcli k\u00e1rtyamodullal (cikksz\u00e1m: 359107-001). Tesztelve \u00e9s telep\u00edt\u00e9sre k\u00e9szen \u2013 val\u00f3di f\u00e9nyk\u00e9peket biztos\u00edtunk. Vil\u00e1gszerte kisz\u00e1ll\u00edt\u00e1s a SIGGMO-t\u00f3l. Telep\u00edt\u00e9si seg\u00edts\u00e9gre van sz\u00fcks\u00e9ge? Csak k\u00fcldj \u00fczenetet!<\/p>\n","protected":false},"featured_media":12171,"template":"","meta":[],"product_brand":[],"product_cat":[27],"product_tag":[25],"class_list":{"0":"post-12125","1":"product","2":"type-product","3":"status-publish","4":"has-post-thumbnail","6":"product_cat-motherboards-board-parts","7":"product_tag-hp","9":"first","10":"instock","11":"taxable","12":"shipping-taxable","13":"purchasable","14":"product-type-simple"},"_links":{"self":[{"href":"https:\/\/boreait.com\/hu\/wp-json\/wp\/v2\/product\/12125","targetHints":{"allow":["GET"]}}],"collection":[{"href":"https:\/\/boreait.com\/hu\/wp-json\/wp\/v2\/product"}],"about":[{"href":"https:\/\/boreait.com\/hu\/wp-json\/wp\/v2\/types\/product"}],"wp:featuredmedia":[{"embeddable":true,"href":"https:\/\/boreait.com\/hu\/wp-json\/wp\/v2\/media\/12171"}],"wp:attachment":[{"href":"https:\/\/boreait.com\/hu\/wp-json\/wp\/v2\/media?parent=12125"}],"wp:term":[{"taxonomy":"product_brand","embeddable":true,"href":"https:\/\/boreait.com\/hu\/wp-json\/wp\/v2\/product_brand?post=12125"},{"taxonomy":"product_cat","embeddable":true,"href":"https:\/\/boreait.com\/hu\/wp-json\/wp\/v2\/product_cat?post=12125"},{"taxonomy":"product_tag","embeddable":true,"href":"https:\/\/boreait.com\/hu\/wp-json\/wp\/v2\/product_tag?post=12125"}],"curies":[{"name":"wp","href":"https:\/\/api.w.org\/{rel}","templated":true}]}}