{"id":12112,"date":"2025-09-17T13:36:10","date_gmt":"2025-09-17T11:36:10","guid":{"rendered":"https:\/\/boreait.com\/hu\/?post_type=product&#038;p=12112"},"modified":"2026-02-09T11:10:05","modified_gmt":"2026-02-09T10:10:05","slug":"dell-latitude-5400-5500-precision-3540-ssd-keret-07hmh-eredeti-alkatresz","status":"publish","type":"product","link":"https:\/\/boreait.com\/hu\/termek\/dell-latitude-5400-5500-precision-3540-ssd-keret-07hmh-eredeti-alkatresz\/","title":{"rendered":"Dell Latitude 5400 5500 Precision 3540 SSD keret 07HMH Eredeti alkatr\u00e9sz"},"content":{"rendered":"<p data-start=\"787\" data-end=\"1078\">Friss\u00edtse vagy jav\u00edtsa Dell laptopj\u00e1t ezzel az eredeti Dell OEM SSD-tart\u00f3val, amelyet kifejezetten a <strong data-start=\"889\" data-end=\"941\">Latitude 5400, Latitude 5500 \u00e9s Precision 3540<\/strong> modellekhez terveztek. Ez a tart\u00f3 biztos\u00edtja a biztons\u00e1gos illeszked\u00e9st a 2,5&#8243;-es SSD-hez vagy merevlemezhez, seg\u00edt meg\u0151rizni a tart\u00f3ss\u00e1got \u00e9s a stabil teljes\u00edtm\u00e9nyt az id\u0151 m\u00fal\u00e1s\u00e1val.<\/p>\n<p data-start=\"1080\" data-end=\"1304\">Ez egy <strong data-start=\"1090\" data-end=\"1111\">eredeti Dell-alkatr\u00e9sz<\/strong>, cikksz\u00e1m: <strong data-start=\"1125\" data-end=\"1143\">07HMH \/ 007HMH Ide\u00e1lis technikusoknak, laptopfel\u00faj\u00edt\u00f3knak vagy b\u00e1rkinek, aki elveszett vagy s\u00e9r\u00fclt bels\u0151 meghajt\u00f3kereteket cser\u00e9l.<\/p>\n<p data-start=\"1306\" data-end=\"1593\">\u2714\ufe0f <strong data-start=\"1309\" data-end=\"1337\">Eredeti Dell laptop alkatr\u00e9sz<\/strong><br data-start=\"1337\" data-end=\"1340\" \/>\u2714\ufe0f <strong data-start=\"1309\" data-end=\"13413\" with9 data=\"-13413\" 5400, 5500 &amp; Prec\u00edzi\u00f3s 3540<\/strong><br data-start=\"1399\" data-end=\"1402\" \/>\u2714\ufe0f <strong data-start=\"1405\" data-end=\"1421\">Alkatr\u00e9szsz\u00e1m:<\/strong> 07HMH \/ 007HMH<br data-start=\"1436\" data-end=\"1436\" data-end=\"143D\" \/strong> adatok data-end=&#8221;1554&#8243; \/>\u2714\ufe0f <strong data-start=\"1557\" data-end=\"1591\">Sz\u00e1ll\u00edt\u00e1s az eg\u00e9sz vil\u00e1gon Eur\u00f3p\u00e1b\u00f3l<\/strong><\/p>\n<p data-start=\"1595\" data-end=\"1748\">Nem adunk telep\u00edt\u00e9si utas\u00edt\u00e1sokat, de ha seg\u00edts\u00e9gre van sz\u00fcks\u00e9ge a kompatibilit\u00e1s meghat\u00e1roz\u00e1s\u00e1ban, vagy k\u00e9rd\u00e9se van a telep\u00edt\u00e9ssel kapcsolatban, nyugodtan \u00edrjon nek\u00fcnk.<\/p>\n<p data-start=\"1750\" data-end=\"1903\">Ez a konzol a gondosan \u00f6ssze\u00e1ll\u00edtott <strong data-start=\"1810\" data-end=\"1839\">kiv\u00e1l\u00f3 min\u0151s\u00e9g\u0171 laptop-alkatr\u00e9szeink<\/strong> gy\u0171jtem\u00e9ny\u00e9nek r\u00e9sz\u00e9t k\u00e9pezi, amelyben a jav\u00edt\u00f3m\u0171helyek \u00e9s a bark\u00e1csfelhaszn\u00e1l\u00f3k megb\u00edznak Eur\u00f3p\u00e1ban \u00e9s azon k\u00edv\u00fcl is.<\/p>\n","protected":false},"excerpt":{"rendered":"<p>Eredeti Dell SSD tart\u00f3 a Latitude 5400, 5500 \u00e9s Precision 3540 k\u00e9sz\u00fcl\u00e9kekhez. Cikksz\u00e1m: 07HMH (007HMH). Val\u00f3di fot\u00f3k \u2013 pontosan azt kapod, amit l\u00e1tsz.<\/p>\n","protected":false},"featured_media":12169,"template":"","meta":[],"product_brand":[],"product_cat":[16],"product_tag":[17],"class_list":{"0":"post-12112","1":"product","2":"type-product","3":"status-publish","4":"has-post-thumbnail","6":"product_cat-laptop-housing","7":"product_tag-dell","9":"first","10":"instock","11":"taxable","12":"shipping-taxable","13":"purchasable","14":"product-type-simple"},"_links":{"self":[{"href":"https:\/\/boreait.com\/hu\/wp-json\/wp\/v2\/product\/12112","targetHints":{"allow":["GET"]}}],"collection":[{"href":"https:\/\/boreait.com\/hu\/wp-json\/wp\/v2\/product"}],"about":[{"href":"https:\/\/boreait.com\/hu\/wp-json\/wp\/v2\/types\/product"}],"wp:featuredmedia":[{"embeddable":true,"href":"https:\/\/boreait.com\/hu\/wp-json\/wp\/v2\/media\/12169"}],"wp:attachment":[{"href":"https:\/\/boreait.com\/hu\/wp-json\/wp\/v2\/media?parent=12112"}],"wp:term":[{"taxonomy":"product_brand","embeddable":true,"href":"https:\/\/boreait.com\/hu\/wp-json\/wp\/v2\/product_brand?post=12112"},{"taxonomy":"product_cat","embeddable":true,"href":"https:\/\/boreait.com\/hu\/wp-json\/wp\/v2\/product_cat?post=12112"},{"taxonomy":"product_tag","embeddable":true,"href":"https:\/\/boreait.com\/hu\/wp-json\/wp\/v2\/product_tag?post=12112"}],"curies":[{"name":"wp","href":"https:\/\/api.w.org\/{rel}","templated":true}]}}