{"id":12111,"date":"2025-09-17T13:36:10","date_gmt":"2025-09-17T11:36:10","guid":{"rendered":"https:\/\/boreait.com\/hu\/?post_type=product&#038;p=12111"},"modified":"2025-09-17T13:37:37","modified_gmt":"2025-09-17T11:37:37","slug":"sony-vgn-fw140e-usb-audiokartya-cnx-409-1p-1083j00-8010-a-fokozat-laptop-resz","status":"publish","type":"product","link":"https:\/\/boreait.com\/hu\/termek\/sony-vgn-fw140e-usb-audiokartya-cnx-409-1p-1083j00-8010-a-fokozat-laptop-resz\/","title":{"rendered":"Sony VGN-FW140E USB audiok\u00e1rtya CNX-409 1P-1083J00-8010 | A fokozat | Laptop r\u00e9sz"},"content":{"rendered":"<p data-start=\"580\" data-end=\"653\"><strong data-start=\"580\" data-end=\"653\">Sony VGN-FW140E audio USB k\u00e1rtya \u2013 CNX-409 \/ 1P-1083J00-8010 (A fokozat)<\/strong><\/p>\n<p data-start=\"655\" data-end=\"911\">Szeretn\u00e9 vissza\u00e1ll\u00edtani a hang- vagy USB-funkci\u00f3kat Sony VGN-FW sorozat\u00fa laptopj\u00e1n? Ez az <strong data-start=\"741\" data-end=\"778\">eredeti Sony audio- \u00e9s USB-k\u00e1rtya<\/strong> (Modell: <strong data-start=\"787\" data-end=\"798\">CNX-409<\/strong>, cikksz\u00e1m: <strong data-start=\"809\" data-end=\"828\">1P-1083J0-8) t\u00f6k\u00e9letes csere alkatr\u00e9sze <strong>1083J0-8. data-start=&#8221;871&#8243; data-end=&#8221;903&#8243;>Sony VGN-FW140E (PCG sorozat)<\/strong> laptop.<\/p>\n<p data-start=\"913\" data-end=\"1182\">Ez az alaplap USB- \u00e9s hangkimeneti funkci\u00f3kat is kezel, \u00e9s <strong data-start=\"981\" data-end=\"1010\">teljesen tesztelt \u00e9s A besorol\u00e1s\u00fa<\/strong>, ami azt jelenti, hogy kiv\u00e1l\u00f3 \u00e1llapotban van, minim\u00e1lis kop\u00e1sjelekkel. Ide\u00e1lis technikusok, jav\u00edt\u00f3m\u0171helyek vagy bark\u00e1cs felhaszn\u00e1l\u00f3k sz\u00e1m\u00e1ra, akiknek megb\u00edzhat\u00f3 <strong data-start=\"1143\" data-end=\"1159\">laptop alkatr\u00e9szekre<\/strong> van sz\u00fcks\u00e9g\u00fck a gyors cser\u00e9hez.<\/p>\n<p data-start=\"1184\" data-end=\"1210\">\ud83d\udd27 <strong data-start=\"1187\" data-end=\"1210\">Kiemelt term\u00e9kek:<\/strong><\/p>\n<ul data-start=\"1211\" data-end=\"1529\">\n<li data-start=\"1211\" data-end=\"1258\">\n<p data-start=\"1213\" data-end=\"1258\">\u2705 Eredeti Sony alkatr\u00e9sz (nem harmadik f\u00e9l kl\u00f3nja)<\/p>\n<\/li>\n<li data-start=\"1259\" data-end=\"1319\">\n<p data-start=\"1261\" data-end=\"1319\">\u2705 Kompatibilis a Sony VGN-FW140E \u00e9s hasonl\u00f3 PCG modellekkel<\/p>\n<\/li>\n<li data-start=\"1320\" data-end=\"1370\">\n<p data-start=\"1322\" data-end=\"1370\">\u2705 Kezeli az USB-portokat \u00e9s az audio jack csatlakoz\u00f3kat<\/p>\n<\/li>\n<li data-start=\"1371\" data-end=\"1430\">\n<p data-start=\"1373\" data-end=\"1430\">\u2705 A fokozat \u2013 tiszta, m\u0171k\u00f6d\u0151k\u00e9pes, nincs jelent\u0151sebb eszt\u00e9tikai probl\u00e9ma<\/p>\n<\/li>\n<li data-start=\"1431\" data-end=\"1478\">\n<p data-start=\"1433\" data-end=\"1478\">\u2705 Modell: CNX-409 \/ Cikksz\u00e1m: 1P-1083J00-8010<\/p>\n<\/li>\n<li data-start=\"1479\" data-end=\"1529\">\n<p data-start=\"1481\" data-end=\"1529\">\u2705 A fot\u00f3k a t\u00e9nylegesen megkapott t\u00e9telr\u0151l k\u00e9sz\u00fcltek<\/p>\n<\/li>\n<\/ul>\n<p data-start=\"1531\" data-end=\"1653\">\ud83d\udcac B\u00e1r nem k\u00edn\u00e1lunk telep\u00edt\u00e9si utas\u00edt\u00e1sokat, nyugodtan \u00edrjon nek\u00fcnk, ha tov\u00e1bbi \u00fatmutat\u00e1sra van sz\u00fcks\u00e9ge \u2013 \u00f6r\u00f6mmel seg\u00edt\u00fcnk.<\/p>\n<p data-start=\"1655\" data-end=\"1727\">\ud83d\udce6 <strong data-start=\"1658\" data-end=\"1691\">Vil\u00e1gszerte el\u00e9rhet\u0151 sz\u00e1ll\u00edt\u00e1s!<\/strong> Biztons\u00e1gban, k\u00f6r\u00fcltekint\u00e9ssel sz\u00e1ll\u00edtjuk Eur\u00f3p\u00e1b\u00f3l.<\/p>\n<p data-start=\"1729\" data-end=\"1893\">Ak\u00e1r szem\u00e9lyes eszk\u00f6z\u00e9t jav\u00edtja, ak\u00e1r <strong data-start=\"1784\" data-end=\"1812\">csere-laptop alkatr\u00e9szeket<\/strong> szerez be jav\u00edt\u00e1si v\u00e1llalkoz\u00e1sa sz\u00e1m\u00e1ra, ez a Sony USB audiok\u00e1rtya megb\u00edzhat\u00f3, tesztelt v\u00e1laszt\u00e1s.<\/p>\n","protected":false},"excerpt":{"rendered":"<p>Eredeti Sony VGN-FW140E USB- \u00e9s audiok\u00e1rtya, CNX-409 \/ 1P-1083J00-8010 modell. A oszt\u00e1ly\u00fa alkatr\u00e9sz \u2013 tiszta, tesztelt \u00e9s cser\u00e9re k\u00e9sz.<\/p>\n","protected":false},"featured_media":12168,"template":"","meta":[],"product_brand":[],"product_cat":[27],"product_tag":[],"class_list":{"0":"post-12111","1":"product","2":"type-product","3":"status-publish","4":"has-post-thumbnail","6":"product_cat-motherboards-board-parts","8":"first","9":"instock","10":"taxable","11":"shipping-taxable","12":"purchasable","13":"product-type-simple"},"_links":{"self":[{"href":"https:\/\/boreait.com\/hu\/wp-json\/wp\/v2\/product\/12111","targetHints":{"allow":["GET"]}}],"collection":[{"href":"https:\/\/boreait.com\/hu\/wp-json\/wp\/v2\/product"}],"about":[{"href":"https:\/\/boreait.com\/hu\/wp-json\/wp\/v2\/types\/product"}],"wp:featuredmedia":[{"embeddable":true,"href":"https:\/\/boreait.com\/hu\/wp-json\/wp\/v2\/media\/12168"}],"wp:attachment":[{"href":"https:\/\/boreait.com\/hu\/wp-json\/wp\/v2\/media?parent=12111"}],"wp:term":[{"taxonomy":"product_brand","embeddable":true,"href":"https:\/\/boreait.com\/hu\/wp-json\/wp\/v2\/product_brand?post=12111"},{"taxonomy":"product_cat","embeddable":true,"href":"https:\/\/boreait.com\/hu\/wp-json\/wp\/v2\/product_cat?post=12111"},{"taxonomy":"product_tag","embeddable":true,"href":"https:\/\/boreait.com\/hu\/wp-json\/wp\/v2\/product_tag?post=12111"}],"curies":[{"name":"wp","href":"https:\/\/api.w.org\/{rel}","templated":true}]}}