{"id":12094,"date":"2025-09-17T13:35:44","date_gmt":"2025-09-17T11:35:44","guid":{"rendered":"https:\/\/boreait.com\/hu\/?post_type=product&#038;p=12094"},"modified":"2025-09-17T13:37:18","modified_gmt":"2025-09-17T11:37:18","slug":"hp-probook-470-g2-173-os-oem-lcd-fedel-zsanerkeszlet-am15b000100-am15b000200","status":"publish","type":"product","link":"https:\/\/boreait.com\/hu\/termek\/hp-probook-470-g2-173-os-oem-lcd-fedel-zsanerkeszlet-am15b000100-am15b000200\/","title":{"rendered":"HP ProBook 470 G2 17,3&#8243;-os OEM LCD fed\u00e9l zsan\u00e9rk\u00e9szlet AM15B000100 AM15B000200"},"content":{"rendered":"<p data-start=\"728\" data-end=\"997\">Vissza\u00e1ll\u00edtsa HP ProBook 470 G2 k\u00e9perny\u0151j\u00e9nek z\u00f6kken\u0151mentes m\u0171k\u00f6d\u00e9s\u00e9t ezzel az <strong data-start=\"804\" data-end=\"831\">OEM 17,3&#8243;-es LCD k\u00e9szlettel<\/strong>, amelyet kifejezetten ehhez a modellhez terveztek. Ez egy <strong data-start=\"881\" laptop<\/strong> harmadik r\u00e9sz, nem adat-genu> csere \u2013 t\u00f6k\u00e9letes, ha a k\u00e9perny\u0151 megremegett, megmerevedett vagy elt\u00f6rt.<\/p>\n<p data-start=\"999\" data-end=\"1017\">Ez a k\u00e9szlet a k\u00f6vetkez\u0151ket tartalmazza:<\/p>\n<ul data-start=\"1018\" data-end=\"1080\">\n<li data-start=\"1018\" data-end=\"1048\">\n<p data-start=\"1020\" data-end=\"1048\"><strong data-start=\"1020\" data-end=\"1048\">Bal csukl\u00f3p\u00e1nt (AM15B000100)<\/strong><\/p>\n<\/li>\n<li data-start=\"1049\" data-end=\"1080\">\n<p data-start=\"1051\" data-end=\"1080\"><strong data-start=\"1051\" data-end=\"1080\">Jobb zsan\u00e9r (AM15B000200)<\/strong><\/p>\n<\/li>\n<\/ul>\n<p data-start=\"1082\" data-end=\"1261\">Mindk\u00e9t csukl\u00f3p\u00e1ntot elt\u00e1vol\u00edtottak a m\u0171k\u00f6d\u0151 laptopokr\u00f3l, \u00e9s tesztelt\u00e9k, hogy biztos\u00edts\u00e1k a <strong data-start=\"1154\" data-end=\"1182\">szil\u00e1rd, megb\u00edzhat\u00f3 mozg\u00e1st<\/strong>. Ezek val\u00f3di fot\u00f3k a pontos r\u00e9szekr\u0151l \u2013 <strong data-start=\"1244\" data-end=\"1261\">nem \u00e9r meglepet\u00e9s!<\/strong><\/p>\n<p data-start=\"1263\" data-end=\"1524\">Ak\u00e1r s\u00e9r\u00fclt csukl\u00f3p\u00e1ntot jav\u00edt, ak\u00e1r laptopot \u00faj\u00edt fel viszontelad\u00e1s c\u00e9lj\u00e1b\u00f3l, ez a k\u00e9szlet m\u00f3dos\u00edt\u00e1s n\u00e9lk\u00fcl t\u00f6k\u00e9letesen illeszkedik. A <strong data-start=\"1405\" data-end=\"1436\">17,3 h\u00fcvelykes HP ProBook 470 G2<\/strong> modellhez k\u00e9sz\u00fclt, \u00e9s hasonl\u00f3 modellekkel is kompatibilis (k\u00e9rj\u00fck, ellen\u0151rizze az eszk\u00f6z specifik\u00e1ci\u00f3it).<\/p>\n<p data-start=\"1526\" data-end=\"1734\">\u2714\ufe0f <strong data-start=\"1529\" data-end=\"1549\">Eredeti HP alkatr\u00e9sz<\/strong><br data-start=\"1549\" data-end=\"1552\" \/>\u2714\ufe0f <strong data-start=\"15515\" quality7\">strong data-start=&#8221;15515&#8243; quality-8&#8243;> adatok vil\u00e1gszerte<\/strong><br data-start=\"1693\" data-end=\"1696\" \/>\u2714\ufe0f <strong data-start=\"1699\" data-end=\"1734\">Seg\u00edts\u00e9gre van sz\u00fcks\u00e9ge? \u00cdrjon nek\u00fcnk b\u00e1rmikor!<\/strong><\/p>\n<blockquote data-start=\"1736\" data-end=\"1860\">\n<p data-start=\"1738\" data-end=\"1860\">\u26a0\ufe0f A telep\u00edt\u00e9si utas\u00edt\u00e1sokat nem tartalmazza, de sz\u00edvesen seg\u00edt\u00fcnk, ha b\u00e1rmilyen k\u00e9rd\u00e9se van a v\u00e1s\u00e1rl\u00e1s el\u0151tt vagy ut\u00e1n.<\/p>\n<\/blockquote>\n","protected":false},"excerpt":{"rendered":"<p>Eredeti HP ProBook 470 G2 LCD zsan\u00e9rk\u00e9szlet 17,3&#8243;-os laptopokhoz. Bal \u00e9s jobb zsan\u00e9rokat tartalmaz (AM15B000100 \/ AM15B000200). Eredeti alkatr\u00e9sz, tesztelt, kiv\u00e1l\u00f3 \u00e1llapotban.<\/p>\n","protected":false},"featured_media":12154,"template":"","meta":[],"product_brand":[],"product_cat":[19],"product_tag":[25],"class_list":{"0":"post-12094","1":"product","2":"type-product","3":"status-publish","4":"has-post-thumbnail","6":"product_cat-screen-hinge","7":"product_tag-hp","9":"first","10":"instock","11":"taxable","12":"shipping-taxable","13":"purchasable","14":"product-type-simple"},"_links":{"self":[{"href":"https:\/\/boreait.com\/hu\/wp-json\/wp\/v2\/product\/12094","targetHints":{"allow":["GET"]}}],"collection":[{"href":"https:\/\/boreait.com\/hu\/wp-json\/wp\/v2\/product"}],"about":[{"href":"https:\/\/boreait.com\/hu\/wp-json\/wp\/v2\/types\/product"}],"wp:featuredmedia":[{"embeddable":true,"href":"https:\/\/boreait.com\/hu\/wp-json\/wp\/v2\/media\/12154"}],"wp:attachment":[{"href":"https:\/\/boreait.com\/hu\/wp-json\/wp\/v2\/media?parent=12094"}],"wp:term":[{"taxonomy":"product_brand","embeddable":true,"href":"https:\/\/boreait.com\/hu\/wp-json\/wp\/v2\/product_brand?post=12094"},{"taxonomy":"product_cat","embeddable":true,"href":"https:\/\/boreait.com\/hu\/wp-json\/wp\/v2\/product_cat?post=12094"},{"taxonomy":"product_tag","embeddable":true,"href":"https:\/\/boreait.com\/hu\/wp-json\/wp\/v2\/product_tag?post=12094"}],"curies":[{"name":"wp","href":"https:\/\/api.w.org\/{rel}","templated":true}]}}