{"id":12092,"date":"2025-09-17T13:35:44","date_gmt":"2025-09-17T11:35:44","guid":{"rendered":"https:\/\/boreait.com\/hu\/?post_type=product&#038;p=12092"},"modified":"2026-02-09T11:09:26","modified_gmt":"2026-02-09T10:09:26","slug":"hp-470-g2-pk09000d410-ujjlenyomat-olvaso-tabla-eredeti-laptop-alkatresz","status":"publish","type":"product","link":"https:\/\/boreait.com\/hu\/termek\/hp-470-g2-pk09000d410-ujjlenyomat-olvaso-tabla-eredeti-laptop-alkatresz\/","title":{"rendered":"HP 470 G2 PK09000D410 ujjlenyomat-olvas\u00f3 t\u00e1bla | Eredeti laptop alkatr\u00e9sz"},"content":{"rendered":"<p data-start=\"562\" data-end=\"924\">Friss\u00edtse vagy \u00e1ll\u00edtsa vissza HP 470 G2 laptopj\u00e1t ezzel az <strong data-start=\"613\" data-end=\"650\">eredeti ujjlenyomat-olvas\u00f3 k\u00e1rty\u00e1val<\/strong> \u2013 cikksz\u00e1m: <strong data-start=\"665\" data-end=\"680\">PK09000D410. Ez egy <strong data-start=\"692\" data-end=\"724\">eredeti, haszn\u00e1lt HP laptop alkatr\u00e9sz<\/strong>, amelyet szakszer\u0171en elt\u00e1vol\u00edtottak \u00e9s teszteltek a teljes funkcionalit\u00e1s biztos\u00edt\u00e1sa \u00e9rdek\u00e9ben. Ak\u00e1r laptopj\u00e1t jav\u00edtja, ak\u00e1r egy hib\u00e1s biometrikus modult cser\u00e9l, ez az alaplap t\u00f6k\u00e9letes illeszked\u00e9st \u00e9s megb\u00edzhat\u00f3 teljes\u00edtm\u00e9nyt k\u00edn\u00e1l.<\/p>\n<p data-start=\"926\" data-end=\"1286\">\ud83d\udd39 <strong data-start=\"929\" data-end=\"950\">Kompatibilis modell:<\/strong> HP 470 G2<br data-start=\"960\" data-end=\"963\" \/>\ud83d\udd39 <strong data-start=\"966\"2Part=\"9698\"2Part\"> PK09000D410<br data-start=\"994\" data-end=\"997\" \/>\ud83d\udd39 <strong data-start=\"1000\" data-end=\"1013\">Funkci\u00f3:<\/strong> Ujjlenyomat-\u00e9rz\u00e9kel\u0151 modul (biometrikus biztons\u00e1g)<br data-start=\"1060\" data-end=\"997\" \/strong data-end=\"1063\" \/>\ud83d\udd39&#8221; data-end=&#8221;1080&#8243;>\u00c1llapot:<\/strong> Haszn\u00e1lt, tesztelt, m\u0171k\u00f6d\u0151<br data-start=\"1102\" data-end=\"1105\" \/>\ud83d\udd39 <strong data-start=\"1108\" data-end=\"1119\">Eredeti:<\/strong> Eredeti HP alkatr\u00e9sz<br data-start=\"1135\" 3. adat-8\" \/strong>\ud83d\udd39 adatok \u00cdrjon nek\u00fcnk b\u00e1rmikor.<\/p>\n<p data-start=\"1288\" data-end=\"1538\">T\u00f6k\u00e9letes v\u00e1laszt\u00e1s jav\u00edt\u00f3m\u0171helyeknek, informatikai szakembereknek vagy egy\u00e9ni felhaszn\u00e1l\u00f3knak, akik bizalommal keresnek <strong data-start=\"1381\" data-end=\"1397\">laptop alkatr\u00e9szeket<\/strong>. B\u00e1r a csomag nem tartalmaz telep\u00edt\u00e9si \u00fatmutat\u00f3t, b\u00e1tran forduljon hozz\u00e1nk, ha tov\u00e1bbi seg\u00edts\u00e9gre van sz\u00fcks\u00e9ge \u2013 k\u00e9szs\u00e9ggel \u00e1llunk rendelkez\u00e9s\u00e9re!<\/p>\n","protected":false},"excerpt":{"rendered":"<p data-start=\"395\" data-end=\"510\">Eredeti ujjlenyomat-olvas\u00f3 k\u00e1rtya PK09000D410 HP 470 G2 laptophoz. Teljesen tesztelt, val\u00f3di fot\u00f3k. Megb\u00edzhat\u00f3 laptop alkatr\u00e9sz.<\/p>\n","protected":false},"featured_media":12152,"template":"","meta":[],"product_brand":[],"product_cat":[27],"product_tag":[25],"class_list":{"0":"post-12092","1":"product","2":"type-product","3":"status-publish","4":"has-post-thumbnail","6":"product_cat-motherboards-board-parts","7":"product_tag-hp","9":"first","10":"instock","11":"taxable","12":"shipping-taxable","13":"purchasable","14":"product-type-simple"},"_links":{"self":[{"href":"https:\/\/boreait.com\/hu\/wp-json\/wp\/v2\/product\/12092","targetHints":{"allow":["GET"]}}],"collection":[{"href":"https:\/\/boreait.com\/hu\/wp-json\/wp\/v2\/product"}],"about":[{"href":"https:\/\/boreait.com\/hu\/wp-json\/wp\/v2\/types\/product"}],"wp:featuredmedia":[{"embeddable":true,"href":"https:\/\/boreait.com\/hu\/wp-json\/wp\/v2\/media\/12152"}],"wp:attachment":[{"href":"https:\/\/boreait.com\/hu\/wp-json\/wp\/v2\/media?parent=12092"}],"wp:term":[{"taxonomy":"product_brand","embeddable":true,"href":"https:\/\/boreait.com\/hu\/wp-json\/wp\/v2\/product_brand?post=12092"},{"taxonomy":"product_cat","embeddable":true,"href":"https:\/\/boreait.com\/hu\/wp-json\/wp\/v2\/product_cat?post=12092"},{"taxonomy":"product_tag","embeddable":true,"href":"https:\/\/boreait.com\/hu\/wp-json\/wp\/v2\/product_tag?post=12092"}],"curies":[{"name":"wp","href":"https:\/\/api.w.org\/{rel}","templated":true}]}}