{"id":12088,"date":"2025-09-17T13:35:44","date_gmt":"2025-09-17T11:35:44","guid":{"rendered":"https:\/\/boreait.com\/hu\/?post_type=product&#038;p=12088"},"modified":"2025-09-17T13:36:56","modified_gmt":"2025-09-17T11:36:56","slug":"eredeti-hp-probook-470-g2-akkumulator-csatlakozo-kabelcsatlakozo-dc020021l00-laptop-alkatreszek-eu","status":"publish","type":"product","link":"https:\/\/boreait.com\/hu\/termek\/eredeti-hp-probook-470-g2-akkumulator-csatlakozo-kabelcsatlakozo-dc020021l00-laptop-alkatreszek-eu\/","title":{"rendered":"Eredeti HP ProBook 470 G2 akkumul\u00e1tor csatlakoz\u00f3 k\u00e1belcsatlakoz\u00f3 DC020021L00 | Laptop alkatr\u00e9szek EU"},"content":{"rendered":"<p data-start=\"646\" data-end=\"983\">Megb\u00edzhat\u00f3 csereakkumul\u00e1torcsatlakoz\u00f3-k\u00e1belt keres HP ProBook 470 G2 k\u00e9sz\u00fcl\u00e9k\u00e9hez? Ez az eredeti DC020021L00 akkumul\u00e1tork\u00e1bel csatlakoz\u00f3 pontosan az, amire sz\u00fcks\u00e9ge van. Ez a kifejezetten a ProBook 470 G2-h\u00f6z tervezett alkatr\u00e9sz stabil \u00e9s biztons\u00e1gos kapcsolatot biztos\u00edt az akkumul\u00e1tor \u00e9s az alaplap k\u00f6z\u00f6tt \u2013 ez elengedhetetlen a megfelel\u0151 t\u00f6lt\u00e9shez \u00e9s teljes\u00edtm\u00e9nyhez.<\/p>\n<p data-start=\"985\" data-end=\"1254\">Ez egy eredeti HP alkatr\u00e9sz (nem egy \u00e1ltal\u00e1nos csere), ide\u00e1lis olyan laptopok jav\u00edt\u00e1s\u00e1ra, amelyek nem t\u00f6lt\u0151dnek vagy kapcsolnak be, mert t\u00f6r\u00f6tt vagy laza akkumul\u00e1torcsatlakoz\u00f3. Ak\u00e1r saj\u00e1t k\u00e9sz\u00fcl\u00e9k\u00e9t jav\u00edtja, ak\u00e1r professzion\u00e1lis szolg\u00e1ltat\u00e1st k\u00edn\u00e1l, ez a laptop alkatr\u00e9sz t\u00f6k\u00e9letesen illeszkedik.<\/p>\n<p data-start=\"1256\" data-end=\"1279\">\ud83d\udd27 <strong data-start=\"1259\" data-end=\"1279\">Term\u00e9k r\u00e9szletei:<\/strong><\/p>\n<ul data-start=\"1280\" data-end=\"1566\">\n<li data-start=\"1280\" data-end=\"1330\">\n<p data-start=\"1282\" data-end=\"1330\"><strong data-start=\"1282\" data-end=\"1299\">Term\u00e9kt\u00edpus:<\/strong> Akkumul\u00e1tor csatlakoz\u00f3k\u00e1bel csatlakoz\u00f3ja<\/p>\n<\/li>\n<li data-start=\"1331\" data-end=\"1374\">\n<p data-start=\"1333\" data-end=\"1374\"><strong data-start=\"1333\" data-end=\"1354\">Kompatibilis modell:<\/strong> HP ProBook 470 G2<\/p>\n<\/li>\n<li data-start=\"1375\" data-end=\"1407\">\n<p data-start=\"1377\" data-end=\"1407\"><strong data-start=\"1377\" data-end=\"1393\">Alkatr\u00e9szsz\u00e1m:<\/strong> DC020021L00<\/p>\n<\/li>\n<li data-start=\"1408\" data-end=\"1458\">\n<p data-start=\"1410\" data-end=\"1458\"><strong data-start=\"1410\" data-end=\"1424\">\u00c1llapot:<\/strong> Haszn\u00e1lt \u2013 teljesen tesztelt \u00e9s m\u0171k\u00f6dik<\/p>\n<\/li>\n<li data-start=\"1459\" data-end=\"1520\">\n<p data-start=\"1461\" data-end=\"1520\"><strong data-start=\"1461\" data-end=\"1478\">Amit kapsz:<\/strong> Pontosan azt, amit a val\u00f3di fot\u00f3kon l\u00e1tsz<\/p>\n<\/li>\n<li data-start=\"1521\" data-end=\"1566\">\n<p data-start=\"1523\" data-end=\"1566\"><strong data-start=\"1523\" data-end=\"1546\">Sz\u00e1ll\u00edt\u00e1s az eg\u00e9sz vil\u00e1gon:<\/strong> Eur\u00f3p\u00e1b\u00f3l \u00e9rkez\u0151 sz\u00e1ll\u00edt\u00e1s<\/p>\n<\/li>\n<\/ul>\n<p data-start=\"1568\" data-end=\"1741\">\ud83d\udca1 <strong data-start=\"1571\" data-end=\"1580\">Megjegyz\u00e9s:<\/strong><br data-start=\"1580\" data-end=\"1583\" \/>A telep\u00edt\u00e9si utas\u00edt\u00e1sokat nem tartalmazza. Ha seg\u00edts\u00e9gre van sz\u00fcks\u00e9ge a kompatibilit\u00e1s azonos\u00edt\u00e1s\u00e1hoz, vagy b\u00e1rmilyen k\u00e9rd\u00e9se van, nyugodtan \u00edrjon nek\u00fcnk \u2013 \u00f6r\u00f6mmel seg\u00edt\u00fcnk!<\/p>\n","protected":false},"excerpt":{"rendered":"<p data-start=\"404\" data-end=\"590\">Eredeti akkumul\u00e1tor csatlakoz\u00f3k\u00e1bel-aljzat a HP ProBook 470 G2 k\u00e9sz\u00fcl\u00e9khez (cikksz\u00e1m: DC020021L00). Ide\u00e1lis a s\u00e9r\u00fclt vagy hib\u00e1s akkumul\u00e1tork\u00e1belek cser\u00e9je. Val\u00f3di fot\u00f3k \u2013 pontosan azt kapod, amit l\u00e1tsz.<\/p>\n","protected":false},"featured_media":12139,"template":"","meta":[],"product_brand":[],"product_cat":[20],"product_tag":[25],"class_list":{"0":"post-12088","1":"product","2":"type-product","3":"status-publish","4":"has-post-thumbnail","6":"product_cat-cables","7":"product_tag-hp","9":"first","10":"instock","11":"taxable","12":"shipping-taxable","13":"purchasable","14":"product-type-simple"},"_links":{"self":[{"href":"https:\/\/boreait.com\/hu\/wp-json\/wp\/v2\/product\/12088","targetHints":{"allow":["GET"]}}],"collection":[{"href":"https:\/\/boreait.com\/hu\/wp-json\/wp\/v2\/product"}],"about":[{"href":"https:\/\/boreait.com\/hu\/wp-json\/wp\/v2\/types\/product"}],"wp:featuredmedia":[{"embeddable":true,"href":"https:\/\/boreait.com\/hu\/wp-json\/wp\/v2\/media\/12139"}],"wp:attachment":[{"href":"https:\/\/boreait.com\/hu\/wp-json\/wp\/v2\/media?parent=12088"}],"wp:term":[{"taxonomy":"product_brand","embeddable":true,"href":"https:\/\/boreait.com\/hu\/wp-json\/wp\/v2\/product_brand?post=12088"},{"taxonomy":"product_cat","embeddable":true,"href":"https:\/\/boreait.com\/hu\/wp-json\/wp\/v2\/product_cat?post=12088"},{"taxonomy":"product_tag","embeddable":true,"href":"https:\/\/boreait.com\/hu\/wp-json\/wp\/v2\/product_tag?post=12088"}],"curies":[{"name":"wp","href":"https:\/\/api.w.org\/{rel}","templated":true}]}}