{"id":12086,"date":"2025-09-17T13:35:44","date_gmt":"2025-09-17T11:35:44","guid":{"rendered":"https:\/\/boreait.com\/hu\/?post_type=product&#038;p=12086"},"modified":"2026-02-09T10:58:18","modified_gmt":"2026-02-09T09:58:18","slug":"hp-probook-470-g2-kijelzokabel-768386-001-173-huvelykes-lcd-kepernyo-vezetek-laptop-alkatreszek","status":"publish","type":"product","link":"https:\/\/boreait.com\/hu\/termek\/hp-probook-470-g2-kijelzokabel-768386-001-173-huvelykes-lcd-kepernyo-vezetek-laptop-alkatreszek\/","title":{"rendered":"HP ProBook 470 G2 kijelz\u0151k\u00e1bel 768386-001 17,3 h\u00fcvelykes LCD-k\u00e9perny\u0151 vezet\u00e9k | Laptop alkatr\u00e9szek"},"content":{"rendered":"<p data-start=\"479\" data-end=\"765\">Ez egy <strong data-start=\"489\" data-end=\"530\">eredeti LCD-kijelz\u0151 cserek\u00e1bel<\/strong> a <strong data-start=\"539\" data-end=\"560\">HP ProBook 470 G2<\/strong> sorozathoz, kifejezetten a <strong data-4\" sorozathoz k\u00e9sz\u00fclt. data-end=\"632\">17,3 h\u00fcvelykes laptop k\u00e9perny\u0151k<\/strong>. A cikksz\u00e1m: <strong data-start=\"653\" data-end=\"667\">768386-001<\/strong>, \u00e9s a laptop alaplapj\u00e1t az LCD kijelz\u0151panelhez k\u00f6ti, lehet\u0151v\u00e9 t\u00e9ve a k\u00e9perny\u0151 m\u0171k\u00f6d\u00e9s\u00e9t.<\/p>\n<p data-start=\"767\" data-end=\"931\">Ak\u00e1r villog\u00e1ssal, kijelz\u00e9s n\u00e9lk\u00fcli vagy id\u0151szakos k\u00e9perny\u0151probl\u00e9m\u00e1kkal k\u00fczd, egy hib\u00e1s k\u00e1bel lehet az oka \u2013 \u00e9s ez az eredeti alkatr\u00e9sz a t\u00f6k\u00e9letes megold\u00e1s.<\/p>\n<p data-start=\"933\" data-end=\"953\">\ud83d\udd27 <strong data-start=\"936\" data-end=\"953\">F\u0151bb jellemz\u0151k:<\/strong><\/p>\n<ul data-start=\"954\" data-end=\"1208\">\n<li data-start=\"954\" data-end=\"995\">\n<p data-start=\"956\" data-end=\"995\">Kompatibilis modell: <strong data-start=\"974\" data-end=\"995\">HP ProBook 470 G2<\/strong><\/p>\n<\/li>\n<li data-start=\"996\" data-end=\"1025\">\n<p data-start=\"998\" data-end=\"1025\">Alkatr\u00e9szsz\u00e1m: <strong data-start=\"1011\" data-end=\"1025\">768386-001<\/strong><\/p>\n<\/li>\n<li data-start=\"1026\" data-end=\"1062\">\n<p data-start=\"1028\" data-end=\"1062\">T\u00edpus: <strong data-start=\"1034\" data-end=\"1062\">LCD k\u00e9perny\u0151-k\u00e1bel<\/strong><\/p>\n<\/li>\n<li data-start=\"1063\" data-end=\"1097\">\n<p data-start=\"1065\" data-end=\"1097\">T\u00e1mogatott k\u00e9perny\u0151m\u00e9ret: <strong data-start=\"1088\" data-end=\"1097\">17,3&#8243;<\/strong><\/p>\n<\/li>\n<li data-start=\"1098\" data-end=\"1146\">\n<p data-start=\"1100\" data-end=\"1146\">\u00c1llapot: <strong data-start=\"1111\" data-end=\"1146\">Haszn\u00e1lt \u2013 teljesen tesztelt \u00e9s m\u0171k\u00f6dik<\/strong><\/p>\n<\/li>\n<li data-start=\"1147\" data-end=\"1208\">\n<p data-start=\"1149\" data-end=\"1208\">Eredeti <strong data-start=\"1157\" data-end=\"1175\">HP laptop alkatr\u00e9sz<\/strong>, ide\u00e1lis jav\u00edt\u00e1shoz vagy cser\u00e9hez<\/p>\n<\/li>\n<\/ul>\n<p data-start=\"1210\" data-end=\"1357\">\ud83d\udcf8 <strong data-start=\"1213\" data-end=\"1221\">Megjegyz\u00e9s<\/strong>: A list\u00e1n szerepl\u0151 \u00f6sszes fot\u00f3 a t\u00e9nylegesen megkapott t\u00e9telr\u0151l k\u00e9sz\u00fclt. Nincsenek \u00e1ltal\u00e1nos stockfot\u00f3k \u2013 pontosan azt kapod, amit l\u00e1tsz.<\/p>\n<p data-start=\"1359\" data-end=\"1533\">\ud83d\udcac <strong data-start=\"1362\" data-end=\"1378\">Telep\u00edt\u00e9s<\/strong>: Telep\u00edt\u00e9si utas\u00edt\u00e1sokat nem adunk, de ha seg\u00edts\u00e9gre van sz\u00fcks\u00e9ge vagy kompatibilit\u00e1si k\u00e9rd\u00e9sei vannak, nyugodtan \u00edrjon nek\u00fcnk \u2013 \u00f6r\u00f6mmel seg\u00edt\u00fcnk.<\/p>\n<p data-start=\"1535\" data-end=\"1740\">\ud83e\udde9 Ez az alkatr\u00e9sz ide\u00e1lis azok sz\u00e1m\u00e1ra, akiknek megb\u00edzhat\u00f3 jav\u00edt\u00e1sra vagy laptop k\u00e9perny\u0151jav\u00edt\u00e1sra van sz\u00fcks\u00e9g\u00fck. A <strong data-start=\"1633\" data-end=\"1649\">laptop-alkatr\u00e9szek<\/strong> katal\u00f3gusunk r\u00e9szek\u00e9nt min\u0151s\u00e9gellen\u0151rz\u00e9snek vetj\u00fck al\u00e1, \u00e9s gondosan sz\u00e1ll\u00edtjuk Eur\u00f3p\u00e1b\u00f3l a vil\u00e1g minden t\u00e1j\u00e1ra.<\/p>\n","protected":false},"excerpt":{"rendered":"<p>Kompatibilis kijelz\u0151k\u00e1bel HP ProBook 470 G2 laptopokhoz (alkatr\u00e9szsz\u00e1m: 768386-001). Eredeti cserealkatr\u00e9sz 17,3&#8243;-os laptop k\u00e9perny\u0151kh\u00f6z.<\/p>\n","protected":false},"featured_media":12137,"template":"","meta":[],"product_brand":[],"product_cat":[20],"product_tag":[25],"class_list":{"0":"post-12086","1":"product","2":"type-product","3":"status-publish","4":"has-post-thumbnail","6":"product_cat-cables","7":"product_tag-hp","9":"first","10":"instock","11":"taxable","12":"shipping-taxable","13":"purchasable","14":"product-type-simple"},"_links":{"self":[{"href":"https:\/\/boreait.com\/hu\/wp-json\/wp\/v2\/product\/12086","targetHints":{"allow":["GET"]}}],"collection":[{"href":"https:\/\/boreait.com\/hu\/wp-json\/wp\/v2\/product"}],"about":[{"href":"https:\/\/boreait.com\/hu\/wp-json\/wp\/v2\/types\/product"}],"wp:featuredmedia":[{"embeddable":true,"href":"https:\/\/boreait.com\/hu\/wp-json\/wp\/v2\/media\/12137"}],"wp:attachment":[{"href":"https:\/\/boreait.com\/hu\/wp-json\/wp\/v2\/media?parent=12086"}],"wp:term":[{"taxonomy":"product_brand","embeddable":true,"href":"https:\/\/boreait.com\/hu\/wp-json\/wp\/v2\/product_brand?post=12086"},{"taxonomy":"product_cat","embeddable":true,"href":"https:\/\/boreait.com\/hu\/wp-json\/wp\/v2\/product_cat?post=12086"},{"taxonomy":"product_tag","embeddable":true,"href":"https:\/\/boreait.com\/hu\/wp-json\/wp\/v2\/product_tag?post=12086"}],"curies":[{"name":"wp","href":"https:\/\/api.w.org\/{rel}","templated":true}]}}