{"id":12085,"date":"2025-09-17T13:35:43","date_gmt":"2025-09-17T11:35:43","guid":{"rendered":"https:\/\/boreait.com\/hu\/?post_type=product&#038;p=12085"},"modified":"2026-02-09T10:57:57","modified_gmt":"2026-02-09T09:57:57","slug":"hp-probook-470-475-g2-oem-wifi-kartya-rtl8723be-wlan-bluetooth-4-0-753077-001","status":"publish","type":"product","link":"https:\/\/boreait.com\/hu\/termek\/hp-probook-470-475-g2-oem-wifi-kartya-rtl8723be-wlan-bluetooth-4-0-753077-001\/","title":{"rendered":"HP ProBook 470 475 G2 OEM WiFi k\u00e1rtya RTL8723BE WLAN Bluetooth 4.0 753077-001"},"content":{"rendered":"<p data-start=\"789\" data-end=\"1019\">Megb\u00edzhat\u00f3 vezet\u00e9k n\u00e9lk\u00fcli cserek\u00e1rty\u00e1t keres HP laptopj\u00e1hoz? Ez a <strong data-start=\"863\" data-end=\"920\">OEM Realtek RTL8723BE WLAN + Bluetooth 4.0 kombin\u00e1lt k\u00e1rtya<\/strong> (HP cikksz\u00e1m: <strong data-start=\"938\" data-end=\"952\">753077-001<\/strong>) teljes m\u00e9rt\u00e9kben kompatibilis a <strong data-start=\"938\" data-end=\"952\">753077-001<\/strong> k\u00e1rty\u00e1val, amely teljesen kompatibilis a k\u00f6vetkez\u0151vel: <strong data-start=\"979\" data-Book1\">H7=&#8221;end&#8221; G2 \u00e9s 475 G2<\/strong>modellek.<\/p>\n<p data-start=\"1021\" data-end=\"1287\">T\u00e1mogatja a <strong data-start=\"1033\" data-end=\"1054\">802.11 b\/g\/n WiFi-t<\/strong> \u00e9s a <strong data-start=\"1059\" data-end=\"1076\">f\u00fcggetlen\u00fcl att\u00f3l, hogy napi laptopja sz\u00fcks\u00e9ge van-e a Bluetooth 4.0-s csatlakoz\u00e1si lehet\u0151s\u00e9gre<\/strong>. b\u00f6ng\u00e9szik, dolgozol vagy streamelsz. Ez egy <strong data-start=\"1217\" data-end=\"1240\">f\u00e9lm\u00e9ret\u0171 PCIe k\u00e1rtya<\/strong>, amely sz\u00e1mos HP ProBook laptopba gy\u00e1rilag be van szerelve.<\/p>\n<p data-start=\"1289\" data-end=\"1476\">\u2705 <strong data-start=\"1291\" data-end=\"1311\">Eredeti OEM alkatr\u00e9sz<\/strong><br data-start=\"1311\" data-end=\"1314\" \/>\u2705 <strong data-start=\"1316\" working-8\">strong data-start=&#8221;1316&#8243; working-8&#8243;>strong data-start=&#8221;1316&#8243; working-8&#8243;> data-start=&#8221;1338&#8243; data-end=&#8221;1341&#8243; \/>\u2705 <strong data-start=\"1343\" data-end=\"1364\">Val\u00f3di fot\u00f3k l\u00e1that\u00f3k<\/strong> \u2013 pontosan a k\u00e9pen l\u00e1that\u00f3 r\u00e9szt fogod megkapni<br data-start=\"1405\" data-end=\"1408\" \/>\u2705 <strong data-start=\"1343\" de nincs benne \u00fatmutat\u00e1s 4\"3-14=\"end=\"10\"3-14\"> nyugodtan \u00edrjon nek\u00fcnk seg\u00edts\u00e9g\u00e9rt<\/p>\n<p data-start=\"1478\" data-end=\"1692\">Ide\u00e1lis a hib\u00e1s WiFi-k\u00e1rtya cser\u00e9j\u00e9hez, illetve a s\u00e9r\u00fclt vagy lev\u00e1lasztott egys\u00e9gr\u0151l t\u00f6rt\u00e9n\u0151 friss\u00edt\u00e9shez. Csak az eredetileg RTL8723BE sorozattal sz\u00e1ll\u00edtott laptopokkal kompatibilis. K\u00e9rj\u00fck, v\u00e1s\u00e1rl\u00e1s el\u0151tt ellen\u0151rizze a kompatibilit\u00e1st.<\/p>\n<p data-start=\"1694\" data-end=\"1827\">Ez a term\u00e9k a <strong data-start=\"1722\" data-end=\"1751\">j\u00f3 min\u0151s\u00e9g\u0171 laptop-alkatr\u00e9szeink<\/strong> k\u00e9szlet\u00fcnk r\u00e9sze a <strong data-start=\"1765\" data-end=\"1779\">Siggm\u00f3ban<\/strong> vil\u00e1gszerte, Eur\u00f3p\u00e1b\u00f3l sz\u00e1ll\u00edtjuk.<\/p>\n","protected":false},"excerpt":{"rendered":"<p>OEM Realtek RTL8723BE WiFi + Bluetooth 4.0 k\u00e1rtya HP ProBook 470 \u00e9s 475 G2 laptopokhoz. Eredeti alkatr\u00e9sz 753077-001. Val\u00f3di fot\u00f3k \u2013 amit l\u00e1tsz, azt kapod!<\/p>\n","protected":false},"featured_media":12136,"template":"","meta":[],"product_brand":[],"product_cat":[27],"product_tag":[25],"class_list":{"0":"post-12085","1":"product","2":"type-product","3":"status-publish","4":"has-post-thumbnail","6":"product_cat-motherboards-board-parts","7":"product_tag-hp","9":"first","10":"instock","11":"taxable","12":"shipping-taxable","13":"purchasable","14":"product-type-simple"},"_links":{"self":[{"href":"https:\/\/boreait.com\/hu\/wp-json\/wp\/v2\/product\/12085","targetHints":{"allow":["GET"]}}],"collection":[{"href":"https:\/\/boreait.com\/hu\/wp-json\/wp\/v2\/product"}],"about":[{"href":"https:\/\/boreait.com\/hu\/wp-json\/wp\/v2\/types\/product"}],"wp:featuredmedia":[{"embeddable":true,"href":"https:\/\/boreait.com\/hu\/wp-json\/wp\/v2\/media\/12136"}],"wp:attachment":[{"href":"https:\/\/boreait.com\/hu\/wp-json\/wp\/v2\/media?parent=12085"}],"wp:term":[{"taxonomy":"product_brand","embeddable":true,"href":"https:\/\/boreait.com\/hu\/wp-json\/wp\/v2\/product_brand?post=12085"},{"taxonomy":"product_cat","embeddable":true,"href":"https:\/\/boreait.com\/hu\/wp-json\/wp\/v2\/product_cat?post=12085"},{"taxonomy":"product_tag","embeddable":true,"href":"https:\/\/boreait.com\/hu\/wp-json\/wp\/v2\/product_tag?post=12085"}],"curies":[{"name":"wp","href":"https:\/\/api.w.org\/{rel}","templated":true}]}}