{"id":12084,"date":"2025-09-17T13:35:43","date_gmt":"2025-09-17T11:35:43","guid":{"rendered":"https:\/\/boreait.com\/hu\/?post_type=product&#038;p=12084"},"modified":"2025-09-17T13:36:48","modified_gmt":"2025-09-17T11:36:48","slug":"hp-probook-470-450-g2-ls-b186p-optikai-meghajto-csatlakozokartya-eredeti-alkatresz","status":"publish","type":"product","link":"https:\/\/boreait.com\/hu\/termek\/hp-probook-470-450-g2-ls-b186p-optikai-meghajto-csatlakozokartya-eredeti-alkatresz\/","title":{"rendered":"HP ProBook 470 450 G2 LS-B186P optikai meghajt\u00f3 csatlakoz\u00f3k\u00e1rtya \u2013 eredeti alkatr\u00e9sz"},"content":{"rendered":"<p data-start=\"651\" data-end=\"917\">Ez egy <strong data-start=\"662\" data-end=\"713\">eredeti LS-B186P optikai meghajt\u00f3 csatlakoz\u00f3k\u00e1rtya<\/strong>, amely teljesen kompatibilis a <strong data-start=\"737\" data-end=\"758\">HP ProBook 470 G2-3<\/strong> \u00e9s <strong data data-end=\"773\">450 G2<\/strong> laptopok. Ez egy eredeti <strong data-start=\"798\" data-end=\"825\">csere laptop alkatr\u00e9sz<\/strong>, amelyet gondosan elt\u00e1vol\u00edtottak a m\u0171k\u00f6d\u0151 egys\u00e9gb\u0151l, \u00e9s ellen\u0151rizt\u00e9k, hogy kiv\u00e1l\u00f3 \u00e1llapotban van-e.<\/p>\n<p data-start=\"919\" data-end=\"1216\">Ez az alaplap \u00f6sszek\u00f6ti az optikai meghajt\u00f3t az alaplappal, \u00e9s elengedhetetlen alkatr\u00e9sz, ha probl\u00e9m\u00e1kat tapasztal a DVD-meghajt\u00f3val vagy a ProBook bels\u0151 r\u00e9szeinek friss\u00edt\u00e9s\u00e9vel. Ide\u00e1lis technikusok vagy bark\u00e1csfelhaszn\u00e1l\u00f3k sz\u00e1m\u00e1ra, akik jav\u00edt\u00e1st v\u00e9geznek, ez a r\u00e9sz seg\u00edt a laptop teljes funkcionalit\u00e1s\u00e1nak vissza\u00e1ll\u00edt\u00e1s\u00e1ban.<\/p>\n<p data-start=\"1218\" data-end=\"1359\">\ud83d\udd27 B\u00e1r a telep\u00edt\u00e9si utas\u00edt\u00e1sokat nem adjuk meg, nyugodtan \u00edrjon nek\u00fcnk, ha seg\u00edts\u00e9gre vagy pontos\u00edt\u00e1sra van sz\u00fcks\u00e9ge a v\u00e1s\u00e1rl\u00e1s el\u0151tt vagy ut\u00e1n.<\/p>\n<p data-start=\"1361\" data-end=\"1467\">\ud83d\udcf8 <strong data-start=\"1364\" data-end=\"1430\">Az adatlapon szerepl\u0151 fot\u00f3k a t\u00e9nyleges r\u00e9szb\u0151l \u00e1llnak, amelyet \u00d6n kap<\/strong>, \u00edgy pontosan tudja, mire sz\u00e1m\u00edthat.<strong data-start=\"1474\" data-end=\"1491\">Funkci\u00f3k:<\/strong><\/p>\n<ul data-start=\"1492\" data-end=\"1705\">\n<li data-start=\"1492\" data-end=\"1534\">\n<p data-start=\"1494\" data-end=\"1534\">\u2714\ufe0f Eredeti HP alkatr\u00e9sz \u2013 <strong data-start=\"1522\" data-end=\"1534\">LS-B186P<\/strong><\/p>\n<\/li>\n<li data-start=\"1535\" data-end=\"1586\">\n<p data-start=\"1537\" data-end=\"1586\">\u2714\ufe0f Kompatibilis a k\u00f6vetkez\u0151vel: <strong data-start=\"1556\" data-end=\"1586\">HP ProBook 470 G2 \/ 450 G2<\/strong><\/p>\n<\/li>\n<li data-start=\"1587\" data-end=\"1621\">\n<p data-start=\"1589\" data-end=\"1621\">\u2714\ufe0f Optikai meghajt\u00f3 csatlakoz\u00f3k\u00e1rtya<\/p>\n<\/li>\n<li data-start=\"1622\" data-end=\"1672\">\n<p data-start=\"1624\" data-end=\"1672\">\u2714\ufe0f Ide\u00e1lis laptopjav\u00edt\u00e1shoz \u00e9s alkatr\u00e9szcser\u00e9hez<\/p>\n<\/li>\n<li data-start=\"1673\" data-end=\"1705\">\n<p data-start=\"1675\" data-end=\"1705\">\u2714\ufe0f Teljesen tesztelt \u00e9s m\u0171k\u00f6d\u0151k\u00e9pes<\/p>\n<\/li>\n<\/ul>\n<p data-start=\"1707\" data-end=\"1830\">Ez a t\u00e9tel a Siggmo-n\u00e1l tal\u00e1lhat\u00f3 <strong data-start=\"1753\" data-end=\"1777\">min\u0151s\u00e9gi laptop-alkatr\u00e9szeink<\/strong> megb\u00edzhat\u00f3 v\u00e1laszt\u00e9k\u00e1nak r\u00e9sze, amelyet Eur\u00f3pa-szerte \u00e9s vil\u00e1gszerte sz\u00e1ll\u00edtunk.<\/p>\n","protected":false},"excerpt":{"rendered":"<p data-start=\"454\" data-end=\"596\">Eredeti LS-B186P optikai meghajt\u00f3 csatlakoz\u00f3k\u00e1rtya HP ProBook 470 \u00e9s 450 G2 k\u00e9sz\u00fcl\u00e9kekhez. 100%-ban eredeti \u00e9s tesztelt \u2013 ide\u00e1lis laptopjav\u00edt\u00e1shoz vagy cser\u00e9hez.<\/p>\n","protected":false},"featured_media":12135,"template":"","meta":[],"product_brand":[],"product_cat":[27],"product_tag":[25],"class_list":{"0":"post-12084","1":"product","2":"type-product","3":"status-publish","4":"has-post-thumbnail","6":"product_cat-motherboards-board-parts","7":"product_tag-hp","9":"first","10":"instock","11":"taxable","12":"shipping-taxable","13":"purchasable","14":"product-type-simple"},"_links":{"self":[{"href":"https:\/\/boreait.com\/hu\/wp-json\/wp\/v2\/product\/12084","targetHints":{"allow":["GET"]}}],"collection":[{"href":"https:\/\/boreait.com\/hu\/wp-json\/wp\/v2\/product"}],"about":[{"href":"https:\/\/boreait.com\/hu\/wp-json\/wp\/v2\/types\/product"}],"wp:featuredmedia":[{"embeddable":true,"href":"https:\/\/boreait.com\/hu\/wp-json\/wp\/v2\/media\/12135"}],"wp:attachment":[{"href":"https:\/\/boreait.com\/hu\/wp-json\/wp\/v2\/media?parent=12084"}],"wp:term":[{"taxonomy":"product_brand","embeddable":true,"href":"https:\/\/boreait.com\/hu\/wp-json\/wp\/v2\/product_brand?post=12084"},{"taxonomy":"product_cat","embeddable":true,"href":"https:\/\/boreait.com\/hu\/wp-json\/wp\/v2\/product_cat?post=12084"},{"taxonomy":"product_tag","embeddable":true,"href":"https:\/\/boreait.com\/hu\/wp-json\/wp\/v2\/product_tag?post=12084"}],"curies":[{"name":"wp","href":"https:\/\/api.w.org\/{rel}","templated":true}]}}