{"id":12082,"date":"2025-09-17T13:35:43","date_gmt":"2025-09-17T11:35:43","guid":{"rendered":"https:\/\/boreait.com\/hu\/?post_type=product&#038;p=12082"},"modified":"2025-09-17T13:36:44","modified_gmt":"2025-09-17T11:36:44","slug":"hp-probook-470-475-g2-belso-dvd-rw-meghajto-768475-001-laptop-resz","status":"publish","type":"product","link":"https:\/\/boreait.com\/hu\/termek\/hp-probook-470-475-g2-belso-dvd-rw-meghajto-768475-001-laptop-resz\/","title":{"rendered":"HP ProBook 470 475 G2 bels\u0151 DVD-RW meghajt\u00f3 768475-001 | Laptop r\u00e9sz"},"content":{"rendered":"<p data-start=\"477\" data-end=\"812\">Megb\u00edzhat\u00f3 csere-DVD-meghajt\u00f3t keres HP ProBook-j\u00e1hoz? Ez az <strong data-start=\"548\" data-end=\"606\">eredeti bels\u0151 DVD-RW meghajt\u00f3 (cikksz\u00e1m: 768475-001)<\/strong> kompatibilis a <strong data-start=\"630\" data-end=\"677\">HP ProBook 470 G2 \u00e9s 475 G2 sorozat\u00fa laptopokkal<\/strong>. T\u00f6k\u00e9letes a s\u00e9r\u00fclt vagy nem m\u0171k\u00f6d\u0151 optikai meghajt\u00f3 cser\u00e9j\u00e9re, ez az egys\u00e9g teljes k\u00f6r\u0171en tesztelt, \u00e9s garant\u00e1ltan m\u0171k\u00f6d\u0151k\u00e9pes.<\/p>\n<p data-start=\"814\" data-end=\"1051\">Ez a meghajt\u00f3 lehet\u0151v\u00e9 teszi CD-k \u00e9s DVD-k olvas\u00e1s\u00e1t \u00e9s \u00edr\u00e1s\u00e1t, \u00edgy hasznos a telep\u00edt\u00e9sekhez, biztons\u00e1gi ment\u00e9sekhez, m\u00e9dialej\u00e1tsz\u00e1shoz stb. Legyen \u00d6n technikus, viszontelad\u00f3 vagy csak saj\u00e1t k\u00e9sz\u00fcl\u00e9k\u00e9t jav\u00edtja, ez egy ide\u00e1lis <strong data-start=\"1027\" data-end=\"1042\">laptop alkatr\u00e9sz<\/strong>.<\/p>\n<ul data-start=\"1053\" data-end=\"1473\">\n<li data-start=\"1053\" data-end=\"1091\">\n<p data-start=\"1055\" data-end=\"1091\">\u2705 <strong data-start=\"1057\" data-end=\"1066\">Modell<\/strong>: Bels\u0151 DVD-RW meghajt\u00f3<\/p>\n<\/li>\n<li data-start=\"1092\" data-end=\"1125\">\n<p data-start=\"1094\" data-end=\"1125\">\u2705 <strong data-start=\"1096\" data-end=\"1111\">Alkatr\u00e9szsz\u00e1m<\/strong>: 768475-001<\/p>\n<\/li>\n<li data-start=\"1126\" data-end=\"1177\">\n<p data-start=\"1128\" data-end=\"1177\">\u2705 <strong data-start=\"1130\" data-end=\"1147\">Kompatibilit\u00e1s<\/strong>: HP ProBook 470 G2 \/ 475 G2<\/p>\n<\/li>\n<li data-start=\"1178\" data-end=\"1229\">\n<p data-start=\"1180\" data-end=\"1229\">\u2705 <strong data-start=\"1182\" data-end=\"1195\">\u00c1llapot<\/strong>: Haszn\u00e1lt, teljesen tesztelt \u00e9s m\u0171k\u00f6dik<\/p>\n<\/li>\n<li data-start=\"1230\" data-end=\"1308\">\n<p data-start=\"1232\" data-end=\"1308\">\u2705 <strong data-start=\"1234\" data-end=\"1244\">Fot\u00f3k<\/strong>: A l\u00e1that\u00f3 fot\u00f3k a <strong data-start=\"1276\" data-end=\"1291\">t\u00e9nyleges t\u00e9telr\u0151l<\/strong> k\u00e9sz\u00fcltek, amelyet megkap<\/p>\n<\/li>\n<li data-start=\"1309\" data-end=\"1377\">\n<p data-start=\"1311\" data-end=\"1377\">\u2705 <strong data-start=\"1313\" data-end=\"1335\">Sz\u00e1ll\u00edt\u00e1s az eg\u00e9sz vil\u00e1gon<\/strong>: Eur\u00f3p\u00e1b\u00f3l sz\u00e1ll\u00edtunk, glob\u00e1lisan sz\u00e1ll\u00edtunk<\/p>\n<\/li>\n<li data-start=\"1378\" data-end=\"1473\">\n<p data-start=\"1380\" data-end=\"1473\">\ud83d\udee0 <strong data-start=\"1383\" data-end=\"1391\">Megjegyz\u00e9s<\/strong>: A telep\u00edt\u00e9si utas\u00edt\u00e1sokat nem adjuk meg, de seg\u00edts\u00e9g\u00e9rt forduljon hozz\u00e1nk bizalommal.<\/p>\n<\/li>\n<\/ul>\n<p data-start=\"1475\" data-end=\"1627\">Ez egy kiv\u00e1l\u00f3 min\u0151s\u00e9g\u0171, eredeti HP <strong data-start=\"1510\" data-end=\"1525\">laptop alkatr\u00e9sz<\/strong>, amely hossz\u00fa t\u00e1v\u00fa teljes\u00edtm\u00e9nyt biztos\u00edt. Ha megb\u00edzhat\u00f3 cser\u00e9re van sz\u00fcks\u00e9ge meglepet\u00e9sek n\u00e9lk\u00fcl, akkor ez az.<\/p>\n","protected":false},"excerpt":{"rendered":"<p>Eredeti HP bels\u0151 DVD-RW meghajt\u00f3 ProBook 470 \u00e9s 475 G2 sz\u00e1m\u00e1ra. Tesztelve \u00e9s teljesen m\u0171k\u00f6d\u0151k\u00e9pes. Ide\u00e1lis laptop alkatr\u00e9sz cser\u00e9hez vagy jav\u00edt\u00e1shoz.<\/p>\n","protected":false},"featured_media":12133,"template":"","meta":[],"product_brand":[],"product_cat":[27],"product_tag":[25],"class_list":{"0":"post-12082","1":"product","2":"type-product","3":"status-publish","4":"has-post-thumbnail","6":"product_cat-motherboards-board-parts","7":"product_tag-hp","9":"first","10":"instock","11":"taxable","12":"shipping-taxable","13":"purchasable","14":"product-type-simple"},"_links":{"self":[{"href":"https:\/\/boreait.com\/hu\/wp-json\/wp\/v2\/product\/12082","targetHints":{"allow":["GET"]}}],"collection":[{"href":"https:\/\/boreait.com\/hu\/wp-json\/wp\/v2\/product"}],"about":[{"href":"https:\/\/boreait.com\/hu\/wp-json\/wp\/v2\/types\/product"}],"wp:featuredmedia":[{"embeddable":true,"href":"https:\/\/boreait.com\/hu\/wp-json\/wp\/v2\/media\/12133"}],"wp:attachment":[{"href":"https:\/\/boreait.com\/hu\/wp-json\/wp\/v2\/media?parent=12082"}],"wp:term":[{"taxonomy":"product_brand","embeddable":true,"href":"https:\/\/boreait.com\/hu\/wp-json\/wp\/v2\/product_brand?post=12082"},{"taxonomy":"product_cat","embeddable":true,"href":"https:\/\/boreait.com\/hu\/wp-json\/wp\/v2\/product_cat?post=12082"},{"taxonomy":"product_tag","embeddable":true,"href":"https:\/\/boreait.com\/hu\/wp-json\/wp\/v2\/product_tag?post=12082"}],"curies":[{"name":"wp","href":"https:\/\/api.w.org\/{rel}","templated":true}]}}