{"id":12081,"date":"2025-09-17T13:35:43","date_gmt":"2025-09-17T11:35:43","guid":{"rendered":"https:\/\/boreait.com\/hu\/?post_type=product&#038;p=12081"},"modified":"2025-09-17T13:36:41","modified_gmt":"2025-09-17T11:36:41","slug":"hp-probook-470-475-g2-ls-b184p-kartyaolvaso-kartya-eredeti-laptop-alkatresz","status":"publish","type":"product","link":"https:\/\/boreait.com\/hu\/termek\/hp-probook-470-475-g2-ls-b184p-kartyaolvaso-kartya-eredeti-laptop-alkatresz\/","title":{"rendered":"HP ProBook 470 475 G2 LS-B184P k\u00e1rtyaolvas\u00f3 k\u00e1rtya \u2013 Eredeti laptop alkatr\u00e9sz"},"content":{"rendered":"<p data-start=\"652\" data-end=\"1010\">Friss\u00edtse vagy jav\u00edtsa meg HP ProBook 470 vagy 475 G2 laptopj\u00e1t ezzel az <strong data-start=\"717\" data-end=\"755\">eredeti LS-B184P k\u00e1rtyaolvas\u00f3 k\u00e1rty\u00e1val<\/strong>. Ez egy <strong data-start=\"768\" data-end=\"792\">eredeti laptop alkatr\u00e9sz<\/strong>, amelyet gondosan elt\u00e1vol\u00edtottak \u00e9s teszteltek a teljes funkcionalit\u00e1s biztos\u00edt\u00e1sa \u00e9rdek\u00e9ben. Ak\u00e1r a jelenlegi k\u00e1rtyaolvas\u00f3ja meghib\u00e1sodott, ak\u00e1r p\u00f3talkatr\u00e9szekb\u0151l \u00e9p\u00edt egy egys\u00e9get, ez a k\u00e1rtya vissza\u00e1ll\u00edtja az SD-k\u00e1rtya megb\u00edzhat\u00f3 m\u0171k\u00f6d\u00e9s\u00e9t az eszk\u00f6z\u00f6n.<\/p>\n<p data-start=\"1012\" data-end=\"1287\">Ez a k\u00e1rtyaolvas\u00f3 k\u00e1rtya kifejezetten a <strong data-start=\"1067\" data-end=\"1106\">HP ProBook 470 G2 \u00e9s 475 G2 modellekkel<\/strong> kompatibilis, \u00e9s a k\u00f6vetkez\u0151 cikksz\u00e1mmal van ell\u00e1tva: <strong data-start=\"1144-B-1\" data.4\">end<\/strong>P8. Ide\u00e1lis a laptopjav\u00edt\u00f3 szakemberek \u00e9s a bark\u00e1csol\u00e1s szerelmesei sz\u00e1m\u00e1ra, k\u00f6lts\u00e9ghat\u00e9kony megold\u00e1st k\u00edn\u00e1l a min\u0151s\u00e9gi kompromisszumok n\u00e9lk\u00fcl.<\/p>\n<p data-start=\"1289\" data-end=\"1525\">\u2714\ufe0f Kompatibilis a HP ProBook 470 G2 \/ 475 G2-vel<br data-start=\"1334\" data-end=\"1337\" \/>\u2714\ufe0f Cikksz\u00e1m: LS-B184P<br data-start=\"1361\"\u2714\u27146\ufe0f4\ufe0f\"end=\"1361\" tesztelt, 100%-ban m\u0171k\u00f6d\u0151k\u00e9pes<br data-start=\"1396\" data-end=\"1399\" \/>\u2714\ufe0f Val\u00f3di term\u00e9kfot\u00f3k \u2013 amit l\u00e1tsz, azt fogod kapni<br data-start=\"1455\" data-end=\"1458\" \/>\u2714\ufe0f Vil\u00e1gszerte el\u00e9rhet\u0151 kisz\u00e1ll\u00edt\u00e1s<br data-start=\"1489\"9 data2\"end=\"\u2714\ufe0f Seg\u00edts\u00e9gre van sz\u00fcks\u00e9ged? \u00cdrjon nek\u00fcnk b\u00e1rmikor!<\/p>\n<p data-start=\"1527\" data-end=\"1658\">Ak\u00e1r s\u00e9r\u00fclt olvas\u00f3t cser\u00e9l, ak\u00e1r alkatr\u00e9szeket v\u00e1s\u00e1rol jav\u00edt\u00e1si munk\u00e1khoz, ez a <strong data-start=\"1609\" data-end=\"1624\">laptop alkatr\u00e9sz<\/strong> megb\u00edzhat\u00f3 \u00e9s val\u00f3di v\u00e1laszt\u00e1s.<\/p>\n","protected":false},"excerpt":{"rendered":"<p>Eredeti LS-B184P k\u00e1rtyaolvas\u00f3 lap HP ProBook 470\/475 G2 laptopokhoz. Tesztelve \u00e9s telep\u00edt\u00e9sre k\u00e9sz.<\/p>\n","protected":false},"featured_media":12132,"template":"","meta":[],"product_brand":[],"product_cat":[27],"product_tag":[25],"class_list":{"0":"post-12081","1":"product","2":"type-product","3":"status-publish","4":"has-post-thumbnail","6":"product_cat-motherboards-board-parts","7":"product_tag-hp","9":"first","10":"instock","11":"taxable","12":"shipping-taxable","13":"purchasable","14":"product-type-simple"},"_links":{"self":[{"href":"https:\/\/boreait.com\/hu\/wp-json\/wp\/v2\/product\/12081","targetHints":{"allow":["GET"]}}],"collection":[{"href":"https:\/\/boreait.com\/hu\/wp-json\/wp\/v2\/product"}],"about":[{"href":"https:\/\/boreait.com\/hu\/wp-json\/wp\/v2\/types\/product"}],"wp:featuredmedia":[{"embeddable":true,"href":"https:\/\/boreait.com\/hu\/wp-json\/wp\/v2\/media\/12132"}],"wp:attachment":[{"href":"https:\/\/boreait.com\/hu\/wp-json\/wp\/v2\/media?parent=12081"}],"wp:term":[{"taxonomy":"product_brand","embeddable":true,"href":"https:\/\/boreait.com\/hu\/wp-json\/wp\/v2\/product_brand?post=12081"},{"taxonomy":"product_cat","embeddable":true,"href":"https:\/\/boreait.com\/hu\/wp-json\/wp\/v2\/product_cat?post=12081"},{"taxonomy":"product_tag","embeddable":true,"href":"https:\/\/boreait.com\/hu\/wp-json\/wp\/v2\/product_tag?post=12081"}],"curies":[{"name":"wp","href":"https:\/\/api.w.org\/{rel}","templated":true}]}}