{"id":1207,"date":"2025-09-17T09:56:23","date_gmt":"2025-09-17T07:56:23","guid":{"rendered":"https:\/\/boreait.com\/hu\/?post_type=product&#038;p=1207"},"modified":"2025-09-17T09:58:12","modified_gmt":"2025-09-17T07:58:12","slug":"h0g2v-am0vi000503-oem-dell-alapburkolat-latitude-e6540-p29f","status":"publish","type":"product","link":"https:\/\/boreait.com\/hu\/termek\/h0g2v-am0vi000503-oem-dell-alapburkolat-latitude-e6540-p29f\/","title":{"rendered":"H0G2V AM0VI000503 OEM DELL ALAPBURKOLAT LATITUDE E6540 P29F"},"content":{"rendered":"<p>A H0G2V AM0VI000503 OEM Dell Base Cover egy hiteles cserealkatr\u00e9sz, amelyet kifejezetten a Dell Latitude E6540 (P29F) laptopmodellhez terveztek. A laptop h\u00e1z\u00e1nak elengedhetetlen r\u00e9szek\u00e9nt az alapburkolat szerkezeti integrit\u00e1st biztos\u00edt, \u00e9s v\u00e9di a bels\u0151 alkatr\u00e9szeket, biztos\u00edtva a k\u00e9sz\u00fcl\u00e9k zavartalan m\u0171k\u00f6d\u00e9s\u00e9t.<\/p>\n<p>A Dell szak\u00e9rt\u0151 m\u00e9rn\u00f6kei \u00e1ltal tervezett OEM alapburkolat garant\u00e1lja a pontos illeszked\u00e9st, \u00e9s t\u00f6k\u00e9letesen illeszkedik a laptop t\u00f6bbi alkatr\u00e9sz\u00e9hez. Ha a H0G2V AM0VI000503 alapburkolatot v\u00e1lasztja, biztos lehet benne, hogy olyan kiv\u00e1l\u00f3 min\u0151s\u00e9g\u0171 term\u00e9ket kap, amely megfelel a Dell szigor\u00fa teljes\u00edtm\u00e9ny- \u00e9s tart\u00f3ss\u00e1gi k\u00f6vetelm\u00e9nyeinek.<\/p>\n<p>Az alapburkolat felszerel\u00e9sekor l\u00e9tfontoss\u00e1g\u00fa, hogy k\u00f6vesse a gy\u00e1rt\u00f3 \u00e1ltal javasolt ir\u00e1nyelveket, vagy k\u00e9rjen szak\u00e9rt\u0151i seg\u00edts\u00e9get, hogy elker\u00fclje a laptop vagy alkatr\u00e9szeinek s\u00e9r\u00fcl\u00e9s\u00e9t. A Dell azt javasolja, hogy csak eredeti OEM alkatr\u00e9szeket haszn\u00e1ljon a cser\u00e9hez, hogy meg\u0151rizze a laptop eredeti kialak\u00edt\u00e1s\u00e1t \u00e9s funkcionalit\u00e1s\u00e1t.<\/p>\n<p>A s\u00e9r\u00fclt vagy elhaszn\u00e1l\u00f3dott alapburkolat cser\u00e9je elengedhetetlen a Dell Latitude E6540 laptop bels\u0151 alkatr\u00e9szeinek v\u00e9delm\u00e9hez \u00e9s \u00e9lettartam\u00e1nak meghosszabb\u00edt\u00e1s\u00e1hoz. A H0G2V AM0VI000503 OEM Dell Base Cover t\u00f6k\u00e9letes v\u00e1laszt\u00e1s a laptop h\u00e1z\u00e1nak eredeti \u00e1llapot\u00e1nak vissza\u00e1ll\u00edt\u00e1s\u00e1hoz.<\/p>\n<p>\u00d6sszefoglalva, a H0G2V AM0VI000503 OEM Dell Base Cover egy eredeti cserealkatr\u00e9sz, amely szerkezeti t\u00e1mogat\u00e1st \u00e9s v\u00e9delmet k\u00edn\u00e1l a Dell Latitude E6540 (P29F) laptop bels\u0151 alkatr\u00e9szei sz\u00e1m\u00e1ra. Ezzel az OEM alapburkolattal biztos\u00edthatja laptopja integrit\u00e1s\u00e1t, mik\u00f6zben meg\u0151rzi annak diz\u00e1jnj\u00e1t \u00e9s eszt\u00e9tik\u00e1j\u00e1t.<\/p>\n","protected":false},"excerpt":{"rendered":"<p>A H0G2V AM0VI000503 OEM Dell Base Cover egy eredeti cserealkatr\u00e9sz, amelyet a Dell Latitude E6540 (P29F) laptophoz terveztek. Ez az alapburkolat v\u00e9delmet \u00e9s szerkezeti t\u00e1mogat\u00e1st ny\u00fajt a laptop bels\u0151 alkatr\u00e9szeinek, mik\u00f6zben meg\u0151rzi az eredeti megjelen\u00e9st \u00e9s eszt\u00e9tik\u00e1t.<\/p>\n","protected":false},"featured_media":1291,"template":"","meta":[],"product_brand":[],"product_cat":[16],"product_tag":[17],"class_list":{"0":"post-1207","1":"product","2":"type-product","3":"status-publish","4":"has-post-thumbnail","6":"product_cat-laptop-housing","7":"product_tag-dell","9":"first","10":"instock","11":"taxable","12":"shipping-taxable","13":"purchasable","14":"product-type-simple"},"_links":{"self":[{"href":"https:\/\/boreait.com\/hu\/wp-json\/wp\/v2\/product\/1207","targetHints":{"allow":["GET"]}}],"collection":[{"href":"https:\/\/boreait.com\/hu\/wp-json\/wp\/v2\/product"}],"about":[{"href":"https:\/\/boreait.com\/hu\/wp-json\/wp\/v2\/types\/product"}],"wp:featuredmedia":[{"embeddable":true,"href":"https:\/\/boreait.com\/hu\/wp-json\/wp\/v2\/media\/1291"}],"wp:attachment":[{"href":"https:\/\/boreait.com\/hu\/wp-json\/wp\/v2\/media?parent=1207"}],"wp:term":[{"taxonomy":"product_brand","embeddable":true,"href":"https:\/\/boreait.com\/hu\/wp-json\/wp\/v2\/product_brand?post=1207"},{"taxonomy":"product_cat","embeddable":true,"href":"https:\/\/boreait.com\/hu\/wp-json\/wp\/v2\/product_cat?post=1207"},{"taxonomy":"product_tag","embeddable":true,"href":"https:\/\/boreait.com\/hu\/wp-json\/wp\/v2\/product_tag?post=1207"}],"curies":[{"name":"wp","href":"https:\/\/api.w.org\/{rel}","templated":true}]}}