{"id":1205,"date":"2025-09-17T09:56:22","date_gmt":"2025-09-17T07:56:22","guid":{"rendered":"https:\/\/boreait.com\/hu\/?post_type=product&#038;p=1205"},"modified":"2025-09-17T09:58:05","modified_gmt":"2025-09-17T07:58:05","slug":"hp-probook-6360t-dc-tapcsatlakozo-50-4kt06-002-tapcsatlakozo","status":"publish","type":"product","link":"https:\/\/boreait.com\/hu\/termek\/hp-probook-6360t-dc-tapcsatlakozo-50-4kt06-002-tapcsatlakozo\/","title":{"rendered":"HP ProBook 6360T DC t\u00e1pcsatlakoz\u00f3 50.4KT06.002 t\u00e1pcsatlakoz\u00f3"},"content":{"rendered":"<p>Eur\u00f3pai online \u00e1ruh\u00e1zunkban elk\u00f6telezettek vagyunk abban, hogy kiv\u00e1l\u00f3 min\u0151s\u00e9g\u0171 haszn\u00e1lt laptop alkatr\u00e9szeket biztos\u00edtsunk, hogy minden jav\u00edt\u00e1si ig\u00e9ny\u00e9t kiel\u00e9g\u00edts\u00fck. Ha megb\u00edzhat\u00f3 helyettes\u00edt\u0151t keres az 50.4KT06.002 cikksz\u00e1m\u00fa HP ProBook 6360T DC t\u00e1pcsatlakoz\u00f3hoz, ne keressen tov\u00e1bb. Hiteles laptop-alkatr\u00e9szeink gy\u0171jtem\u00e9ny\u00e9t alaposan beszerezt\u00fck \u00e9s tesztelt\u00fck, hogy biztos\u00edtsuk az optim\u00e1lis teljes\u00edtm\u00e9nyt \u00e9s kompatibilit\u00e1st az \u00d6n k\u00e9sz\u00fcl\u00e9k\u00e9vel.<\/p>\n<p>A hib\u00e1s egyen\u00e1ram\u00fa t\u00e1pcsatlakoz\u00f3 frusztr\u00e1l\u00f3 probl\u00e9ma lehet, ami gyakran ahhoz vezet, hogy a laptop nem t\u00f6lt\u0151dik vagy nem kapcsol be. Ahelyett, hogy egy dr\u00e1ga \u00faj laptopba fektetne be, megb\u00edzhat pr\u00e9mium haszn\u00e1lt laptop-alkatr\u00e9szeinkben, hogy HP ProBook 6360T k\u00e9sz\u00fcl\u00e9k\u00e9t a k\u00f6lts\u00e9gek t\u00f6red\u00e9k\u00e9\u00e9rt \u00fajra \u00fczembe helyezze. Minden egyes csatlakoz\u00f3aljzat szigor\u00fa tesztel\u00e9sen megy kereszt\u00fcl, hogy megbizonyosodjon arr\u00f3l, hogy megfelelnek magas min\u0151s\u00e9gi k\u00f6vetelm\u00e9nyeinknek, \u00edgy biztos lehet benne a megb\u00edzhat\u00f3s\u00e1gban \u00e9s a tart\u00f3ss\u00e1gban.<\/p>\n<p>Meg\u00e9rtj\u00fck a z\u00f6kken\u0151mentes v\u00e1s\u00e1rl\u00e1si \u00e9lm\u00e9ny fontoss\u00e1g\u00e1t, ez\u00e9rt arra t\u00f6reksz\u00fcnk, hogy felhaszn\u00e1l\u00f3bar\u00e1t platformot k\u00edn\u00e1ljunk biztons\u00e1gos fizet\u00e9si lehet\u0151s\u00e9gekkel \u00e9s gyors sz\u00e1ll\u00edt\u00e1si szolg\u00e1ltat\u00e1sokkal. Szak\u00e9rt\u0151i csapatunk k\u00e9szs\u00e9ggel \u00e1ll rendelkez\u00e9s\u00e9re b\u00e1rmilyen k\u00e9rd\u00e9se vagy agg\u00e1lya eset\u00e9n, hogy megalapozott d\u00f6nt\u00e9st hozzon.<\/p>\n<p>Ha n\u00e1lunk v\u00e1s\u00e1rol, nem csak cserealkatr\u00e9szt kap; hozz\u00e1f\u00e9rhet az \u00fcgyfelek el\u00e9gedetts\u00e9ge \u00e9s a term\u00e9kkiv\u00e1l\u00f3s\u00e1g ir\u00e1nti elk\u00f6telezetts\u00e9g\u00fcnkh\u00f6z. Mondjon b\u00facs\u00fat a laptopok \u00e1ramell\u00e1t\u00e1si probl\u00e9m\u00e1inak, \u00e9s hozza vissza HP ProBook 6360T-j\u00e9t a benne rejl\u0151 lehet\u0151s\u00e9gekhez a megb\u00edzhat\u00f3 \u00fczlet\u00fcnkben tal\u00e1lhat\u00f3, eredeti 50.4KT06.002 DC t\u00e1pcsatlakoz\u00f3val.<\/p>\n","protected":false},"excerpt":{"rendered":"<p>Tal\u00e1lja meg az eredeti HP ProBook 6360T DC t\u00e1pcsatlakoz\u00f3t 50.4KT06.002 cikksz\u00e1mmal eur\u00f3pai online \u00e1ruh\u00e1zunkban. Pr\u00e9mium kateg\u00f3ri\u00e1s haszn\u00e1lt laptop-alkatr\u00e9sz-gy\u0171jtem\u00e9ny\u00fcnk biztos\u00edtja a megb\u00edzhat\u00f3s\u00e1got \u00e9s a kompatibilit\u00e1st, \u00e9s k\u00f6lts\u00e9ghat\u00e9kony megold\u00e1st k\u00edn\u00e1l laptopjav\u00edt\u00e1si ig\u00e9nyeire. Ind\u00edtsa \u00fajra \u00e9s m\u0171k\u00f6dtesse laptopj\u00e1t ezzel az eredeti DC t\u00e1pcsatlakoz\u00f3val.<\/p>\n","protected":false},"featured_media":1288,"template":"","meta":[],"product_brand":[],"product_cat":[20],"product_tag":[25],"class_list":{"0":"post-1205","1":"product","2":"type-product","3":"status-publish","4":"has-post-thumbnail","6":"product_cat-cables","7":"product_tag-hp","9":"first","10":"instock","11":"taxable","12":"shipping-taxable","13":"purchasable","14":"product-type-simple"},"_links":{"self":[{"href":"https:\/\/boreait.com\/hu\/wp-json\/wp\/v2\/product\/1205","targetHints":{"allow":["GET"]}}],"collection":[{"href":"https:\/\/boreait.com\/hu\/wp-json\/wp\/v2\/product"}],"about":[{"href":"https:\/\/boreait.com\/hu\/wp-json\/wp\/v2\/types\/product"}],"wp:featuredmedia":[{"embeddable":true,"href":"https:\/\/boreait.com\/hu\/wp-json\/wp\/v2\/media\/1288"}],"wp:attachment":[{"href":"https:\/\/boreait.com\/hu\/wp-json\/wp\/v2\/media?parent=1205"}],"wp:term":[{"taxonomy":"product_brand","embeddable":true,"href":"https:\/\/boreait.com\/hu\/wp-json\/wp\/v2\/product_brand?post=1205"},{"taxonomy":"product_cat","embeddable":true,"href":"https:\/\/boreait.com\/hu\/wp-json\/wp\/v2\/product_cat?post=1205"},{"taxonomy":"product_tag","embeddable":true,"href":"https:\/\/boreait.com\/hu\/wp-json\/wp\/v2\/product_tag?post=1205"}],"curies":[{"name":"wp","href":"https:\/\/api.w.org\/{rel}","templated":true}]}}