{"id":12048,"date":"2025-09-17T13:34:51","date_gmt":"2025-09-17T11:34:51","guid":{"rendered":"https:\/\/boreait.com\/hu\/?post_type=product&#038;p=12048"},"modified":"2025-09-17T13:36:15","modified_gmt":"2025-09-17T11:36:15","slug":"hp-probook-470-g2-173-huvelykes-lcd-hatlapi-burkolat-768373%e2%80%91001-eredeti-laptop-alkatresz","status":"publish","type":"product","link":"https:\/\/boreait.com\/hu\/termek\/hp-probook-470-g2-173-huvelykes-lcd-hatlapi-burkolat-768373%e2%80%91001-eredeti-laptop-alkatresz\/","title":{"rendered":"HP ProBook 470 G2 17,3 h\u00fcvelykes LCD h\u00e1tlapi burkolat 768373\u2011001 \u2013 Eredeti laptop alkatr\u00e9sz"},"content":{"rendered":"<p data-start=\"561\" data-end=\"778\">Friss\u00edtse vagy jav\u00edtsa meg HP ProBook 470 G2 17,3 h\u00fcvelykes laptopj\u00e1t ezzel az eredeti OEM <strong data-start=\"637\" data-end=\"665\">LCD h\u00e1tlappal (A-h\u00e9j)<\/strong>, amely kompatibilis a 7601373-0 modellel. Ide\u00e1lis eszk\u00f6ze eredeti megjelen\u00e9s\u00e9nek \u00e9s szerkezeti integrit\u00e1s\u00e1nak vissza\u00e1ll\u00edt\u00e1s\u00e1hoz.<\/p>\n<p data-start=\"780\" data-end=\"808\"><strong data-start=\"780\" data-end=\"808\">F\u0151bb jellemz\u0151k \u00e9s amp; El\u0151ny\u00f6k:<\/strong><\/p>\n<ul data-start=\"809\" data-end=\"1364\">\n<li data-start=\"809\" data-end=\"942\">\n<p data-start=\"811\" data-end=\"942\"><strong data-start=\"811\" data-end=\"827\">T\u00f6k\u00e9letes illeszked\u00e9s:<\/strong> Kifejezetten a HP ProBook 470 G2 (17,3 h\u00fcvelykes) kijelz\u0151h\u00f6z k\u00e9sz\u00fclt, biztos\u00edtva a z\u00f6kken\u0151mentes cser\u00e9t \u00e9s a csukl\u00f3p\u00e1ntok megfelel\u0151 be\u00e1ll\u00edt\u00e1s\u00e1t.<\/p>\n<\/li>\n<li data-start=\"943\" data-end=\"1073\">\n<p data-start=\"945\" data-end=\"1073\"><strong data-start=\"945\" data-end=\"961\">OEM min\u0151s\u00e9g:<\/strong> A HP eredeti specifik\u00e1ci\u00f3i szerint gy\u00e1rtva \u2013 ugyanaz az anyag, a zsan\u00e9rok \u00e9s a r\u00f6gz\u00edt\u00e9si pontok, mint az eredeti burkolat.<\/p>\n<\/li>\n<li data-start=\"1074\" data-end=\"1201\">\n<p data-start=\"1076\" data-end=\"1201\"><strong data-start=\"1076\" data-end=\"1101\">Mindenk\u00f6r\u0171 v\u00e9delem:<\/strong> V\u00e9di a bels\u0151 k\u00e9perny\u0151t \u00e9s a k\u00e1beleket, helyre\u00e1ll\u00edtja a kozmetikai megjelen\u00e9st \u00e9s meg\u00f3vja befektet\u00e9s\u00e9t.<\/p>\n<\/li>\n<li data-start=\"1202\" data-end=\"1305\">\n<p data-start=\"1204\" data-end=\"1305\"><strong data-start=\"1204\" data-end=\"1231\">Val\u00f3di r\u00e9sz, val\u00f3di fot\u00f3k:<\/strong> Az adatlapon szerepl\u0151 fot\u00f3k pontosan arr\u00f3l a t\u00e9telr\u0151l sz\u00f3lnak, amelyet \u00d6n kap \u2013 nincs meglepet\u00e9s!<\/p>\n<\/li>\n<li data-start=\"1306\" data-end=\"1364\">\n<p data-start=\"1308\" data-end=\"1364\"><strong data-start=\"1308\" data-end=\"1364\">Sz\u00e1ll\u00edt\u00e1s az eg\u00e9sz vil\u00e1gon Eur\u00f3p\u00e1b\u00f3l vagy glob\u00e1lis rakt\u00e1rakb\u00f3l.<\/strong><\/p>\n<\/li>\n<\/ul>\n<p data-start=\"1366\" data-end=\"1617\"><strong data-start=\"1366\" data-end=\"1388\">Az \u00e1llapot r\u00e9szletei:<\/strong><\/p>\n<p>Ez egy kor\u00e1bban haszn\u00e1lt, alaposan \u00e1tvizsg\u00e1lt alkatr\u00e9sz. Kisebb kop\u00e1snyomokat mutathat, mint p\u00e9ld\u00e1ul enyhe fel\u00fcleti karcol\u00e1sok vagy por \u2013 semmi sem befoly\u00e1solja a teljes\u00edtm\u00e9nyt vagy az illeszked\u00e9st. Ha tov\u00e1bbi f\u00e9nyk\u00e9pekre vagy tov\u00e1bbi inform\u00e1ci\u00f3ra van sz\u00fcks\u00e9ge, l\u00e9pjen kapcsolatba vel\u00fcnk.<\/p>\n<p data-start=\"1619\" data-end=\"1857\"><strong data-start=\"1619\" data-end=\"1648\">Mi\u00e9rt v\u00e1s\u00e1roljon a Siggm\u00f3val?<\/strong><\/p>\n<p>Kiv\u00e1l\u00f3 min\u0151s\u00e9g\u0171 <strong data-start=\"1679\" data-end=\"1695\">laptop alkatr\u00e9szekre<\/strong> specializ\u00e1l\u00f3dtunk, amelyeket eur\u00f3pai k\u00f6zpontunkb\u00f3l sz\u00e1ll\u00edtunk vil\u00e1gszerte. Legyen sz\u00f3 \u00e9p\u00edt\u00e9sr\u0151l, jav\u00edt\u00e1sr\u00f3l vagy fel\u00faj\u00edt\u00e1sr\u00f3l, megb\u00edzhat\u00f3, k\u00f6lts\u00e9ghat\u00e9kony alkatr\u00e9szeket biztos\u00edtunk gyors szervizel\u00e9ssel.<\/p>\n<p data-start=\"1859\" data-end=\"2046\"><strong data-start=\"1859\" data-end=\"1884\">Seg\u00edts\u00e9gre van sz\u00fcks\u00e9ge a telep\u00edt\u00e9shez?<\/strong><\/p>\n<p>Ez a r\u00e9sz nem tartalmaz utas\u00edt\u00e1sokat, de csapatunk k\u00e9szen \u00e1ll, hogy t\u00e1mogassa \u00d6nt. Egyszer\u0171en k\u00fcldj\u00f6n nek\u00fcnk \u00fczenetet, \u00e9s mi v\u00e9gigvezetj\u00fck \u00d6nt, vagy v\u00e1laszolunk minden k\u00e9rd\u00e9s\u00e9re.<\/p>\n<p data-start=\"2048\" data-end=\"2158\"><strong data-start=\"2048\" data-end=\"2158\">T\u00f6k\u00e9letes v\u00e1laszt\u00e1s laptopja friss\u00edt\u00e9s\u00e9hez vagy jav\u00edt\u00e1s\u00e1hoz \u2013 v\u00e1s\u00e1roljon most, \u00e9s adjon \u00fajszer\u0171 megjelen\u00e9st HP ProBook 470 G2 k\u00e9sz\u00fcl\u00e9k\u00e9nek!<\/strong><\/p>\n","protected":false},"excerpt":{"rendered":"<p>Eredeti csereLCD-h\u00e1tlap (A-h\u00e9j) a 17,3 h\u00fcvelykes HP ProBook 470 G2-hez (768373-001. cikksz\u00e1m). Tart\u00f3s, m\u00e1rk\u00e1hoz ill\u0151, j\u00f3 \u00e1llapot\u00fa tok. A fot\u00f3k a t\u00e9nyleges r\u00e9szt mutatj\u00e1k, amit kapsz. B\u00e1rmilyen telep\u00edt\u00e9si seg\u00edts\u00e9g\u00e9rt forduljon hozz\u00e1nk bizalommal!<\/p>\n","protected":false},"featured_media":12113,"template":"","meta":[],"product_brand":[],"product_cat":[16],"product_tag":[25],"class_list":{"0":"post-12048","1":"product","2":"type-product","3":"status-publish","4":"has-post-thumbnail","6":"product_cat-laptop-housing","7":"product_tag-hp","9":"first","10":"instock","11":"taxable","12":"shipping-taxable","13":"purchasable","14":"product-type-simple"},"_links":{"self":[{"href":"https:\/\/boreait.com\/hu\/wp-json\/wp\/v2\/product\/12048","targetHints":{"allow":["GET"]}}],"collection":[{"href":"https:\/\/boreait.com\/hu\/wp-json\/wp\/v2\/product"}],"about":[{"href":"https:\/\/boreait.com\/hu\/wp-json\/wp\/v2\/types\/product"}],"wp:featuredmedia":[{"embeddable":true,"href":"https:\/\/boreait.com\/hu\/wp-json\/wp\/v2\/media\/12113"}],"wp:attachment":[{"href":"https:\/\/boreait.com\/hu\/wp-json\/wp\/v2\/media?parent=12048"}],"wp:term":[{"taxonomy":"product_brand","embeddable":true,"href":"https:\/\/boreait.com\/hu\/wp-json\/wp\/v2\/product_brand?post=12048"},{"taxonomy":"product_cat","embeddable":true,"href":"https:\/\/boreait.com\/hu\/wp-json\/wp\/v2\/product_cat?post=12048"},{"taxonomy":"product_tag","embeddable":true,"href":"https:\/\/boreait.com\/hu\/wp-json\/wp\/v2\/product_tag?post=12048"}],"curies":[{"name":"wp","href":"https:\/\/api.w.org\/{rel}","templated":true}]}}