{"id":12046,"date":"2025-09-17T13:34:51","date_gmt":"2025-09-17T11:34:51","guid":{"rendered":"https:\/\/boreait.com\/hu\/?post_type=product&#038;p=12046"},"modified":"2025-09-17T13:36:00","modified_gmt":"2025-09-17T11:36:00","slug":"hp-probook-470-g2-lcd-kepernyo-n173fge-l13-17-3-1600x900-hd-laptop-kijelzo","status":"publish","type":"product","link":"https:\/\/boreait.com\/hu\/termek\/hp-probook-470-g2-lcd-kepernyo-n173fge-l13-17-3-1600x900-hd-laptop-kijelzo\/","title":{"rendered":"HP ProBook 470 G2 LCD k\u00e9perny\u0151 N173FGE-L13 17.3 1600\u00d7900 HD+ laptop kijelz\u0151"},"content":{"rendered":"<p data-start=\"602\" data-end=\"903\">Friss\u00edtse vagy jav\u00edtsa meg HP ProBook 470 G2 k\u00e9sz\u00fcl\u00e9k\u00e9t ezzel az eredeti <strong data-start=\"661\" data-end=\"721\">17,3 h\u00fcvelykes HD+ LCD cserek\u00e9perny\u0151vel (N173FGE-L13 modell)<\/strong>. Ez a kiv\u00e1l\u00f3 min\u0151s\u00e9g\u0171 <strong data-start=\"741\" data-end=\"767\">TFT-LCD laptop kijelz\u0151<\/strong> \u00e9les <strong data-start=\"783\" data-end=\"806\">1600\u00d7900-as felbont\u00e1st<\/strong> \u00e9s <strong data-start=\"811\" data-end=\"833\">irodai haszn\u00e1latra, 220 nites, multim\u00e9di\u00e1s, 220 nites t\u00f6k\u00e9letes f\u00e9nyer\u0151t<\/strong> k\u00edn\u00e1l. feladatokat.<\/p>\n<p data-start=\"905\" data-end=\"1177\">Ez a k\u00e9perny\u0151 ide\u00e1lis mindazok sz\u00e1m\u00e1ra, akiknek megb\u00edzhat\u00f3 cser\u00e9re van sz\u00fcks\u00e9g\u00fck reped\u00e9sek, h\u00e1tt\u00e9rvil\u00e1g\u00edt\u00e1si hiba, elhalt k\u00e9ppontok vagy m\u00e1s k\u00e9perny\u0151k\u00e1rosod\u00e1s miatt. Gondosan beszerzett <strong data-start=\"1072\" data-end=\"1099\">laptopalkatr\u00e9sz-gy\u0171jtem\u00e9ny\u00fcnk<\/strong> r\u00e9szek\u00e9nt ez a panel <strong data-start=\"1115\" data-end=\"1176\">kompatibilis a HP ProBook 470 G2 sorozattal<\/strong>.<\/p>\n<h3 data-start=\"1179\" data-end=\"1196\">F\u0151bb jellemz\u0151k:<\/h3>\n<ul data-start=\"1197\" data-end=\"1480\">\n<li data-start=\"1197\" data-end=\"1223\">\n<p data-start=\"1199\" data-end=\"1223\"><strong data-start=\"1199\" data-end=\"1209\">Modell:<\/strong> N173FGE-L13<\/p>\n<\/li>\n<li data-start=\"1224\" data-end=\"1249\">\n<p data-start=\"1226\" data-end=\"1249\"><strong data-start=\"1226\" data-end=\"1235\">M\u00e9ret:<\/strong> 17,3 h\u00fcvelyk<\/p>\n<\/li>\n<li data-start=\"1250\" data-end=\"1282\">\n<p data-start=\"1252\" data-end=\"1282\"><strong data-start=\"1252\" data-end=\"1267\">Felbont\u00e1s:<\/strong> HD+ 1600\u00d7900<\/p>\n<\/li>\n<li data-start=\"1283\" data-end=\"1311\">\n<p data-start=\"1285\" data-end=\"1311\"><strong data-start=\"1285\" data-end=\"1300\">F\u00e9nyer\u0151:<\/strong> 220 nit<\/p>\n<\/li>\n<li data-start=\"1312\" data-end=\"1339\">\n<p data-start=\"1314\" data-end=\"1339\"><strong data-start=\"1314\" data-end=\"1329\">Panel t\u00edpusa:<\/strong> TFT-LCD<\/p>\n<\/li>\n<li data-start=\"1340\" data-end=\"1390\">\n<p data-start=\"1342\" data-end=\"1390\"><strong data-start=\"1342\" data-end=\"1356\">\u00c1llapot:<\/strong> Haszn\u00e1lt\/munkaegys\u00e9gb\u0151l kih\u00fazva<\/p>\n<\/li>\n<li data-start=\"1391\" data-end=\"1480\">\n<p data-start=\"1393\" data-end=\"1480\"><strong data-start=\"1393\" data-end=\"1404\">Fot\u00f3k:<\/strong> Pontosan azt kapod, amit l\u00e1tsz \u2013 <strong data-start=\"1444\" data-end=\"1459\">val\u00f3di k\u00e9pek<\/strong> a t\u00e9nyleges k\u00e9perny\u0151r\u0151l<\/p>\n<\/li>\n<\/ul>\n<p data-start=\"1482\" data-end=\"1614\">Ha nem biztos a kompatibilit\u00e1sban, vagy k\u00e9rd\u00e9sei vannak, b\u00e1tran <strong data-start=\"1551\" data-end=\"1574\">vegye fel vel\u00fcnk a kapcsolatot<\/strong> a v\u00e1s\u00e1rl\u00e1s el\u0151tt. \u00d6r\u00f6mmel seg\u00edt\u00fcnk.<\/p>\n<blockquote data-start=\"1616\" data-end=\"1766\">\n<p data-start=\"1618\" data-end=\"1766\">K\u00e9rj\u00fck, vegye figyelembe: <strong data-start=\"1634\" data-end=\"1678\">nem adunk telep\u00edt\u00e9si utas\u00edt\u00e1sokat<\/strong>, de mindig k\u00e9szen \u00e1llunk a k\u00e9rd\u00e9sek megv\u00e1laszol\u00e1s\u00e1ra vagy a v\u00e1s\u00e1rl\u00e1s el\u0151tt vagy ut\u00e1ni \u00fatmutat\u00e1sra.<\/p>\n<\/blockquote>\n","protected":false},"excerpt":{"rendered":"<p>Csere 17,3&#8243; HD+ LCD k\u00e9perny\u0151 (N173FGE-L13) HP ProBook 470 G2-hez. 1600\u00d7900 felbont\u00e1s, 220 nit f\u00e9nyer\u0151. Val\u00f3di term\u00e9kfot\u00f3k.<\/p>\n","protected":false},"featured_media":12103,"template":"","meta":[],"product_brand":[],"product_cat":[91,21],"product_tag":[],"class_list":{"0":"post-12046","1":"product","2":"type-product","3":"status-publish","4":"has-post-thumbnail","6":"product_cat-17-3-laptop-screens-lcd-panels","7":"product_cat-laptop-screens-lcd-panels","9":"first","10":"instock","11":"taxable","12":"shipping-taxable","13":"purchasable","14":"product-type-simple"},"_links":{"self":[{"href":"https:\/\/boreait.com\/hu\/wp-json\/wp\/v2\/product\/12046","targetHints":{"allow":["GET"]}}],"collection":[{"href":"https:\/\/boreait.com\/hu\/wp-json\/wp\/v2\/product"}],"about":[{"href":"https:\/\/boreait.com\/hu\/wp-json\/wp\/v2\/types\/product"}],"wp:featuredmedia":[{"embeddable":true,"href":"https:\/\/boreait.com\/hu\/wp-json\/wp\/v2\/media\/12103"}],"wp:attachment":[{"href":"https:\/\/boreait.com\/hu\/wp-json\/wp\/v2\/media?parent=12046"}],"wp:term":[{"taxonomy":"product_brand","embeddable":true,"href":"https:\/\/boreait.com\/hu\/wp-json\/wp\/v2\/product_brand?post=12046"},{"taxonomy":"product_cat","embeddable":true,"href":"https:\/\/boreait.com\/hu\/wp-json\/wp\/v2\/product_cat?post=12046"},{"taxonomy":"product_tag","embeddable":true,"href":"https:\/\/boreait.com\/hu\/wp-json\/wp\/v2\/product_tag?post=12046"}],"curies":[{"name":"wp","href":"https:\/\/api.w.org\/{rel}","templated":true}]}}