{"id":12042,"date":"2025-09-17T13:34:51","date_gmt":"2025-09-17T11:34:51","guid":{"rendered":"https:\/\/boreait.com\/hu\/?post_type=product&#038;p=12042"},"modified":"2025-09-17T13:35:49","modified_gmt":"2025-09-17T11:35:49","slug":"egyetlen-billentyuzetbillentyu-a-dell-xps-13-inspiron-13-15-nordic-layout-hattervilagitasu-laptop-alkatreszek","status":"publish","type":"product","link":"https:\/\/boreait.com\/hu\/termek\/egyetlen-billentyuzetbillentyu-a-dell-xps-13-inspiron-13-15-nordic-layout-hattervilagitasu-laptop-alkatreszek\/","title":{"rendered":"Egyetlen billenty\u0171zetbillenty\u0171 a Dell XPS 13 Inspiron 13 15 | Nordic Layout | H\u00e1tt\u00e9rvil\u00e1g\u00edt\u00e1s\u00fa | Laptop alkatr\u00e9szek"},"content":{"rendered":"<p class=\"\" data-start=\"507\" data-end=\"801\">Vissza\u00e1ll\u00edtsa billenty\u0171zete teljes funkcionalit\u00e1s\u00e1t ezzel az <strong data-start=\"561\" data-end=\"587\">egyetlen cserekulccsal<\/strong>, amelyet a <strong data-start=\"601\" data-end=\"616\">Dell XPS 13<\/strong> \u00e9s <strongon=\"6-1\" data >6-4 data 13 \/ 15<\/strong>es laptopok. Ez a billenty\u0171 egy <strong data-start=\"670\" data-end=\"687\">skandin\u00e1v elrendez\u00e9s\u0171<\/strong> billenty\u0171zetr\u0151l sz\u00e1rmazik, \u00e9s <strong data-start=\"710\" data-end=\"731\">h\u00e1tt\u00e9rvil\u00e1g\u00edt\u00e1s t\u00e1mogat\u00e1st<\/strong> tartalmaz, amely t\u00f6k\u00e9letes azoknak a felhaszn\u00e1l\u00f3knak, akiknek pontos egyez\u00e9sre van sz\u00fcks\u00e9g\u00fck mind form\u00e1ban, mind funkci\u00f3ban.<\/p>\n<p class=\"\" data-start=\"803\" data-end=\"957\">Ez a lista <strong data-start=\"823\" data-end=\"845\">egyetlen kulcsra<\/strong> vonatkozik \u2013 ide\u00e1lis, ha elveszett, megs\u00e9r\u00fclt vagy elhaszn\u00e1l\u00f3dott egy adott kulcs, nem pedig a teljes billenty\u0171zetet kellene kicser\u00e9lnie.<\/p>\n<h3 class=\"\" data-start=\"959\" data-end=\"982\">\ud83d\udd27 Term\u00e9k r\u00e9szletek:<\/h3>\n<ul data-start=\"983\" data-end=\"1373\">\n<li class=\"\" data-start=\"983\" data-end=\"1067\">\n<p class=\"\" data-start=\"985\" data-end=\"1067\">\u2705 Kompatibilis modellek: Dell XPS 13, Inspiron 13, Inspiron 15 (a pontos modellek v\u00e1ltozhatnak)<\/p>\n<\/li>\n<li class=\"\" data-start=\"1068\" data-end=\"1135\">\n<p class=\"\" data-start=\"1070\" data-end=\"1135\">\u2705 Elrendez\u00e9s: skandin\u00e1v (k\u00fcl\u00f6nleges karaktereket tartalmaz, p\u00e9ld\u00e1ul \u00c6, \u00d8, \u00c5 stb.)<\/p>\n<\/li>\n<li class=\"\" data-start=\"1136\" data-end=\"1152\">\n<p class=\"\" data-start=\"1138\" data-end=\"1152\">\u2705 H\u00e1tt\u00e9rvil\u00e1g\u00edt\u00e1s: Igen<\/p>\n<\/li>\n<li class=\"\" data-start=\"1153\" data-end=\"1226\">\n<p class=\"\" data-start=\"1155\" data-end=\"1226\">\u2705 \u00c1llapot: \u00d3vatosan elt\u00e1vol\u00edtva, tesztelve, kiv\u00e1l\u00f3 m\u0171k\u00f6d\u00e9si \u00e1llapotban<\/p>\n<\/li>\n<li class=\"\" data-start=\"1227\" data-end=\"1312\">\n<p class=\"\" data-start=\"1229\" data-end=\"1312\">\u2705 Amit kapsz: Pontosan azt, ami a fot\u00f3kon l\u00e1that\u00f3 \u2013 val\u00f3di k\u00e9pek a t\u00e9nyleges r\u00e9szr\u0151l<\/p>\n<\/li>\n<li class=\"\" data-start=\"1313\" data-end=\"1373\">\n<p class=\"\" data-start=\"1315\" data-end=\"1373\">\u2705 Ide\u00e1lis: Laptopjav\u00edt\u00e1shoz \u00e9s billenty\u0171zet-alkatr\u00e9szek cser\u00e9j\u00e9hez<\/p>\n<\/li>\n<\/ul>\n<p class=\"\" data-start=\"1375\" data-end=\"1546\">\ud83d\udca1 <strong data-start=\"1378\" data-end=\"1387\">Megjegyz\u00e9s:<\/strong> Telep\u00edt\u00e9si utas\u00edt\u00e1sokat nem adunk, de ha seg\u00edts\u00e9gre van sz\u00fcks\u00e9ge a kulcs azonos\u00edt\u00e1s\u00e1hoz, vagy k\u00e9rd\u00e9se van, nyugodtan \u00edrjon nek\u00fcnk \u2013 \u00f6r\u00f6mmel seg\u00edt\u00fcnk.<\/p>\n","protected":false},"excerpt":{"rendered":"<p>Cser\u00e9lje ki a t\u00f6r\u00f6tt vagy hi\u00e1nyz\u00f3 kulcsot ezzel az eredeti, \u00e9szaki elrendez\u00e9s\u0171, h\u00e1tt\u00e9rvil\u00e1g\u00edt\u00e1s\u00fa kulccsal a Dell XPS \u00e9s Inspiron laptopokhoz. Val\u00f3di fot\u00f3k \u2013 amit l\u00e1tsz, azt kapod.<\/p>\n","protected":false},"featured_media":12097,"template":"","meta":[],"product_brand":[],"product_cat":[24],"product_tag":[17],"class_list":{"0":"post-12042","1":"product","2":"type-product","3":"status-publish","4":"has-post-thumbnail","6":"product_cat-individual-keyboard-keys","7":"product_tag-dell","9":"first","10":"instock","11":"taxable","12":"shipping-taxable","13":"purchasable","14":"product-type-simple"},"_links":{"self":[{"href":"https:\/\/boreait.com\/hu\/wp-json\/wp\/v2\/product\/12042","targetHints":{"allow":["GET"]}}],"collection":[{"href":"https:\/\/boreait.com\/hu\/wp-json\/wp\/v2\/product"}],"about":[{"href":"https:\/\/boreait.com\/hu\/wp-json\/wp\/v2\/types\/product"}],"wp:featuredmedia":[{"embeddable":true,"href":"https:\/\/boreait.com\/hu\/wp-json\/wp\/v2\/media\/12097"}],"wp:attachment":[{"href":"https:\/\/boreait.com\/hu\/wp-json\/wp\/v2\/media?parent=12042"}],"wp:term":[{"taxonomy":"product_brand","embeddable":true,"href":"https:\/\/boreait.com\/hu\/wp-json\/wp\/v2\/product_brand?post=12042"},{"taxonomy":"product_cat","embeddable":true,"href":"https:\/\/boreait.com\/hu\/wp-json\/wp\/v2\/product_cat?post=12042"},{"taxonomy":"product_tag","embeddable":true,"href":"https:\/\/boreait.com\/hu\/wp-json\/wp\/v2\/product_tag?post=12042"}],"curies":[{"name":"wp","href":"https:\/\/api.w.org\/{rel}","templated":true}]}}