{"id":1204,"date":"2025-09-17T09:56:22","date_gmt":"2025-09-17T07:56:22","guid":{"rendered":"https:\/\/boreait.com\/hu\/?post_type=product&#038;p=1204"},"modified":"2026-01-07T08:54:31","modified_gmt":"2026-01-07T07:54:31","slug":"hp-probook-4710s-173-huvelykes-tapcsatlakozo-6017b0199001-rev-a0","status":"publish","type":"product","link":"https:\/\/boreait.com\/hu\/termek\/hp-probook-4710s-173-huvelykes-tapcsatlakozo-6017b0199001-rev-a0\/","title":{"rendered":"HP ProBook 4710s 17,3 h\u00fcvelykes t\u00e1pcsatlakoz\u00f3 6017B0199001 Rev A0"},"content":{"rendered":"<p>A HP ProBook 4710s 17,3 h\u00fcvelykes t\u00e1pcsatlakoz\u00f3 (6017B0199001 Rev A0) egy kiv\u00e1l\u00f3 min\u0151s\u00e9g\u0171 \u00e9s hiteles t\u00e1pcsatlakoz\u00f3, amelyet a HP ProBook 4710s laptop eredeti alkatr\u00e9sz\u00e9nek k\u00f6zvetlen helyettes\u00edt\u00e9s\u00e9re terveztek. \u00dagy tervezt\u00e9k, hogy megfeleljen a HP szigor\u00fa szabv\u00e1nyainak, \u00e9s szigor\u00fa tesztel\u00e9snek vetik al\u00e1 az optim\u00e1lis teljes\u00edtm\u00e9ny \u00e9s megb\u00edzhat\u00f3s\u00e1g biztos\u00edt\u00e1sa \u00e9rdek\u00e9ben.<\/p>\n<p>A t\u00e1pcsatlakoz\u00f3 egy kritikus alkatr\u00e9sz, amely lehet\u0151v\u00e9 teszi a h\u00e1l\u00f3zati adapter csatlakoztat\u00e1s\u00e1t a laptophoz, amely energi\u00e1t biztos\u00edt az akkumul\u00e1tor t\u00f6lt\u00e9s\u00e9hez \u00e9s az eszk\u00f6z m\u0171k\u00f6dtet\u00e9s\u00e9hez. M\u0171k\u00f6d\u0151 t\u00e1pcsatlakoz\u00f3 n\u00e9lk\u00fcl el\u0151fordulhat, hogy laptopja nem tudja felt\u00f6lteni az akkumul\u00e1tort, vagy nem tudja megfelel\u0151en bekapcsolni. Ha probl\u00e9m\u00e1kat tapasztal az \u00e1ramell\u00e1t\u00e1ssal, akkor egy s\u00e9r\u00fclt vagy hib\u00e1s t\u00e1pcsatlakoz\u00f3 lehet az oka.<\/p>\n<p>A HP ProBook 4710s 17,3&#8243;-es t\u00e1pcsatlakoz\u00f3j\u00e1nak beszerel\u00e9se egyszer\u0171 folyamat, ez\u00e9rt aj\u00e1nlatos szakember seg\u00edts\u00e9g\u00e9t k\u00e9rni, vagy k\u00f6vesse a gy\u00e1rt\u00f3 \u00fatmutat\u00e1sait az alkatr\u00e9sz cser\u00e9jekor. Eredeti cserealkatr\u00e9sz, p\u00e9ld\u00e1ul a 6017B0199001 Rev A0 haszn\u00e1lata biztos\u00edtja a kompatibilit\u00e1st \u00e9s az optim\u00e1lis teljes\u00edtm\u00e9nyt.<\/p>\n<p>Eredeti HP cserealkatr\u00e9szk\u00e9nt a t\u00e1pcsatlakoz\u00f3 (6017B0199001 Rev A0) nyugalmat k\u00edn\u00e1l, tudv\u00e1n, hogy kifejezetten az \u00d6n HP ProBook 4710s laptopj\u00e1hoz tervezt\u00e9k. Fenntartja laptopja t\u00e1pell\u00e1t\u00e1si rendszer\u00e9nek integrit\u00e1s\u00e1t \u00e9s funkcionalit\u00e1s\u00e1t, lehet\u0151v\u00e9 t\u00e9ve, hogy megszak\u00edt\u00e1s n\u00e9lk\u00fcl tov\u00e1bb haszn\u00e1lja k\u00e9sz\u00fcl\u00e9k\u00e9t.<\/p>\n<p>\u00d6sszefoglalva, a HP ProBook 4710s 17,3&#8243;-es t\u00e1pcsatlakoz\u00f3ja (6017B0199001 Rev A0) hiteles \u00e9s megb\u00edzhat\u00f3 cserealkatr\u00e9sz a HP ProBook 4710s laptophoz. Megfelel\u0151 t\u00e1pell\u00e1t\u00e1st tesz lehet\u0151v\u00e9, biztos\u00edtva, hogy laptopja t\u00f6ltse az akkumul\u00e1tort, \u00e9s megfelel\u0151en m\u0171k\u00f6dj\u00f6n. V\u00e1lassza ezt az eredeti HP t\u00e1pcsatlakoz\u00f3-csatlakoz\u00f3t a z\u00f6kken\u0151mentesen m\u0171k\u00f6d\u0151 laptop t\u00e1pcsatlakoz\u00f3hoz.<\/p>\n","protected":false},"excerpt":{"rendered":"<p>A HP ProBook 4710s 17,3&#8243;-es t\u00e1pcsatlakoz\u00f3ja (6017B0199001 Rev A0) egy eredeti cserealkatr\u00e9sz, amelyet kifejezetten a HP ProBook 4710s laptophoz terveztek. Ezzel a csatlakoz\u00f3aljzattal csatlakoztassa a v\u00e1lt\u00f3\u00e1ram\u00fa adaptert a laptophoz, amely t\u00e1pell\u00e1t\u00e1st biztos\u00edt az akkumul\u00e1tor t\u00f6lt\u00e9s\u00e9hez \u00e9s a k\u00e9sz\u00fcl\u00e9k m\u0171k\u00f6dtet\u00e9s\u00e9hez.<\/p>\n","protected":false},"featured_media":1287,"template":"","meta":[],"product_brand":[],"product_cat":[27],"product_tag":[25],"class_list":{"0":"post-1204","1":"product","2":"type-product","3":"status-publish","4":"has-post-thumbnail","6":"product_cat-motherboards-board-parts","7":"product_tag-hp","9":"first","10":"instock","11":"taxable","12":"shipping-taxable","13":"purchasable","14":"product-type-simple"},"_links":{"self":[{"href":"https:\/\/boreait.com\/hu\/wp-json\/wp\/v2\/product\/1204","targetHints":{"allow":["GET"]}}],"collection":[{"href":"https:\/\/boreait.com\/hu\/wp-json\/wp\/v2\/product"}],"about":[{"href":"https:\/\/boreait.com\/hu\/wp-json\/wp\/v2\/types\/product"}],"wp:featuredmedia":[{"embeddable":true,"href":"https:\/\/boreait.com\/hu\/wp-json\/wp\/v2\/media\/1287"}],"wp:attachment":[{"href":"https:\/\/boreait.com\/hu\/wp-json\/wp\/v2\/media?parent=1204"}],"wp:term":[{"taxonomy":"product_brand","embeddable":true,"href":"https:\/\/boreait.com\/hu\/wp-json\/wp\/v2\/product_brand?post=1204"},{"taxonomy":"product_cat","embeddable":true,"href":"https:\/\/boreait.com\/hu\/wp-json\/wp\/v2\/product_cat?post=1204"},{"taxonomy":"product_tag","embeddable":true,"href":"https:\/\/boreait.com\/hu\/wp-json\/wp\/v2\/product_tag?post=1204"}],"curies":[{"name":"wp","href":"https:\/\/api.w.org\/{rel}","templated":true}]}}