{"id":12033,"date":"2025-09-17T13:34:29","date_gmt":"2025-09-17T11:34:29","guid":{"rendered":"https:\/\/boreait.com\/hu\/?post_type=product&#038;p=12033"},"modified":"2025-09-17T13:35:40","modified_gmt":"2025-09-17T11:35:40","slug":"lenovo-ideapad-3-lcd-csuklopantos-burkolat-sapka-5cb0x57442-laptop-alkatreszeinek-csereje","status":"publish","type":"product","link":"https:\/\/boreait.com\/hu\/termek\/lenovo-ideapad-3-lcd-csuklopantos-burkolat-sapka-5cb0x57442-laptop-alkatreszeinek-csereje\/","title":{"rendered":"Lenovo IdeaPad 3 LCD csukl\u00f3p\u00e1ntos burkolat sapka 5CB0X57442 \u2013 Laptop alkatr\u00e9szeinek cser\u00e9je"},"content":{"rendered":"<p class=\"\" data-start=\"521\" data-end=\"827\">Vissza\u00e1ll\u00edtsa laptopja eredeti megjelen\u00e9s\u00e9t \u00e9s m\u0171k\u00f6d\u00e9s\u00e9t ezzel az <strong data-start=\"580\" data-end=\"615\">LCD zsan\u00e9rfed\u00e9l kupak cser\u00e9j\u00e9vel<\/strong> a <strong data-start=\"620\" data-end=\"640\">Lenovo IdeaPad 3-<\/strong> modellekhez 1. Kifejezetten a <strong data-start=\"690\" data-end=\"760\">15ADA05, 3-15ARE05, 3-15IML05, 3-15IIL05, 3-15IGL05 \u00e9s 3-15ITL05<\/strong> modellekhez k\u00e9sz\u00fclt, ez a r\u00e9sz (FRU: <strong data-start=\"778\" data-end=\"792\">5CB0X57442<\/strong>) t\u00f6k\u00e9letes illeszked\u00e9st \u00e9s fel\u00fcletet biztos\u00edt.<\/p>\n<p class=\"\" data-start=\"829\" data-end=\"1053\">Ez a <strong data-start=\"834\" data-end=\"864\">h\u00e1ts\u00f3 LCD-p\u00e1nt csomagtart\u00f3fed\u00e9l<\/strong> v\u00e9di a bels\u0151 zsan\u00e9rmechanizmusokat, \u00e9s teszi teljess\u00e9 laptopja letisztult, professzion\u00e1lis megjelen\u00e9s\u00e9t. Alapvet\u0151 alkatr\u00e9sz a laptop csukl\u00f3p\u00e1nt-szerelv\u00e9ny cser\u00e9j\u00e9hez vagy friss\u00edt\u00e9s\u00e9hez sz\u00fcks\u00e9ges felhaszn\u00e1l\u00f3k sz\u00e1m\u00e1ra.<\/p>\n<p class=\"\" data-start=\"1055\" data-end=\"1080\">\u2714\ufe0f <strong data-start=\"1058\" data-end=\"1079\">Kompatibilis modellek<\/strong>:<\/p>\n<ul data-start=\"1081\" data-end=\"1229\">\n<li class=\"\" data-start=\"1081\" data-end=\"1109\">\n<p class=\"\" data-start=\"1083\" data-end=\"1109\">Lenovo IdeaPad 3 15ADA05<\/p>\n<\/li>\n<li class=\"\" data-start=\"1110\" data-end=\"1133\">\n<p class=\"\" data-start=\"1112\" data-end=\"1133\">IdeaPad 3 3-15ARE05<\/p>\n<\/li>\n<li class=\"\" data-start=\"1134\" data-end=\"1157\">\n<p class=\"\" data-start=\"1136\" data-end=\"1157\">IdeaPad 3 3-15IML05<\/p>\n<\/li>\n<li class=\"\" data-start=\"1158\" data-end=\"1181\">\n<p class=\"\" data-start=\"1160\" data-end=\"1181\">IdeaPad 3 3-15IIL05<\/p>\n<\/li>\n<li class=\"\" data-start=\"1182\" data-end=\"1205\">\n<p class=\"\" data-start=\"1184\" data-end=\"1205\">IdeaPad 3 3-15IGL05<\/p>\n<\/li>\n<li class=\"\" data-start=\"1206\" data-end=\"1229\">\n<p class=\"\" data-start=\"1208\" data-end=\"1229\">IdeaPad 3 3-15ITL05<\/p>\n<\/li>\n<\/ul>\n<p class=\"\" data-start=\"1231\" data-end=\"1597\">\u2714\ufe0f <strong data-start=\"1234\" data-end=\"1249\">Alkatr\u00e9szsz\u00e1m<\/strong>: 5CB0X57442<br data-start=\"1261\" data-end=\"1264\" \/>\u2714\ufe0f <strong data-start=\"1234\" data-end=\"1249\">Alkatr\u00e9sz data-end=&#8221;1280&#8243;>\u00c1llapot<\/strong>: Haszn\u00e1lt \u2013 tesztelt \u00e9s j\u00f3 \u00e1llapot\u00fa<br data-start=\"1325\" data-end=\"1328\" \/>\u2714\ufe0f <strong data-start=\"1331\" data-end=\"1343\">Kateg\u00f3ria<\/strong>: Laptop alkatr\u00e9szek &gt; Csukl\u00f3p\u00e1nt bor\u00edt\u00e1sok<br data-start=\"1372\" data-end=\"1375\" \/>\u2714\ufe0f <strong data-start=\"1378\" data-end=\"1388\">Fot\u00f3k<\/strong>: Amit l\u00e1tsz, azt kapod \u2013 minden k\u00e9p val\u00f3di felv\u00e9tel arr\u00f3l a r\u00e9szr\u0151l, amelyet kapni fogsz.<br data-start=\"1480\"\/1480\" data-3\ufe0f\" data-start=\"1486\" data-end=\"1500\">Seg\u00edts\u00e9gre van sz\u00fcks\u00e9ge?<\/strong> A telep\u00edt\u00e9si utas\u00edt\u00e1sokat nem tartalmazza, de nyugodtan \u00edrjon nek\u00fcnk, ha \u00fatmutat\u00e1sra van sz\u00fcks\u00e9ge!<\/p>\n<p class=\"\" data-start=\"1599\" data-end=\"1840\">Ez az alkatr\u00e9sz ide\u00e1lis technikusok vagy bark\u00e1cs-jav\u00edt\u00e1s szerelmesei sz\u00e1m\u00e1ra, akik megb\u00edzhat\u00f3 <strong data-start=\"1681\" data-end=\"1697\">laptop alkatr\u00e9szeket<\/strong> keresnek a Lenovo IdeaPad 3 modellekhez. Legyen sz\u00f3 egy t\u00f6r\u00f6tt zsan\u00e9rburkolat cser\u00e9j\u00e9r\u0151l vagy egy teljes laptopfel\u00faj\u00edt\u00e1sr\u00f3l, ez t\u00f6k\u00e9letes v\u00e1laszt\u00e1s.<\/p>\n","protected":false},"excerpt":{"rendered":"<p>Csere LCD zsan\u00e9rfed\u00e9l sapka Lenovo IdeaPad 3 15 sorozat\u00fa laptopokhoz. T\u00f6bb modellel is kompatibilis. Eredeti h\u00e1ts\u00f3 burkolat zsan\u00e9ros csomagtart\u00f3k \u2013 ide\u00e1lis laptopjav\u00edt\u00e1shoz.<\/p>\n","protected":false},"featured_media":12080,"template":"","meta":[],"product_brand":[],"product_cat":[16],"product_tag":[26],"class_list":{"0":"post-12033","1":"product","2":"type-product","3":"status-publish","4":"has-post-thumbnail","6":"product_cat-laptop-housing","7":"product_tag-lenovo","9":"first","10":"instock","11":"taxable","12":"shipping-taxable","13":"purchasable","14":"product-type-simple"},"_links":{"self":[{"href":"https:\/\/boreait.com\/hu\/wp-json\/wp\/v2\/product\/12033","targetHints":{"allow":["GET"]}}],"collection":[{"href":"https:\/\/boreait.com\/hu\/wp-json\/wp\/v2\/product"}],"about":[{"href":"https:\/\/boreait.com\/hu\/wp-json\/wp\/v2\/types\/product"}],"wp:featuredmedia":[{"embeddable":true,"href":"https:\/\/boreait.com\/hu\/wp-json\/wp\/v2\/media\/12080"}],"wp:attachment":[{"href":"https:\/\/boreait.com\/hu\/wp-json\/wp\/v2\/media?parent=12033"}],"wp:term":[{"taxonomy":"product_brand","embeddable":true,"href":"https:\/\/boreait.com\/hu\/wp-json\/wp\/v2\/product_brand?post=12033"},{"taxonomy":"product_cat","embeddable":true,"href":"https:\/\/boreait.com\/hu\/wp-json\/wp\/v2\/product_cat?post=12033"},{"taxonomy":"product_tag","embeddable":true,"href":"https:\/\/boreait.com\/hu\/wp-json\/wp\/v2\/product_tag?post=12033"}],"curies":[{"name":"wp","href":"https:\/\/api.w.org\/{rel}","templated":true}]}}