{"id":12032,"date":"2025-09-17T13:34:29","date_gmt":"2025-09-17T11:34:29","guid":{"rendered":"https:\/\/boreait.com\/hu\/?post_type=product&#038;p=12032"},"modified":"2025-09-17T13:35:38","modified_gmt":"2025-09-17T11:35:38","slug":"lenovo-ideapad-3-15iil05-kepernyoborito-kamera-es-lcd-kabellel-laptop-alkatreszek","status":"publish","type":"product","link":"https:\/\/boreait.com\/hu\/termek\/lenovo-ideapad-3-15iil05-kepernyoborito-kamera-es-lcd-kabellel-laptop-alkatreszek\/","title":{"rendered":"Lenovo IdeaPad 3 15IIL05 k\u00e9perny\u0151bor\u00edt\u00f3 kamera- \u00e9s LCD-k\u00e1bellel \u2013 Laptop alkatr\u00e9szek"},"content":{"rendered":"<p class=\"\" data-start=\"578\" data-end=\"888\">Friss\u00edtse laptopj\u00e1t ezzel az eredeti <strong data-start=\"617\" data-end=\"658\">Lenovo IdeaPad 3 15IIL05 (81WE modell)<\/strong> k\u00e9perny\u0151bor\u00edt\u00f3val, be\u00e9p\u00edtett webkamer\u00e1val \u00e9s el\u0151re csatlakoztatott LCD videok\u00e1bellel. Ide\u00e1lis a repedt vagy s\u00e9r\u00fclt fels\u0151 burkolat cser\u00e9j\u00e9hez, ez a r\u00e9sz pedig t\u00f6k\u00e9letes \u00e9letre kelt\u00e9s\u00e9re eszk\u00f6ze teljesen \u00faj laptop v\u00e1s\u00e1rl\u00e1sa n\u00e9lk\u00fcl.<\/p>\n<p class=\"\" data-start=\"890\" data-end=\"1052\">Ez egy eredeti Lenovo laptop alkatr\u00e9sz, amely m\u0171k\u00f6d\u0151 eszk\u00f6zr\u0151l sz\u00e1rmazik. Az \u00f6sszes <strong data-start=\"962\" data-end=\"997\">az adatlapon szerepl\u0151 fot\u00f3 val\u00f3di<\/strong>, \u00edgy pontosan tudja, mit kap \u2013 nincs meglepet\u00e9s!<\/p>\n<p class=\"\" data-start=\"1054\" data-end=\"1074\"><strong data-start=\"1054\" data-end=\"1074\">Term\u00e9k r\u00e9szletei:<\/strong><\/p>\n<ul data-start=\"1075\" data-end=\"1350\">\n<li class=\"\" data-start=\"1075\" data-end=\"1128\">\n<p class=\"\" data-start=\"1077\" data-end=\"1128\">\u2705 Kompatibilis modell: Lenovo IdeaPad 3 15IIL05 (81WE)<\/p>\n<\/li>\n<li class=\"\" data-start=\"1129\" data-end=\"1185\">\n<p class=\"\" data-start=\"1131\" data-end=\"1185\">\u2705 Alkatr\u00e9sz t\u00edpusa: LCD k\u00e9perny\u0151 fels\u0151 burkolat \/ kijelz\u0151 h\u00e1tlapja<\/p>\n<\/li>\n<li class=\"\" data-start=\"1186\" data-end=\"1242\">\n<p class=\"\" data-start=\"1188\" data-end=\"1242\">\u2705 Tartalma: be\u00e9p\u00edtett webkamera (kamera) + LCD videok\u00e1bel<\/p>\n<\/li>\n<li class=\"\" data-start=\"1243\" data-end=\"1291\">\n<p class=\"\" data-start=\"1245\" data-end=\"1291\">\u2705 \u00c1llapot: Haszn\u00e1lt, tesztelt \u00e9s teljesen m\u0171k\u00f6d\u0151k\u00e9pes<\/p>\n<\/li>\n<li class=\"\" data-start=\"1292\" data-end=\"1350\">\n<p class=\"\" data-start=\"1294\" data-end=\"1350\">\u2705 R\u00e9gi\u00f3: Ide\u00e1lis laptop-felhaszn\u00e1l\u00f3k sz\u00e1m\u00e1ra Eur\u00f3p\u00e1ban \u00e9s vil\u00e1gszerte<\/p>\n<\/li>\n<\/ul>\n<p class=\"\" data-start=\"1352\" data-end=\"1594\">Ez egy nagyszer\u0171 helyettes\u00edt\u00e9si lehet\u0151s\u00e9g a <strong data-start=\"1437\" data-end=\"1453\">laptop alkatr\u00e9szekkel<\/strong> foglalkoz\u00f3 jav\u00edt\u00f3m\u0171helyek, bark\u00e1csol\u00f3k vagy viszontelad\u00f3k sz\u00e1m\u00e1ra. B\u00e1r nem biztos\u00edtunk telep\u00edt\u00e9si \u00fatmutat\u00f3t, nyugodtan \u00edrjon nek\u00fcnk, ha seg\u00edts\u00e9gre van sz\u00fcks\u00e9ge a kompatibilit\u00e1s meghat\u00e1roz\u00e1s\u00e1ban, vagy b\u00e1rmilyen egy\u00e9b k\u00e9rd\u00e9se van.<\/p>\n","protected":false},"excerpt":{"rendered":"<p>Eredeti k\u00e9perny\u0151v\u00e9d\u0151 Lenovo IdeaPad 3 15IIL05 (81WE) k\u00e9sz\u00fcl\u00e9khez, be\u00e9p\u00edtett kamer\u00e1val \u00e9s LCD videok\u00e1bellel. Val\u00f3di term\u00e9kfot\u00f3k \u2013 amit l\u00e1tsz, azt kapod!<\/p>\n","protected":false},"featured_media":12079,"template":"","meta":[],"product_brand":[],"product_cat":[16],"product_tag":[26],"class_list":{"0":"post-12032","1":"product","2":"type-product","3":"status-publish","4":"has-post-thumbnail","6":"product_cat-laptop-housing","7":"product_tag-lenovo","9":"first","10":"instock","11":"taxable","12":"shipping-taxable","13":"purchasable","14":"product-type-simple"},"_links":{"self":[{"href":"https:\/\/boreait.com\/hu\/wp-json\/wp\/v2\/product\/12032","targetHints":{"allow":["GET"]}}],"collection":[{"href":"https:\/\/boreait.com\/hu\/wp-json\/wp\/v2\/product"}],"about":[{"href":"https:\/\/boreait.com\/hu\/wp-json\/wp\/v2\/types\/product"}],"wp:featuredmedia":[{"embeddable":true,"href":"https:\/\/boreait.com\/hu\/wp-json\/wp\/v2\/media\/12079"}],"wp:attachment":[{"href":"https:\/\/boreait.com\/hu\/wp-json\/wp\/v2\/media?parent=12032"}],"wp:term":[{"taxonomy":"product_brand","embeddable":true,"href":"https:\/\/boreait.com\/hu\/wp-json\/wp\/v2\/product_brand?post=12032"},{"taxonomy":"product_cat","embeddable":true,"href":"https:\/\/boreait.com\/hu\/wp-json\/wp\/v2\/product_cat?post=12032"},{"taxonomy":"product_tag","embeddable":true,"href":"https:\/\/boreait.com\/hu\/wp-json\/wp\/v2\/product_tag?post=12032"}],"curies":[{"name":"wp","href":"https:\/\/api.w.org\/{rel}","templated":true}]}}