{"id":12028,"date":"2025-09-17T13:34:29","date_gmt":"2025-09-17T11:34:29","guid":{"rendered":"https:\/\/boreait.com\/hu\/?post_type=product&#038;p=12028"},"modified":"2025-09-17T13:35:33","modified_gmt":"2025-09-17T11:35:33","slug":"dell-latitude-rugged-e7214-sarokgumi-eredeti-laptop-alkatresz-vedo-lokharito-eu-s-elado-4","status":"publish","type":"product","link":"https:\/\/boreait.com\/hu\/termek\/dell-latitude-rugged-e7214-sarokgumi-eredeti-laptop-alkatresz-vedo-lokharito-eu-s-elado-4\/","title":{"rendered":"DELL Latitude Rugged E7214 Sarokgumi \u2013 Eredeti Laptop alkatr\u00e9sz \u2013 V\u00e9d\u0151 l\u00f6kh\u00e1r\u00edt\u00f3 \u2013 EU-s elad\u00f3"},"content":{"rendered":"<p class=\"\" data-start=\"744\" data-end=\"890\">Tartsa a legjobb form\u00e1ban Dell Latitude Rugged E7214-et ezzel az eredeti sarokgumi r\u00e9sszel \u2013 ez a laptop k\u00fcls\u0151 v\u00e9delmi rendszer\u00e9nek kulcsfontoss\u00e1g\u00fa r\u00e9sze.<\/p>\n<p class=\"\" data-start=\"892\" data-end=\"1201\">Ez az eredeti Dell <strong data-start=\"910\" data-end=\"927\">sarokgumi<\/strong> kifejezetten a <strong data-start=\"961\" data-end=\"986\">Latitude Rugged E7214-hez k\u00e9sz\u00fclt, \u00e9s seg\u00edt meg\u0151rizni \u00fct\u00e9s\u00e1ll\u00f3 fel\u00e9p\u00edt\u00e9s\u00e9t \u00e9s \u00fct\u00e9s\u00e1ll\u00f3s\u00e1g\u00e1t. F\u00fcggetlen\u00fcl att\u00f3l, hogy megl\u00e9v\u0151 gumi l\u00f6kh\u00e1r\u00edt\u00f3ja elhaszn\u00e1l\u00f3dott, hi\u00e1nyzik vagy s\u00e9r\u00fclt, ez a cserealkatr\u00e9sz biztos\u00edtja, hogy k\u00e9sz\u00fcl\u00e9ke v\u00e9dve maradjon a mindennapi \u00fct\u00e9sekt\u0151l \u00e9s leejt\u00e9sekt\u0151l.<\/p>\n<p class=\"\" data-start=\"1203\" data-end=\"1422\">\ud83d\udd27 <strong data-start=\"1206\" data-end=\"1215\">Megjegyz\u00e9s:<\/strong> Ez az adatlap <strong data-start=\"1238\" data-end=\"1267\">egy val\u00f3di sarokgumit<\/strong> tartalmaz, amint az a term\u00e9kfot\u00f3kon l\u00e1that\u00f3. A telep\u00edt\u00e9si utas\u00edt\u00e1sokat nem tartalmazza, de ha seg\u00edts\u00e9gre van sz\u00fcks\u00e9ge vagy k\u00e9rd\u00e9se van, nyugodtan \u00edrjon nek\u00fcnk b\u00e1rmikor.<\/p>\n<p class=\"\" data-start=\"1424\" data-end=\"1516\">\ud83c\udf0d Eur\u00f3p\u00e1b\u00f3l sz\u00e1ll\u00edtjuk \u2013 min\u0151s\u00e9gi, tesztelt <strong data-start=\"1499\" data-end=\"1515\">laptop-alkatr\u00e9szekkel<\/p>\n<p> szolg\u00e1ljuk ki \u00fcgyfeleinket vil\u00e1gszerte.<\/p>\n","protected":false},"excerpt":{"rendered":"<p class=\"\" data-start=\"552\" data-end=\"693\">Eredeti sarokgumi a Dell Latitude Rugged E7214-hez. Ide\u00e1lis a s\u00e9r\u00fclt l\u00f6kh\u00e1r\u00edt\u00f3k cser\u00e9j\u00e9hez \u00e9s a robusztus laptop v\u00e9delm\u00e9hez.<\/p>\n","protected":false},"featured_media":12075,"template":"","meta":[],"product_brand":[],"product_cat":[16],"product_tag":[17],"class_list":{"0":"post-12028","1":"product","2":"type-product","3":"status-publish","4":"has-post-thumbnail","6":"product_cat-laptop-housing","7":"product_tag-dell","9":"first","10":"instock","11":"taxable","12":"shipping-taxable","13":"purchasable","14":"product-type-simple"},"_links":{"self":[{"href":"https:\/\/boreait.com\/hu\/wp-json\/wp\/v2\/product\/12028","targetHints":{"allow":["GET"]}}],"collection":[{"href":"https:\/\/boreait.com\/hu\/wp-json\/wp\/v2\/product"}],"about":[{"href":"https:\/\/boreait.com\/hu\/wp-json\/wp\/v2\/types\/product"}],"wp:featuredmedia":[{"embeddable":true,"href":"https:\/\/boreait.com\/hu\/wp-json\/wp\/v2\/media\/12075"}],"wp:attachment":[{"href":"https:\/\/boreait.com\/hu\/wp-json\/wp\/v2\/media?parent=12028"}],"wp:term":[{"taxonomy":"product_brand","embeddable":true,"href":"https:\/\/boreait.com\/hu\/wp-json\/wp\/v2\/product_brand?post=12028"},{"taxonomy":"product_cat","embeddable":true,"href":"https:\/\/boreait.com\/hu\/wp-json\/wp\/v2\/product_cat?post=12028"},{"taxonomy":"product_tag","embeddable":true,"href":"https:\/\/boreait.com\/hu\/wp-json\/wp\/v2\/product_tag?post=12028"}],"curies":[{"name":"wp","href":"https:\/\/api.w.org\/{rel}","templated":true}]}}