{"id":12014,"date":"2025-09-17T13:34:00","date_gmt":"2025-09-17T11:34:00","guid":{"rendered":"https:\/\/boreait.com\/hu\/?post_type=product&#038;p=12014"},"modified":"2025-09-17T13:35:28","modified_gmt":"2025-09-17T11:35:28","slug":"eredeti-dell-latitude-7204-robusztus-intelligenskartya-olvaso-kartya-g0t8h-0g0t8h-kivalo-minosegu-laptop-alkatresz","status":"publish","type":"product","link":"https:\/\/boreait.com\/hu\/termek\/eredeti-dell-latitude-7204-robusztus-intelligenskartya-olvaso-kartya-g0t8h-0g0t8h-kivalo-minosegu-laptop-alkatresz\/","title":{"rendered":"Eredeti Dell Latitude 7204 robusztus intelligensk\u00e1rtya-olvas\u00f3 k\u00e1rtya G0T8H 0G0T8H \u2013 Kiv\u00e1l\u00f3 min\u0151s\u00e9g\u0171 laptop alkatr\u00e9sz"},"content":{"rendered":"<p class=\"\" data-start=\"848\" data-end=\"1170\">Friss\u00edtse vagy cser\u00e9lje ki az <strong data-start=\"871\" data-end=\"898\">okosk\u00e1rtya-olvas\u00f3 k\u00e1rty\u00e1t<\/strong> a <strong data-start=\"907\" data-end=\"936\">Dell Latitude 7204 Rugged <<\/strong> data=&#8221;9. data-end=&#8221;974&#8243;>Eredeti OEM-alkatr\u00e9sz<\/strong> (cikksz\u00e1m: <strong data-start=\"988\" data-end=\"997\">G0T8H<\/strong> \/ <strong data-start=\"1000\" data-end=\"1010\">0G0T8H<\/strong>). Ez a k\u00e1rtya elengedhetetlen eleme az intelligens k\u00e1rty\u00e1k olvas\u00e1s\u00e1nak, biztons\u00e1gos hozz\u00e1f\u00e9r\u00e9st \u00e9s z\u00f6kken\u0151mentes m\u0171k\u00f6d\u00e9st biztos\u00edtva az intelligens k\u00e1rty\u00e1s hiteles\u00edt\u00e9st haszn\u00e1l\u00f3 szakemberek sz\u00e1m\u00e1ra.<\/p>\n<h3 class=\"\" data-start=\"1172\" data-end=\"1189\">F\u0151bb jellemz\u0151k:<\/h3>\n<ul data-start=\"1190\" data-end=\"1613\">\n<li class=\"\" data-start=\"1190\" data-end=\"1284\">\n<p class=\"\" data-start=\"1192\" data-end=\"1284\"><strong data-start=\"1192\" data-end=\"1213\">Eredeti Dell alkatr\u00e9sz<\/strong>: 100%-ban hiteles \u00e9s kompatibilis a Dell Latitude 7204 robusztus laptopokkal.<\/p>\n<\/li>\n<li class=\"\" data-start=\"1285\" data-end=\"1378\">\n<p class=\"\" data-start=\"1287\" data-end=\"1378\"><strong data-start=\"1287\" data-end=\"1307\">Kiv\u00e1l\u00f3 min\u0151s\u00e9g\u0171 OEM<\/strong>: A legmagasabb szabv\u00e1nyok szerint gy\u00e1rtva, megb\u00edzhat\u00f3 teljes\u00edtm\u00e9nyt biztos\u00edtva.<\/p>\n<\/li>\n<li class=\"\" data-start=\"1379\" data-end=\"1472\">\n<p class=\"\" data-start=\"1381\" data-end=\"1472\"><strong data-start=\"1381\" data-end=\"1400\">K\u00f6nnyen telep\u00edthet\u0151<\/strong>: A s\u00e9r\u00fclt vagy nem m\u0171k\u00f6d\u0151 k\u00e1rtyaolvas\u00f3 k\u00e1rtya k\u00f6zvetlen cser\u00e9je.<\/p>\n<\/li>\n<li class=\"\" data-start=\"1473\" data-end=\"1613\">\n<p class=\"\" data-start=\"1475\" data-end=\"1613\"><strong data-start=\"1475\" data-end=\"1520\">Kompatibilis a Dell Latitude 7204 Rugged<\/strong>-el: kifejezetten a strapab\u00edr\u00f3 7204-es modellhez szabva, a katonai szabv\u00e1nyoknak megfelel\u0151en.<\/p>\n<\/li>\n<\/ul>\n<h3 class=\"\" data-start=\"1615\" data-end=\"1640\">Mi\u00e9rt v\u00e1lassza ezt a r\u00e9szt:<\/h3>\n<p class=\"\" data-start=\"1641\" data-end=\"2013\">Ha az intelligens k\u00e1rty\u00e1s hiteles\u00edt\u00e9sre t\u00e1maszkodik a biztons\u00e1gos bejelentkez\u00e9shez vagy digit\u00e1lis tranzakci\u00f3khoz, akkor ez a <strong data-start=\"1729\" data-end=\"1775\">Dell Latitude 7204 Smart Card Reader Board<\/strong> egy k\u00f6telez\u0151 csere. Ez biztos\u00edtja, hogy rendszere tov\u00e1bbra is maxim\u00e1lis hat\u00e9konys\u00e1ggal \u00e9s biztons\u00e1ggal m\u0171k\u00f6dj\u00f6n. Ak\u00e1r hib\u00e1s alkatr\u00e9szt cser\u00e9l, ak\u00e1r friss\u00edt, ez az eredeti alkatr\u00e9sz vissza\u00e1ll\u00edtja az eszk\u00f6z \u00fajszer\u0171 m\u0171k\u00f6d\u00e9s\u00e9t.<\/p>\n<h3 class=\"\" data-start=\"2015\" data-end=\"2042\">Tov\u00e1bbi inform\u00e1ci\u00f3:<\/h3>\n<ul data-start=\"2043\" data-end=\"2261\">\n<li class=\"\" data-start=\"2043\" data-end=\"2089\">\n<p class=\"\" data-start=\"2045\" data-end=\"2089\"><strong data-start=\"2045\" data-end=\"2058\">\u00c1llapot<\/strong>: vadonat\u00faj, eredeti Dell alkatr\u00e9sz.<\/p>\n<\/li>\n<li class=\"\" data-start=\"2090\" data-end=\"2150\">\n<p class=\"\" data-start=\"2092\" data-end=\"2150\"><strong data-start=\"2092\" data-end=\"2109\">Kompatibilit\u00e1s<\/strong>: Csak <strong data-start=\"2120\" data-end=\"2149\">Dell Latitude 7204 Rugged<\/strong> eset\u00e9n.<\/p>\n<\/li>\n<li class=\"\" data-start=\"2151\" data-end=\"2261\">\n?<\/p>\n<\/li>\n<\/ul>\n<p class=\"\" data-start=\"2263\" data-end=\"2403\">Ha seg\u00edts\u00e9gre van sz\u00fcks\u00e9ge a telep\u00edt\u00e9ssel kapcsolatban, vagy b\u00e1rmilyen k\u00e9rd\u00e9se van a kompatibilit\u00e1ssal kapcsolatban, forduljon hozz\u00e1nk bizalommal. Az\u00e9rt vagyunk itt, hogy seg\u00edts\u00fcnk!<\/p>\n","protected":false},"excerpt":{"rendered":"<p class=\"\" data-start=\"322\" data-end=\"618\">Ez az <strong data-start=\"327\" data-end=\"388\">Eredeti Dell Latitude 7204 robusztus intelligensk\u00e1rtya-olvas\u00f3k\u00e1rtya<\/strong> (cikksz\u00e1m: <strong data-start=\"402\" data-end=\"411\">G0T8H<\/strong>tart=&#8221;41 data<\/strong>&#8221; vagy data-end=&#8221;425&#8243;>0G0T8H<\/strong>) a Dell Latitude 7204 robusztus laptop s\u00e9r\u00fclt vagy hib\u00e1san m\u0171k\u00f6d\u0151 k\u00e1rtyaolvas\u00f3j\u00e1nak cser\u00e9j\u00e9re szolg\u00e1l. Kiv\u00e1l\u00f3 min\u0151s\u00e9g\u0171, OEM alkatr\u00e9sz, amely megb\u00edzhat\u00f3 teljes\u00edtm\u00e9nyt \u00e9s z\u00f6kken\u0151mentes m\u0171k\u00f6d\u00e9st biztos\u00edt.<\/p>\n<p class=\"\" data-start=\"620\" data-end=\"787\"><strong data-start=\"620\" data-end=\"636\">K\u00e9rj\u00fck, vegye figyelembe:<\/strong> A list\u00e1ban szerepl\u0151 fot\u00f3k pontosan arr\u00f3l a r\u00e9szr\u0151l sz\u00f3lnak, amelyet \u00d6n kap. Ha seg\u00edts\u00e9gre van sz\u00fcks\u00e9ge a telep\u00edt\u00e9shez vagy a kompatibilit\u00e1shoz, forduljon bizalommal!<\/p>\n","protected":false},"featured_media":12069,"template":"","meta":[],"product_brand":[],"product_cat":[27],"product_tag":[17],"class_list":{"0":"post-12014","1":"product","2":"type-product","3":"status-publish","4":"has-post-thumbnail","6":"product_cat-motherboards-board-parts","7":"product_tag-dell","9":"first","10":"instock","11":"taxable","12":"shipping-taxable","13":"purchasable","14":"product-type-simple"},"_links":{"self":[{"href":"https:\/\/boreait.com\/hu\/wp-json\/wp\/v2\/product\/12014","targetHints":{"allow":["GET"]}}],"collection":[{"href":"https:\/\/boreait.com\/hu\/wp-json\/wp\/v2\/product"}],"about":[{"href":"https:\/\/boreait.com\/hu\/wp-json\/wp\/v2\/types\/product"}],"wp:featuredmedia":[{"embeddable":true,"href":"https:\/\/boreait.com\/hu\/wp-json\/wp\/v2\/media\/12069"}],"wp:attachment":[{"href":"https:\/\/boreait.com\/hu\/wp-json\/wp\/v2\/media?parent=12014"}],"wp:term":[{"taxonomy":"product_brand","embeddable":true,"href":"https:\/\/boreait.com\/hu\/wp-json\/wp\/v2\/product_brand?post=12014"},{"taxonomy":"product_cat","embeddable":true,"href":"https:\/\/boreait.com\/hu\/wp-json\/wp\/v2\/product_cat?post=12014"},{"taxonomy":"product_tag","embeddable":true,"href":"https:\/\/boreait.com\/hu\/wp-json\/wp\/v2\/product_tag?post=12014"}],"curies":[{"name":"wp","href":"https:\/\/api.w.org\/{rel}","templated":true}]}}