{"id":12013,"date":"2025-09-17T13:34:00","date_gmt":"2025-09-17T11:34:00","guid":{"rendered":"https:\/\/boreait.com\/hu\/?post_type=product&#038;p=12013"},"modified":"2025-09-17T13:35:26","modified_gmt":"2025-09-17T11:35:26","slug":"laptop-alkatreszek-dc-tapcsatlakozo-kabel-a-dell-latitude-7404-5414-7214-5404-tdp-105hsr2-keszulekhez","status":"publish","type":"product","link":"https:\/\/boreait.com\/hu\/termek\/laptop-alkatreszek-dc-tapcsatlakozo-kabel-a-dell-latitude-7404-5414-7214-5404-tdp-105hsr2-keszulekhez\/","title":{"rendered":"Laptop alkatr\u00e9szek: DC t\u00e1pcsatlakoz\u00f3 k\u00e1bel a Dell Latitude 7404 5414 7214 5404 TDP-105HSR2 k\u00e9sz\u00fcl\u00e9khez"},"content":{"rendered":"<p class=\"\" data-start=\"562\" data-end=\"873\">Ez a <strong data-start=\"567\" data-end=\"605\">DC-in t\u00e1pk\u00e1bel csere<\/strong> egy kiv\u00e1l\u00f3 min\u0151s\u00e9g\u0171 alkatr\u00e9sz, amelyet a <strong data-start=\"646\" data-end=\"680\">Dell Latitude=&#8221;646&#8243; data-end=&#8221;680&#8243;>Dell Latitude=&#8221;69-9&#8243; strapab\u00edr\u00f3 modellekhez terveztek, bele\u00e9rtve a strapab\u00edr\u00f3 sorozatot<\/strong>. data-end=&#8221;729&#8243;>7404, 5414, 7214 \u00e9s 5404<\/strong>. Ak\u00e1r megs\u00e9r\u00fclt t\u00e1pcsatlakoz\u00f3t jav\u00edt, ak\u00e1r a folyamatos t\u00f6lt\u00e9si k\u00e9pess\u00e9get \u00e1ll\u00edtja helyre, ez a laptop-alkatr\u00e9sz pontosan illeszkedik eszk\u00f6z\u00e9hez.<\/p>\n<p class=\"\" data-start=\"875\" data-end=\"1118\">A cikksz\u00e1m <strong data-start=\"891\" data-end=\"914\">TDP-105HSR2-D-102-J<\/strong> biztos\u00edtja a kompatibilit\u00e1st \u00e9s a prec\u00edzi\u00f3s illeszked\u00e9st, \u00e9s seg\u00edt \u00e9letre kelteni robusztus Dell laptopj\u00e1t. <strong data-start=\"1025\" data-end=\"1041\">laptop alkatr\u00e9szekre<\/strong> specializ\u00e1l\u00f3dtunk, szem\u00e9lyes \u00e9s professzion\u00e1lis jav\u00edt\u00e1si ig\u00e9nyekhez egyar\u00e1nt Eur\u00f3p\u00e1ban \u00e9s vil\u00e1gszerte.<\/p>\n<p>?<br \/>\n?<\/p>\n","protected":false},"excerpt":{"rendered":"<p>Kompatibilis egyen\u00e1ram\u00fa t\u00e1pcsatlakoz\u00f3 k\u00e1bel csere a Dell Latitude 14 Rugged sorozathoz (7404, 5414, 7214, 5404). Tesztelt, val\u00f3s fot\u00f3k l\u00e1that\u00f3k.<\/p>\n","protected":false},"featured_media":12068,"template":"","meta":[],"product_brand":[],"product_cat":[20],"product_tag":[17],"class_list":{"0":"post-12013","1":"product","2":"type-product","3":"status-publish","4":"has-post-thumbnail","6":"product_cat-cables","7":"product_tag-dell","9":"first","10":"instock","11":"taxable","12":"shipping-taxable","13":"purchasable","14":"product-type-simple"},"_links":{"self":[{"href":"https:\/\/boreait.com\/hu\/wp-json\/wp\/v2\/product\/12013","targetHints":{"allow":["GET"]}}],"collection":[{"href":"https:\/\/boreait.com\/hu\/wp-json\/wp\/v2\/product"}],"about":[{"href":"https:\/\/boreait.com\/hu\/wp-json\/wp\/v2\/types\/product"}],"wp:featuredmedia":[{"embeddable":true,"href":"https:\/\/boreait.com\/hu\/wp-json\/wp\/v2\/media\/12068"}],"wp:attachment":[{"href":"https:\/\/boreait.com\/hu\/wp-json\/wp\/v2\/media?parent=12013"}],"wp:term":[{"taxonomy":"product_brand","embeddable":true,"href":"https:\/\/boreait.com\/hu\/wp-json\/wp\/v2\/product_brand?post=12013"},{"taxonomy":"product_cat","embeddable":true,"href":"https:\/\/boreait.com\/hu\/wp-json\/wp\/v2\/product_cat?post=12013"},{"taxonomy":"product_tag","embeddable":true,"href":"https:\/\/boreait.com\/hu\/wp-json\/wp\/v2\/product_tag?post=12013"}],"curies":[{"name":"wp","href":"https:\/\/api.w.org\/{rel}","templated":true}]}}