{"id":12012,"date":"2025-09-17T13:33:59","date_gmt":"2025-09-17T11:33:59","guid":{"rendered":"https:\/\/boreait.com\/hu\/?post_type=product&#038;p=12012"},"modified":"2025-09-17T13:35:25","modified_gmt":"2025-09-17T11:35:25","slug":"toltoport-dc-tapcsatlakozo-kabel-csere-a-dell-latitude-14-robusztus-e7214-laptop-alkatreszeihez","status":"publish","type":"product","link":"https:\/\/boreait.com\/hu\/termek\/toltoport-dc-tapcsatlakozo-kabel-csere-a-dell-latitude-14-robusztus-e7214-laptop-alkatreszeihez\/","title":{"rendered":"T\u00f6lt\u0151port DC t\u00e1pcsatlakoz\u00f3 k\u00e1bel csere a Dell Latitude 14 robusztus E7214 laptop alkatr\u00e9szeihez"},"content":{"rendered":"<p class=\"\" data-start=\"615\" data-end=\"872\">Nem t\u00f6lt\u0151dik megfelel\u0151en Dell Latitude 14 Rugged E7214 laptopja? A probl\u00e9ma egy hib\u00e1s DC t\u00e1pcsatlakoz\u00f3 lehet. Ez a <strong data-start=\"731\" data-end=\"780\">t\u00f6lt\u0151port egyen\u00e1ram\u00fa t\u00e1pcsatlakoz\u00f3 k\u00e1bel csere<\/strong> a t\u00f6k\u00e9letes megold\u00e1s laptopja t\u00e1pell\u00e1t\u00e1s\u00e1nak helyre\u00e1ll\u00edt\u00e1s\u00e1ra \u00e9s \u00e9lettartam\u00e1nak meghosszabb\u00edt\u00e1s\u00e1ra.<\/p>\n<p class=\"\" data-start=\"874\" data-end=\"1177\">Kifejezetten a <strong data-start=\"904\" data-end=\"937\">Dell Latitude 14 Rugged E7214<\/strong>hez tervezett cserealkatr\u00e9sz k\u00f6nnyen telep\u00edthet\u0151, z\u00f6kken\u0151mentes \u00e9lm\u00e9nyt biztos\u00edtva mind a jav\u00edt\u00e1si szakemberek, mind a bark\u00e1csol\u00f3k sz\u00e1m\u00e1ra. A kiv\u00e1l\u00f3 min\u0151s\u00e9g\u0171 fel\u00e9p\u00edt\u00e9s tart\u00f3s kapcsolatot garant\u00e1l, lehet\u0151v\u00e9 t\u00e9ve a laptop megszak\u00edt\u00e1sok n\u00e9lk\u00fcli t\u00f6lt\u00e9s\u00e9t.<\/p>\n<p class=\"\" data-start=\"1179\" data-end=\"1196\"><strong data-start=\"1179\" data-end=\"1196\">F\u0151bb jellemz\u0151k:<\/strong><\/p>\n<ul data-start=\"1197\" data-end=\"1630\">\n<li class=\"\" data-start=\"1197\" data-end=\"1288\">\n<p class=\"\" data-start=\"1199\" data-end=\"1288\"><strong data-start=\"1199\" data-end=\"1217\">Kompatibilit\u00e1s:<\/strong> T\u00f6k\u00e9letesen a Dell Latitude 14 Rugged E7214 laptopmodellhez tervezve.<\/p>\n<\/li>\n<li class=\"\" data-start=\"1289\" data-end=\"1378\">\n<p class=\"\" data-start=\"1291\" data-end=\"1378\"><strong data-start=\"1291\" data-end=\"1320\">Kiv\u00e1l\u00f3 min\u0151s\u00e9g\u0171 csere:<\/strong> Strapab\u00edr\u00f3 konstrukci\u00f3 a hosszan tart\u00f3 t\u00e1pcsatlakoz\u00e1shoz.<\/p>\n<\/li>\n<li class=\"\" data-start=\"1379\" data-end=\"1517\">\n<p class=\"\" data-start=\"1381\" data-end=\"1517\"><strong data-start=\"1381\" data-end=\"1403\">Egyszer\u0171 telep\u00edt\u00e9s:<\/strong> A t\u00e1pcsatlakoz\u00f3 cser\u00e9je egyszer\u0171, de ha seg\u00edts\u00e9gre van sz\u00fcks\u00e9ge, forduljon bizalommal \u2013 itt vagyok, \u00e9s seg\u00edtek!<\/p>\n<\/li>\n<li class=\"\" data-start=\"1518\" data-end=\"1630\">\n<p class=\"\" data-start=\"1520\" data-end=\"1630\"><strong data-start=\"1520\" data-end=\"1536\">Val\u00f3di fot\u00f3k:<\/strong> A list\u00e1ban szerepl\u0151 fot\u00f3k a t\u00e9nyleges term\u00e9kr\u0151l k\u00e9sz\u00fcltek, \u00edgy pontosan tudja, mit fog kapni.<\/p>\n<\/li>\n<\/ul>\n<p class=\"\" data-start=\"1632\" data-end=\"1783\"><strong data-start=\"1632\" data-end=\"1641\">Megjegyz\u00e9s:<\/strong> A cser\u00e9hez nem adunk utas\u00edt\u00e1sokat, de k\u00e9szs\u00e9ggel \u00e1llok rendelkez\u00e9s\u00e9re, ha k\u00e9rd\u00e9se van, vagy tov\u00e1bbi t\u00e1mogat\u00e1sra van sz\u00fcks\u00e9ge a telep\u00edt\u00e9s sor\u00e1n.<\/p>\n<p class=\"\" data-start=\"1785\" data-end=\"2053\">Ak\u00e1r technikus, ak\u00e1r laptop-tulajdonos, aki gyors jav\u00edt\u00e1sra szorul, ez a <strong data-start=\"1857\" data-end=\"1885\">laptop-alkatr\u00e9szcsere<\/strong> lehet\u0151v\u00e9 teszi a Dell Latitude 14 Rugged E7214 gyors m\u0171k\u00f6d\u00e9s\u00e9t. Ne hagyja, hogy a s\u00e9r\u00fclt t\u00f6lt\u0151port lelass\u00edtsa \u2013 rendeljen m\u00e9g ma megb\u00edzhat\u00f3, megfizethet\u0151 megold\u00e1s\u00e9rt!<\/p>\n","protected":false},"excerpt":{"rendered":"<p>Cser\u00e9lje ki a s\u00e9r\u00fclt vagy hib\u00e1s t\u00f6lt\u0151portot ezzel a kiv\u00e1l\u00f3 min\u0151s\u00e9g\u0171 egyen\u00e1ram\u00fa t\u00e1pk\u00e1bellel, amelyet kifejezetten a Dell Latitude 14 Rugged E7214-hez terveztek. Ez a cserealkatr\u00e9sz biztos\u00edtja, hogy laptopja visszanyerje teljes funkcionalit\u00e1s\u00e1t, megb\u00edzhat\u00f3 t\u00e1pell\u00e1t\u00e1st biztos\u00edtva az eszk\u00f6z sz\u00e1m\u00e1ra. Eredeti, strapab\u00edr\u00f3 \u00e9s k\u00f6nnyen telep\u00edthet\u0151, val\u00f3di fot\u00f3kat tartalmaz a t\u00e9nyleges term\u00e9kr\u0151l, amelyet megkap.<\/p>\n","protected":false},"featured_media":12067,"template":"","meta":[],"product_brand":[],"product_cat":[20],"product_tag":[17],"class_list":{"0":"post-12012","1":"product","2":"type-product","3":"status-publish","4":"has-post-thumbnail","6":"product_cat-cables","7":"product_tag-dell","9":"first","10":"instock","11":"taxable","12":"shipping-taxable","13":"purchasable","14":"product-type-simple"},"_links":{"self":[{"href":"https:\/\/boreait.com\/hu\/wp-json\/wp\/v2\/product\/12012","targetHints":{"allow":["GET"]}}],"collection":[{"href":"https:\/\/boreait.com\/hu\/wp-json\/wp\/v2\/product"}],"about":[{"href":"https:\/\/boreait.com\/hu\/wp-json\/wp\/v2\/types\/product"}],"wp:featuredmedia":[{"embeddable":true,"href":"https:\/\/boreait.com\/hu\/wp-json\/wp\/v2\/media\/12067"}],"wp:attachment":[{"href":"https:\/\/boreait.com\/hu\/wp-json\/wp\/v2\/media?parent=12012"}],"wp:term":[{"taxonomy":"product_brand","embeddable":true,"href":"https:\/\/boreait.com\/hu\/wp-json\/wp\/v2\/product_brand?post=12012"},{"taxonomy":"product_cat","embeddable":true,"href":"https:\/\/boreait.com\/hu\/wp-json\/wp\/v2\/product_cat?post=12012"},{"taxonomy":"product_tag","embeddable":true,"href":"https:\/\/boreait.com\/hu\/wp-json\/wp\/v2\/product_tag?post=12012"}],"curies":[{"name":"wp","href":"https:\/\/api.w.org\/{rel}","templated":true}]}}