{"id":12003,"date":"2025-09-17T13:33:33","date_gmt":"2025-09-17T11:33:33","guid":{"rendered":"https:\/\/boreait.com\/hu\/?post_type=product&#038;p=12003"},"modified":"2025-09-17T13:35:23","modified_gmt":"2025-09-17T11:35:23","slug":"eredeti-dell-latitude-7204-robusztus-intelligenskartya-olvaso-kartya-g0t8h-cserealkatresz-a-latitude-sorozathoz","status":"publish","type":"product","link":"https:\/\/boreait.com\/hu\/termek\/eredeti-dell-latitude-7204-robusztus-intelligenskartya-olvaso-kartya-g0t8h-cserealkatresz-a-latitude-sorozathoz\/","title":{"rendered":"EREDETI Dell Latitude 7204 robusztus intelligensk\u00e1rtya-olvas\u00f3 k\u00e1rtya G0T8H | Cserealkatr\u00e9sz a Latitude sorozathoz"},"content":{"rendered":"<p class=\"\" data-start=\"690\" data-end=\"1008\">Friss\u00edtse vagy cser\u00e9lje ki az <strong data-start=\"713\" data-end=\"740\">okosk\u00e1rtya-olvas\u00f3 k\u00e1rty\u00e1t<\/strong> a <strong data-start=\"749\" data-end=\"778\">Dell Latitude 7204 Rugged <<\/strong> data-&#8221; 7204 Rugged <<\/strong> data&#8221; laptopon data-end=&#8221;858&#8243;>EREDETI Dell Latitude 7204 Smart Card Reader Board (G0T8H)<\/strong>. A maxim\u00e1lis tart\u00f3ss\u00e1gra \u00e9s teljes\u00edtm\u00e9nyre tervezett alkatr\u00e9sz biztos\u00edtja a laptop z\u00f6kken\u0151mentes m\u0171k\u00f6d\u00e9s\u00e9t, k\u00fcl\u00f6n\u00f6sen zord \u00e9s meger\u0151ltet\u0151 k\u00f6rnyezetben.<\/p>\n<p class=\"\" data-start=\"1010\" data-end=\"1379\">Ak\u00e1r hib\u00e1s k\u00e1rtyaolvas\u00f3t cser\u00e9l, ak\u00e1r tov\u00e1bbfejlesztett biztons\u00e1gi funkci\u00f3kra friss\u00edt, ezt a r\u00e9szt kifejezetten a Dell Latitude 7204 Rugged modellhez tervezt\u00e9k. Az intelligensk\u00e1rtya-olvas\u00f3 kulcsfontoss\u00e1g\u00fa szerepet j\u00e1tszik a biztons\u00e1gos adathozz\u00e1f\u00e9r\u00e9s lehet\u0151v\u00e9 t\u00e9tel\u00e9ben \u00e9s a magas szint\u0171 hiteles\u00edt\u00e9sben, \u00edgy ide\u00e1lis \u00fczleti, katonai vagy terepmunk\u00e1hoz, ahol a biztons\u00e1g kulcsfontoss\u00e1g\u00fa.<\/p>\n<p class=\"\" data-start=\"1381\" data-end=\"1398\"><strong data-start=\"1381\" data-end=\"1398\">F\u0151bb jellemz\u0151k:<\/strong><\/p>\n<ul data-start=\"1399\" data-end=\"2051\">\n<li class=\"\" data-start=\"1399\" data-end=\"1551\">\n<p class=\"\" data-start=\"1401\" data-end=\"1551\"><strong data-start=\"1401\" data-end=\"1429\">Eredeti Dell csere<\/strong>: Ez egy hiteles, kiv\u00e1l\u00f3 min\u0151s\u00e9g\u0171 alkatr\u00e9sz, amely k\u00f6zvetlen\u00fcl a Dellt\u0151l sz\u00e1rmazik, \u00e9s biztos\u00edtja a kompatibilit\u00e1st \u00e9s a hossz\u00fa t\u00e1v\u00fa teljes\u00edtm\u00e9nyt.<\/p>\n<\/li>\n<li class=\"\" data-start=\"1552\" data-end=\"1626\">\n<p class=\"\" data-start=\"1554\" data-end=\"1626\"><strong data-start=\"1554\" data-end=\"1574\">Kompatibilis modell<\/strong>: t\u00f6k\u00e9letes <strong data-start=\"1588\" data-end=\"1617\">Dell Latitude 7204 robusztus<\/p>\n<p> laptopokhoz.<\/p>\n<\/li>\n<li class=\"\" data-start=\"1627\" data-end=\"1773\">\n<p class=\"\" data-start=\"1629\" data-end=\"1773\"><strong data-start=\"1629\" data-end=\"1650\">K\u00f6nny\u0171 telep\u00edt\u00e9s<\/strong>: b\u00e1r nem tartalmaz utas\u00edt\u00e1sokat, az alaplap egyszer\u0171 telep\u00edt\u00e9st tesz lehet\u0151v\u00e9. Seg\u00edts\u00e9g\u00e9rt forduljon hozz\u00e1nk bizalommal.<\/p>\n<\/li>\n<li class=\"\" data-start=\"1774\" data-end=\"1907\">\n<p class=\"\" data-start=\"1776\" data-end=\"1907\"><strong data-start=\"1776\" data-end=\"1799\">Val\u00f3di term\u00e9kfot\u00f3k<\/strong>: Az adatlapon szerepl\u0151 k\u00e9pek a t\u00e9nyleges r\u00e9szt t\u00fckr\u00f6zik, ami biztos\u00edtja az \u00e1tl\u00e1that\u00f3s\u00e1got \u00e9s az el\u00e9gedetts\u00e9get.<\/p>\n<\/li>\n<li class=\"\" data-start=\"1908\" data-end=\"2051\">\n<p class=\"\" data-start=\"1910\" data-end=\"2051\"><strong data-start=\"1910\" data-end=\"1929\">Glob\u00e1lis sz\u00e1ll\u00edt\u00e1s<\/strong>: Gyors \u00e9s megb\u00edzhat\u00f3 sz\u00e1ll\u00edt\u00e1st k\u00edn\u00e1lunk vil\u00e1gszerte, biztos\u00edtva, hogy alkatr\u00e9sze t\u00f6k\u00e9letes \u00e1llapotban \u00e9rkezzen, tart\u00f3zkod\u00e1si hely\u00e9t\u0151l f\u00fcggetlen\u00fcl.<\/p>\n<\/li>\n<\/ul>\n<p class=\"\" data-start=\"2053\" data-end=\"2181\">K\u00e9rj\u00fck, vegye figyelembe: Ha seg\u00edts\u00e9gre van sz\u00fcks\u00e9ge a telep\u00edt\u00e9ssel kapcsolatban, b\u00e1tran \u00edrjon nek\u00fcnk, \u00e9s \u00f6r\u00f6mmel \u00e1llunk rendelkez\u00e9s\u00e9re!<\/p>\n","protected":false},"excerpt":{"rendered":"<p>Ez a <strong data-start=\"342\" data-end=\"411\">EREDETI Dell Latitude 7204 robusztus intelligensk\u00e1rtya-olvas\u00f3 k\u00e1rtya (G0T8H)<\/strong> megb\u00edzhat\u00f3 cserealkatr\u00e9sz a Dell Latitude 7204 sorozat\u00fa laptopj\u00e1hoz. A tart\u00f3ss\u00e1gra tervezve optim\u00e1lis teljes\u00edtm\u00e9nyt biztos\u00edt zord k\u00f6rnyezetben. Szerezze meg az eszk\u00f6z m\u0171k\u00f6d\u0151k\u00e9pess\u00e9g\u00e9nek helyre\u00e1ll\u00edt\u00e1s\u00e1hoz sz\u00fcks\u00e9ges megb\u00edzhat\u00f3 min\u0151s\u00e9get.<\/p>\n","protected":false},"featured_media":12066,"template":"","meta":[],"product_brand":[],"product_cat":[27],"product_tag":[17],"class_list":{"0":"post-12003","1":"product","2":"type-product","3":"status-publish","4":"has-post-thumbnail","6":"product_cat-motherboards-board-parts","7":"product_tag-dell","9":"first","10":"instock","11":"taxable","12":"shipping-taxable","13":"purchasable","14":"product-type-simple"},"_links":{"self":[{"href":"https:\/\/boreait.com\/hu\/wp-json\/wp\/v2\/product\/12003","targetHints":{"allow":["GET"]}}],"collection":[{"href":"https:\/\/boreait.com\/hu\/wp-json\/wp\/v2\/product"}],"about":[{"href":"https:\/\/boreait.com\/hu\/wp-json\/wp\/v2\/types\/product"}],"wp:featuredmedia":[{"embeddable":true,"href":"https:\/\/boreait.com\/hu\/wp-json\/wp\/v2\/media\/12066"}],"wp:attachment":[{"href":"https:\/\/boreait.com\/hu\/wp-json\/wp\/v2\/media?parent=12003"}],"wp:term":[{"taxonomy":"product_brand","embeddable":true,"href":"https:\/\/boreait.com\/hu\/wp-json\/wp\/v2\/product_brand?post=12003"},{"taxonomy":"product_cat","embeddable":true,"href":"https:\/\/boreait.com\/hu\/wp-json\/wp\/v2\/product_cat?post=12003"},{"taxonomy":"product_tag","embeddable":true,"href":"https:\/\/boreait.com\/hu\/wp-json\/wp\/v2\/product_tag?post=12003"}],"curies":[{"name":"wp","href":"https:\/\/api.w.org\/{rel}","templated":true}]}}