{"id":12000,"date":"2025-09-17T13:33:32","date_gmt":"2025-09-17T11:33:32","guid":{"rendered":"https:\/\/boreait.com\/hu\/?post_type=product&#038;p=12000"},"modified":"2025-09-17T13:35:09","modified_gmt":"2025-09-17T11:35:09","slug":"oem-dell-latitude-7204-7214-ush-kb-csatlakozotabla-hua01-ytgdr-kabel-laptop-alkatresz","status":"publish","type":"product","link":"https:\/\/boreait.com\/hu\/termek\/oem-dell-latitude-7204-7214-ush-kb-csatlakozotabla-hua01-ytgdr-kabel-laptop-alkatresz\/","title":{"rendered":"OEM Dell Latitude 7204 7214 USH KB csatlakoz\u00f3t\u00e1bla HUA01 YTGDR + k\u00e1bel &#8211; laptop alkatr\u00e9sz"},"content":{"rendered":"<p class=\"\" data-start=\"677\" data-end=\"1042\">Ez a <strong data-start=\"682\" data-end=\"740\">OEM Dell USH KB Junction Board HUA01 (Dell P\/N: YTGDR)<\/strong> a <strong data-start=\"766\" data-top=\"78\">lap<\/strong> eredeti helyettes\u00edt\u0151je data-start=&#8221;790&#8243; data-end=&#8221;846&#8243;>Dell Latitude 12 Rugged Extreme 7204 \u00e9s 7214 sorozat<\/strong>. Ide\u00e1lis azoknak a szakembereknek \u00e9s technikusoknak, akik strapab\u00edr\u00f3 Dell laptopjaik teljes funkcionalit\u00e1s\u00e1t szeretn\u00e9k vissza\u00e1ll\u00edtani. Ez az alaplap az eredeti csatlakoz\u00f3k\u00e1bellel \u00e9rkezik a gyors \u00e9s biztons\u00e1gos telep\u00edt\u00e9s \u00e9rdek\u00e9ben.<\/p>\n<p class=\"\" data-start=\"1044\" data-end=\"1067\">\u2705 <strong data-start=\"1046\" data-end=\"1067\">Term\u00e9kjellemz\u0151k:<\/strong><\/p>\n<ul data-start=\"1068\" data-end=\"1417\">\n<li class=\"\" data-start=\"1068\" data-end=\"1140\">\n<p class=\"\" data-start=\"1070\" data-end=\"1140\"><strong data-start=\"1070\" data-end=\"1093\">Modell kompatibilit\u00e1s<\/strong>: Dell Latitude 12 Rugged Extreme 7204 \/ 7214<\/p>\n<\/li>\n<li class=\"\" data-start=\"1141\" data-end=\"1175\">\n<p class=\"\" data-start=\"1143\" data-end=\"1175\"><strong data-start=\"1143\" data-end=\"1158\">Alkatr\u00e9szsz\u00e1m<\/strong>: HUA01 \/ YTGDR<\/p>\n<\/li>\n<li class=\"\" data-start=\"1176\" data-end=\"1225\">\n<p class=\"\" data-start=\"1178\" data-end=\"1225\"><strong data-start=\"1178\" data-end=\"1190\">Tartalma<\/strong>: eloszt\u00f3k\u00e1rtya + eredeti k\u00e1bel<\/p>\n<\/li>\n<li class=\"\" data-start=\"1226\" data-end=\"1307\">\n<p class=\"\" data-start=\"1228\" data-end=\"1307\"><strong data-start=\"1228\" data-end=\"1241\">\u00c1llapot<\/strong>: M\u0171k\u00f6d\u0151 laptopokb\u00f3l kivonva, tesztelt \u00e9s garant\u00e1ltan m\u0171k\u00f6d\u0151k\u00e9pes<\/p>\n<\/li>\n<li class=\"\" data-start=\"1308\" data-end=\"1380\">\n<p class=\"\" data-start=\"1310\" data-end=\"1380\"><strong data-start=\"1310\" data-end=\"1333\">Val\u00f3di term\u00e9kk\u00e9pek<\/strong>: Pontosan azt kapod, amit l\u00e1tsz<\/p>\n<\/li>\n<li class=\"\" data-start=\"1381\" data-end=\"1417\">\n<p class=\"\" data-start=\"1383\" data-end=\"1417\"><strong data-start=\"1383\" data-end=\"1417\">Sz\u00e1ll\u00edt\u00e1s Eur\u00f3p\u00e1b\u00f3l az eg\u00e9sz vil\u00e1gon<\/strong><\/p>\n<\/li>\n<\/ul>\n<p class=\"\" data-start=\"1419\" data-end=\"1561\">\ud83d\udd27 <strong data-start=\"1422\" data-end=\"1437\">Megjegyz\u00e9s<\/strong>: Ez az elem nem tartalmazza a telep\u00edt\u00e9si utas\u00edt\u00e1sokat. Ha \u00fatmutat\u00e1sra van sz\u00fcks\u00e9ge, b\u00e1tran \u00edrjon nek\u00fcnk \u2013 sz\u00edvesen seg\u00edt\u00fcnk!<\/p>\n<p class=\"\" data-start=\"1563\" data-end=\"1808\">Ez egy kiv\u00e1l\u00f3 min\u0151s\u00e9g\u0171 <strong data-start=\"1586\" data-end=\"1613\">csere laptop alkatr\u00e9sz<\/strong> azoknak a felhaszn\u00e1l\u00f3knak, akik megb\u00edzhat\u00f3s\u00e1got \u00e9s eredeti OEM-szabv\u00e1nyokat k\u00f6vetelnek robusztus Dell rendszereikhez. K\u00fcl\u00f6n\u00f6sen ide\u00e1lis a tart\u00f3s laptopflott\u00e1t fenntart\u00f3 v\u00e1llalkoz\u00e1sok, m\u0171szaki szakemberek vagy IT-r\u00e9szlegek sz\u00e1m\u00e1ra.<\/p>\n","protected":false},"excerpt":{"rendered":"<p class=\"\" data-start=\"417\" data-end=\"590\">Eredeti OEM Dell USH KB Junction Board HUA01 YTGDR k\u00e1bellel, kompatibilis a Latitude 12 Rugged Extreme 7204 \u00e9s 7214 k\u00e9sz\u00fcl\u00e9kekkel. Val\u00f3di f\u00e9nyk\u00e9peket mell\u00e9kel\u00fcnk \u2013 amit l\u00e1tsz, azt kapod.<\/p>\n","protected":false},"featured_media":12054,"template":"","meta":[],"product_brand":[],"product_cat":[27],"product_tag":[17],"class_list":{"0":"post-12000","1":"product","2":"type-product","3":"status-publish","4":"has-post-thumbnail","6":"product_cat-motherboards-board-parts","7":"product_tag-dell","9":"first","10":"instock","11":"taxable","12":"shipping-taxable","13":"purchasable","14":"product-type-simple"},"_links":{"self":[{"href":"https:\/\/boreait.com\/hu\/wp-json\/wp\/v2\/product\/12000","targetHints":{"allow":["GET"]}}],"collection":[{"href":"https:\/\/boreait.com\/hu\/wp-json\/wp\/v2\/product"}],"about":[{"href":"https:\/\/boreait.com\/hu\/wp-json\/wp\/v2\/types\/product"}],"wp:featuredmedia":[{"embeddable":true,"href":"https:\/\/boreait.com\/hu\/wp-json\/wp\/v2\/media\/12054"}],"wp:attachment":[{"href":"https:\/\/boreait.com\/hu\/wp-json\/wp\/v2\/media?parent=12000"}],"wp:term":[{"taxonomy":"product_brand","embeddable":true,"href":"https:\/\/boreait.com\/hu\/wp-json\/wp\/v2\/product_brand?post=12000"},{"taxonomy":"product_cat","embeddable":true,"href":"https:\/\/boreait.com\/hu\/wp-json\/wp\/v2\/product_cat?post=12000"},{"taxonomy":"product_tag","embeddable":true,"href":"https:\/\/boreait.com\/hu\/wp-json\/wp\/v2\/product_tag?post=12000"}],"curies":[{"name":"wp","href":"https:\/\/api.w.org\/{rel}","templated":true}]}}