{"id":11999,"date":"2025-09-17T13:33:32","date_gmt":"2025-09-17T11:33:32","guid":{"rendered":"https:\/\/boreait.com\/hu\/?post_type=product&#038;p=11999"},"modified":"2025-09-17T13:35:02","modified_gmt":"2025-09-17T11:35:02","slug":"dell-latitude-e7214-robusztus-vedoburkolat-eredeti-alkatresz-laptopvedelem-2","status":"publish","type":"product","link":"https:\/\/boreait.com\/hu\/termek\/dell-latitude-e7214-robusztus-vedoburkolat-eredeti-alkatresz-laptopvedelem-2\/","title":{"rendered":"DELL Latitude E7214 robusztus v\u00e9d\u0151burkolat \u2013 eredeti alkatr\u00e9sz, laptopv\u00e9delem"},"content":{"rendered":"<p class=\"\" data-start=\"634\" data-end=\"983\">Megb\u00edzhat\u00f3 cser\u00e9t vagy friss\u00edt\u00e9st keres Dell Latitude Rugged E7214 k\u00e9sz\u00fcl\u00e9k\u00e9hez? Ez az <strong data-start=\"722\" data-end=\"750\">eredeti bor\u00edt\u00f3v\u00e9d\u0151<\/strong> a t\u00f6k\u00e9letes megold\u00e1s laptopja massz\u00edv v\u00e9delm\u00e9nek helyre\u00e1ll\u00edt\u00e1s\u00e1ra vagy meger\u0151s\u00edt\u00e9s\u00e9re. Kifejezetten a <strong data-start=\"859\" data-end=\"889\">Dell Latitude E7214 sorozathoz<\/strong> tervezt\u00e9k, szorosan, biztons\u00e1gosan illeszkedik, \u00e9s ugyanolyan szint\u0171 tart\u00f3ss\u00e1got k\u00edn\u00e1l, mint az eredeti alkatr\u00e9sz.<\/p>\n<p class=\"\" data-start=\"985\" data-end=\"1163\">Ak\u00e1r a jelenlegi bor\u00edt\u00f3ja megrepedt, karcos vagy hi\u00e1nyzik, ez a r\u00e9sz seg\u00edt meg\u0151rizni eszk\u00f6ze massz\u00edv s\u00e9rtetlens\u00e9g\u00e9t \u2013 szem\u00e9lyes haszn\u00e1latra \u00e9s professzion\u00e1lis k\u00f6rnyezetben egyar\u00e1nt t\u00f6k\u00e9letes.<\/p>\n<p class=\"\" data-start=\"1165\" data-end=\"1184\">\u2705 <strong data-start=\"1167\" data-end=\"1183\">F\u0151bb jellemz\u0151k<\/strong>:<\/p>\n<ul data-start=\"1185\" data-end=\"1475\">\n<li class=\"\" data-start=\"1185\" data-end=\"1236\">\n<p class=\"\" data-start=\"1187\" data-end=\"1236\">Eredeti <strong data-start=\"1195\" data-end=\"1210\">laptop alkatr\u00e9sz<\/strong> a Dell Latitude E7214-hez<\/p>\n<\/li>\n<li class=\"\" data-start=\"1237\" data-end=\"1284\">\n<p class=\"\" data-start=\"1239\" data-end=\"1284\">Kifejezetten a <strong data-start=\"1265\" data-end=\"1282\">Magas sorozat<\/strong><\/p>\n<p> sz\u00e1m\u00e1ra k\u00e9sz\u00fclt<\/p>\n<\/li>\n<li class=\"\" data-start=\"1285\" data-end=\"1344\">\n<p class=\"\" data-start=\"1287\" data-end=\"1344\">Tart\u00f3s konstrukci\u00f3 \u2013 neh\u00e9z k\u00f6r\u00fclm\u00e9nyekhez k\u00e9sz\u00fclt<\/p>\n<\/li>\n<li class=\"\" data-start=\"1345\" data-end=\"1411\">\n<p class=\"\" data-start=\"1347\" data-end=\"1411\">K\u00f6nnyen telep\u00edthet\u0151 szabv\u00e1nyos eszk\u00f6z\u00f6kkel (nincs hozz\u00e1 utas\u00edt\u00e1s)<\/p>\n<\/li>\n<li class=\"\" data-start=\"1412\" data-end=\"1475\">\n<p class=\"\" data-start=\"1414\" data-end=\"1475\">Val\u00f3di term\u00e9kfot\u00f3k \u2013 pontosan azt kapod, ami l\u00e1that\u00f3<\/p>\n<\/li>\n<\/ul>\n<p class=\"\" data-start=\"1477\" data-end=\"1720\">Ez az adatlap ide\u00e1lis azoknak az eur\u00f3pai \u00e9s vil\u00e1gszerte \u00e9l\u0151 \u00fcgyfeleknek, akik \u00e9rt\u00e9kelik a <strong data-start=\"1547\" data-end=\"1576\">j\u00f3 min\u0151s\u00e9g\u0171 laptop alkatr\u00e9szeket<\/strong> \u00e9s az egyszer\u0171, megb\u00edzhat\u00f3 elad\u00f3kat. Ha tov\u00e1bbi seg\u00edts\u00e9gre van sz\u00fcks\u00e9ge annak meghat\u00e1roz\u00e1s\u00e1hoz, hogy ez a megfelel\u0151 alkatr\u00e9sz-e az eszk\u00f6z\u00e9hez, nyugodtan \u00edrjon nek\u00fcnk.<\/p>\n<p class=\"\" data-start=\"1722\" data-end=\"1837\">\ud83d\udce6 <strong data-start=\"1725\" data-end=\"1733\">Megjegyz\u00e9s<\/strong>: Az adatlapon tal\u00e1lhat\u00f3 fot\u00f3k a t\u00e9nylegesen megkapott t\u00e9telt mutatj\u00e1k. Nincsenek k\u00e9zik\u00f6nyvek vagy telep\u00edt\u00e9si \u00fatmutat\u00f3k.<\/p>\n","protected":false},"excerpt":{"rendered":"<p>Eredeti bor\u00edt\u00f3v\u00e9d\u0151 Dell Latitude Rugged E7214-hez. Ide\u00e1lis a kopott vagy s\u00e9r\u00fclt alkatr\u00e9szek cser\u00e9j\u00e9hez \u00e9s a laptop v\u00e9delm\u00e9hez. Val\u00f3di fot\u00f3k \u2013 amit l\u00e1tsz, azt kapod.<\/p>\n","protected":false},"featured_media":12053,"template":"","meta":[],"product_brand":[],"product_cat":[16],"product_tag":[17],"class_list":{"0":"post-11999","1":"product","2":"type-product","3":"status-publish","4":"has-post-thumbnail","6":"product_cat-laptop-housing","7":"product_tag-dell","9":"first","10":"instock","11":"taxable","12":"shipping-taxable","13":"purchasable","14":"product-type-simple"},"_links":{"self":[{"href":"https:\/\/boreait.com\/hu\/wp-json\/wp\/v2\/product\/11999","targetHints":{"allow":["GET"]}}],"collection":[{"href":"https:\/\/boreait.com\/hu\/wp-json\/wp\/v2\/product"}],"about":[{"href":"https:\/\/boreait.com\/hu\/wp-json\/wp\/v2\/types\/product"}],"wp:featuredmedia":[{"embeddable":true,"href":"https:\/\/boreait.com\/hu\/wp-json\/wp\/v2\/media\/12053"}],"wp:attachment":[{"href":"https:\/\/boreait.com\/hu\/wp-json\/wp\/v2\/media?parent=11999"}],"wp:term":[{"taxonomy":"product_brand","embeddable":true,"href":"https:\/\/boreait.com\/hu\/wp-json\/wp\/v2\/product_brand?post=11999"},{"taxonomy":"product_cat","embeddable":true,"href":"https:\/\/boreait.com\/hu\/wp-json\/wp\/v2\/product_cat?post=11999"},{"taxonomy":"product_tag","embeddable":true,"href":"https:\/\/boreait.com\/hu\/wp-json\/wp\/v2\/product_tag?post=11999"}],"curies":[{"name":"wp","href":"https:\/\/api.w.org\/{rel}","templated":true}]}}