{"id":11986,"date":"2025-09-17T13:33:08","date_gmt":"2025-09-17T11:33:08","guid":{"rendered":"https:\/\/boreait.com\/hu\/?post_type=product&#038;p=11986"},"modified":"2025-09-17T13:34:45","modified_gmt":"2025-09-17T11:34:45","slug":"dell-latitude-robusztus-e7214-sarokgumi-eredeti-laptop-alkatresz-eu-raktaron-2","status":"publish","type":"product","link":"https:\/\/boreait.com\/hu\/termek\/dell-latitude-robusztus-e7214-sarokgumi-eredeti-laptop-alkatresz-eu-raktaron-2\/","title":{"rendered":"DELL Latitude robusztus E7214 sarokgumi | Eredeti laptop alkatr\u00e9sz EU rakt\u00e1ron"},"content":{"rendered":"<p class=\"\" data-start=\"696\" data-end=\"972\">Vissza\u00e1ll\u00edtsa strapab\u00edr\u00f3 laptopja tart\u00f3ss\u00e1g\u00e1t \u00e9s v\u00e9delm\u00e9t ezzel a <strong data-start=\"766\" data-end=\"823\">eredeti sarokgumival a DELL Latitude Rugged E7214-hez<\/strong>. Ez egy <strong data-start=\"835\" data-end=\"858\">eredeti laptop alkatr\u00e9sz<\/strong>, amelyet egy t\u00e9nyleges DELL E7214 egys\u00e9gb\u0151l t\u00e1vol\u00edtottak el, \u00e9s ide\u00e1lis az elhaszn\u00e1l\u00f3dott vagy hi\u00e1nyz\u00f3 sarokgumi v\u00e9d\u0151k p\u00f3tl\u00e1s\u00e1ra.<\/p>\n<p class=\"\" data-start=\"974\" data-end=\"1247\">Kifejezetten a <strong data-start=\"1004\" data-end=\"1029\">Latitude Rugged E7214<\/strong>hez tervezve, ez a csere biztos\u00edtja a t\u00f6k\u00e9letes illeszked\u00e9st \u00e9s meg\u0151rzi eszk\u00f6ze massz\u00edv integrit\u00e1s\u00e1t. Ak\u00e1r jav\u00edt\u00e1st, ak\u00e1r fel\u00faj\u00edt\u00e1st v\u00e9gez, ez a sarokgumi seg\u00edt megel\u0151zni a fizikai s\u00e9r\u00fcl\u00e9seket, mivel elnyeli az \u00fct\u00e9seket \u00e9s jav\u00edtja a tapad\u00e1st.<\/p>\n<p class=\"\" data-start=\"1249\" data-end=\"1677\">\u2705 <strong data-start=\"1251\" data-end=\"1272\">Term\u00e9k \u00e1llapota<\/strong>: Haszn\u00e1lt, tesztelt, kiv\u00e1l\u00f3 \u00e1llapotban<br data-start=\"1314\" data-end=\"1317\" \/>1317=&#8221;1317&#8243; \/>\u2705s&#8221; data-end=&#8221;1336&#8243;>Kompatibilit\u00e1s<\/strong>: csak DELL Latitude Rugged E7214<br data-start=\"1369\" data-end=\"1372\" \/>\u2705 <strong data-start=\"1374\" data-end=\"1390\">Eredeti alkatr\u00e9sz<\/strong>: K\u00f6zvetlen\u00fcl egy m\u0171k\u00f6d\u0151 egys\u00e9gb\u0151l sz\u00e1rmazik=&#8221;<br ut\u00f3lagos 6\" csere n\u00e9lk\u00fcl adatok \u00edrjon nek\u00fcnk<br data-start=\"1610\" data-end=\"1613\" \/>\u2705 <strong data-start=\"1615\" data-end=\"1636\">Sz\u00e1ll\u00edtm\u00e1nyok Eur\u00f3p\u00e1b\u00f3l<\/strong>: Gyors sz\u00e1ll\u00edt\u00e1s Eur\u00f3pa-szerte &amp; vil\u00e1gszerte<\/p>\n<p class=\"\" data-start=\"1679\" data-end=\"1755\">Minden <strong data-start=\"1683\" data-end=\"1716\">f\u00e9nyk\u00e9p a t\u00e9nyleges t\u00e9telr\u0151l k\u00e9sz\u00fclt<\/strong> \u2013 amit l\u00e1t, azt kapja meg.<\/p>\n<p class=\"\" data-start=\"1757\" data-end=\"2005\">Ez az adatlap a <strong data-start=\"1799\" data-end=\"1815\">laptopalkatr\u00e9szeink<\/strong> sz\u00e9les k\u00edn\u00e1lat\u00e1nak r\u00e9sze, amely a technol\u00f3gia szerelmesei, a jav\u00edt\u00f3m\u0171helyek \u00e9s a bark\u00e1csol\u00f3k sz\u00e1m\u00e1ra el\u00e9rhet\u0151. Fedezze fel a megb\u00edzhat\u00f3bb alkatr\u00e9szeket a siggm\u00f3ban, amely a min\u0151s\u00e9gi laptopcserealkatr\u00e9szek megb\u00edzhat\u00f3 forr\u00e1sa.<\/p>\n","protected":false},"excerpt":{"rendered":"<p>Eredeti sarokgumi DELL Latitude Rugged E7214-hez. Eredeti haszn\u00e1lt alkatr\u00e9sz kit\u0171n\u0151 \u00e1llapotban. T\u00f6k\u00e9letes a s\u00e9r\u00fclt vagy hi\u00e1nyz\u00f3 gumi p\u00f3tl\u00e1s\u00e1ra robusztus laptopj\u00e1n.<\/p>\n","protected":false},"featured_media":12039,"template":"","meta":[],"product_brand":[],"product_cat":[16],"product_tag":[17],"class_list":{"0":"post-11986","1":"product","2":"type-product","3":"status-publish","4":"has-post-thumbnail","6":"product_cat-laptop-housing","7":"product_tag-dell","9":"first","10":"instock","11":"taxable","12":"shipping-taxable","13":"purchasable","14":"product-type-simple"},"_links":{"self":[{"href":"https:\/\/boreait.com\/hu\/wp-json\/wp\/v2\/product\/11986","targetHints":{"allow":["GET"]}}],"collection":[{"href":"https:\/\/boreait.com\/hu\/wp-json\/wp\/v2\/product"}],"about":[{"href":"https:\/\/boreait.com\/hu\/wp-json\/wp\/v2\/types\/product"}],"wp:featuredmedia":[{"embeddable":true,"href":"https:\/\/boreait.com\/hu\/wp-json\/wp\/v2\/media\/12039"}],"wp:attachment":[{"href":"https:\/\/boreait.com\/hu\/wp-json\/wp\/v2\/media?parent=11986"}],"wp:term":[{"taxonomy":"product_brand","embeddable":true,"href":"https:\/\/boreait.com\/hu\/wp-json\/wp\/v2\/product_brand?post=11986"},{"taxonomy":"product_cat","embeddable":true,"href":"https:\/\/boreait.com\/hu\/wp-json\/wp\/v2\/product_cat?post=11986"},{"taxonomy":"product_tag","embeddable":true,"href":"https:\/\/boreait.com\/hu\/wp-json\/wp\/v2\/product_tag?post=11986"}],"curies":[{"name":"wp","href":"https:\/\/api.w.org\/{rel}","templated":true}]}}