{"id":11957,"date":"2025-09-17T13:32:20","date_gmt":"2025-09-17T11:32:20","guid":{"rendered":"https:\/\/boreait.com\/hu\/?post_type=product&#038;p=11957"},"modified":"2025-09-17T13:33:57","modified_gmt":"2025-09-17T11:33:57","slug":"dell-latitude-7214-7204-robusztus-m-2-ssd-merevlemez-caddy-eredeti-laptop-alkatresz","status":"publish","type":"product","link":"https:\/\/boreait.com\/hu\/termek\/dell-latitude-7214-7204-robusztus-m-2-ssd-merevlemez-caddy-eredeti-laptop-alkatresz\/","title":{"rendered":"DELL Latitude 7214 7204 robusztus M.2 SSD merevlemez Caddy \u2013 Eredeti laptop alkatr\u00e9sz"},"content":{"rendered":"<p class=\"\" data-start=\"514\" data-end=\"801\">Friss\u00edtse vagy cser\u00e9lje ki Dell Rugged laptopja t\u00e1rhely\u00e9t ezzel az <strong data-start=\"577\" data-end=\"619\">eredeti DELL M.2 SSD merevlemezes Caddy-vel<\/strong>, amely kompatibilis a k\u00f6vetkez\u0151kkel: <strong data-start=\"637\" 7 7Lat=\"637\" 2-14-4end Massz\u00edv sorozat<\/strong>ok. Ez egy <strong data-start=\"689\" data-end=\"712\">eredeti laptop alkatr\u00e9sz<\/strong>, amelyet gondosan elt\u00e1vol\u00edtottak, teszteltek \u00e9s lef\u00e9nyk\u00e9peztek, hogy biztosan azt kapja, amit l\u00e1t.<\/p>\n<p class=\"\" data-start=\"803\" data-end=\"1112\">Ide\u00e1lis azoknak a felhaszn\u00e1l\u00f3knak, akik <strong data-start=\"852\" data-end=\"869\">M.2 SSD-meghajt\u00f3t<\/strong> szeretn\u00e9nek telep\u00edteni vagy cser\u00e9lni robusztus Dell laptopjukba. Ez a caddy biztons\u00e1gos \u00e9s szoros illeszked\u00e9st biztos\u00edt az optim\u00e1lis teljes\u00edtm\u00e9ny \u00e9rdek\u00e9ben. Ak\u00e1r robusztus laptopparkot tart fenn, ak\u00e1r egyszer\u0171en vissza\u00e1ll\u00edtja a teljes funkcionalit\u00e1st, ez a merevlemez-tart\u00f3 megb\u00edzhat\u00f3 megold\u00e1s.<\/p>\n<p class=\"\" data-start=\"1114\" data-end=\"1420\">A <strong data-start=\"1131\" data-end=\"1147\">laptop alkatr\u00e9szekre<\/strong> szakosodunk, \u00e9s Eur\u00f3pa-szerte \u00e9s vil\u00e1gszerte sz\u00e1ll\u00edtunk. Ez az adatlap <strong data-start=\"1211\" data-end=\"1234\">val\u00f3di term\u00e9kfot\u00f3kat<\/strong> tartalmaz, nem stock k\u00e9peket \u2013 \u00edgy pontosan tudja, mit kap. K\u00e9rj\u00fck, vegye figyelembe: <strong data-start=\"1307\" data-end=\"1352\">nincs telep\u00edt\u00e9si utas\u00edt\u00e1s<\/strong>, de sz\u00edvesen seg\u00edt\u00fcnk, ha seg\u00edts\u00e9gre van sz\u00fcks\u00e9ge \u2013 csak k\u00fcldj\u00f6n nek\u00fcnk \u00fczenetet.<\/p>\n<hr class=\"\" data-start=\"1422\" data-end=\"1425\" \/>\n<p class=\"\" data-start=\"1427\" data-end=\"1446\"><strong data-start=\"1427\" data-end=\"1446\">\u2714 F\u0151bb jellemz\u0151k:<\/strong><\/p>\n<ul data-start=\"1447\" data-end=\"1694\">\n<li class=\"\" data-start=\"1447\" data-end=\"1485\">\n<p class=\"\" data-start=\"1449\" data-end=\"1485\">Eredeti Dell alkatr\u00e9sz \u2013 nem ut\u00e1ngy\u00e1rtott<\/p>\n<\/li>\n<li class=\"\" data-start=\"1486\" data-end=\"1546\">\n<p class=\"\" data-start=\"1488\" data-end=\"1546\">Kompatibilis a Dell Latitude <strong data-start=\"1518\" data-end=\"1526\">7214<\/strong> \u00e9s <strong data-start=\"1531\" data-end=\"1546\">7204 strapab\u00edr\u00f3<\/strong><\/p>\n<\/li>\n<li class=\"\" data-start=\"1547\" data-end=\"1582\">\n<p class=\"\" data-start=\"1549\" data-end=\"1582\">T\u00e1mogatja az <strong data-start=\"1558\" data-end=\"1582\">M.2 SSD telep\u00edt\u00e9s\u00e9t<\/strong><\/p>\n<\/li>\n<li class=\"\" data-start=\"1583\" data-end=\"1618\">\n<p class=\"\" data-start=\"1585\" data-end=\"1618\">Professzion\u00e1lisan kezelve \u00e9s tesztelve<\/p>\n<\/li>\n<li class=\"\" data-start=\"1619\" data-end=\"1646\">\n<p class=\"\" data-start=\"1621\" data-end=\"1646\">Val\u00f3di t\u00e9telfot\u00f3kat tartalmaz<\/p>\n<\/li>\n<li class=\"\" data-start=\"1647\" data-end=\"1694\">\n<p class=\"\" data-start=\"1649\" data-end=\"1694\">Sz\u00e1ll\u00edt\u00e1sok Eur\u00f3p\u00e1b\u00f3l \u2013 glob\u00e1lis sz\u00e1ll\u00edt\u00e1s el\u00e9rhet\u0151<\/p>\n<\/li>\n<\/ul>\n","protected":false},"excerpt":{"rendered":"<p class=\"\" data-start=\"280\" data-end=\"442\">Eredeti Dell M.2 SSD merevlemez-tart\u00f3 Latitude 7214 \u00e9s 7204 robusztus laptopokhoz. T\u00f6k\u00e9letes illeszked\u00e9s, tesztelt \u00e9s haszn\u00e1latra k\u00e9sz. Val\u00f3di fot\u00f3k \u2013 amit l\u00e1tsz, azt kapod.<\/p>\n","protected":false},"featured_media":12010,"template":"","meta":[],"product_brand":[],"product_cat":[16],"product_tag":[17],"class_list":{"0":"post-11957","1":"product","2":"type-product","3":"status-publish","4":"has-post-thumbnail","6":"product_cat-laptop-housing","7":"product_tag-dell","9":"first","10":"instock","11":"taxable","12":"shipping-taxable","13":"purchasable","14":"product-type-simple"},"_links":{"self":[{"href":"https:\/\/boreait.com\/hu\/wp-json\/wp\/v2\/product\/11957","targetHints":{"allow":["GET"]}}],"collection":[{"href":"https:\/\/boreait.com\/hu\/wp-json\/wp\/v2\/product"}],"about":[{"href":"https:\/\/boreait.com\/hu\/wp-json\/wp\/v2\/types\/product"}],"wp:featuredmedia":[{"embeddable":true,"href":"https:\/\/boreait.com\/hu\/wp-json\/wp\/v2\/media\/12010"}],"wp:attachment":[{"href":"https:\/\/boreait.com\/hu\/wp-json\/wp\/v2\/media?parent=11957"}],"wp:term":[{"taxonomy":"product_brand","embeddable":true,"href":"https:\/\/boreait.com\/hu\/wp-json\/wp\/v2\/product_brand?post=11957"},{"taxonomy":"product_cat","embeddable":true,"href":"https:\/\/boreait.com\/hu\/wp-json\/wp\/v2\/product_cat?post=11957"},{"taxonomy":"product_tag","embeddable":true,"href":"https:\/\/boreait.com\/hu\/wp-json\/wp\/v2\/product_tag?post=11957"}],"curies":[{"name":"wp","href":"https:\/\/api.w.org\/{rel}","templated":true}]}}